{"id":1004,"date":"2020-12-23T10:10:37","date_gmt":"2020-12-23T10:10:37","guid":{"rendered":"http:\/\/ludzie.fundacja-pih.pl\/?post_type=product&#038;p=1004"},"modified":"2025-05-16T14:10:47","modified_gmt":"2025-05-16T14:10:47","slug":"borowska-maria","status":"publish","type":"product","link":"http:\/\/ludzie.fundacja-pih.pl\/index.php\/product\/borowska-maria\/","title":{"rendered":"Borowska Maria"},"content":{"rendered":"<p>Urodzi\u0142a si\u0119 w 1939 roku w m. Stanimierz<\/p>\n<p>W latach 1982-1989 by\u0142a aktywn\u0105 wsp\u00f3\u0142pracowniczk\u0105 podziemnych struktur \u201eSolidarno\u015bci\u201d Regionu Mazowsze. Wykonywa\u0142a zadania kurierskie, przewo\u017c\u0105c hurtowe ilo\u015bci nielegalnych pism do Krakowa, Wroc\u0142awia i Zgorzelca, m.in.: \u201eTygodnika Wojennego\u201d, \u201eCDN \u2013 G\u0142osu Wolnego Robotnika\u201d, \u201eTygodnika Mazowsze\u201d oraz ksi\u0105\u017cek wydawnictw: NOWa, Kr\u0105g, CDN. By\u0142a wsp\u00f3\u0142pracowniczk\u0105 Grup Oporu Solidarni. Odpowiada\u0142a za przygotowanie transparent\u00f3w. Wykonywa\u0142a prace introligatorskie w Oficynie Wydawniczej \u201eRytm\u201d. By\u0142a zwi\u0105zana z parafi\u0105 \u015bw. Stanis\u0142awa Kostki w Warszawie, w kt\u00f3rej tworzy\u0142a dekoracje do Mszy za Ojczyzn\u0119, organizowa\u0142a pomoc represjonowanym i ich rodzinom. W latach 1987 &#8211; 1989 by\u0142a cz\u0142onkiem warszawskiego oddzia\u0142u \u201eSolidarno\u015bci Walcz\u0105cej\u201d i \u201ePolskiej Partii Niepodleg\u0142o\u015bciowej\u201d. Udost\u0119pnia\u0142a swoje mieszkanie na spotkania konspiracyjne i druk wydawnictw podziemnych. W 2015 roku zosta\u0142a odznaczona Krzy\u017cem Oficerskim Orderu Odrodzenia Polski, a w 2019 roku Medalem Stulecia Odzyskania Niepodleg\u0142o\u015bci. W 2016 roku uzyska\u0142a status dzia\u0142acza opozycji antykomunistycznej przyznany przez Urz\u0105d do Spraw Kombatant\u00f3w i Os\u00f3b Represjonowanych.<\/p>\n","protected":false},"excerpt":{"rendered":"<p>Urodzi\u0142a si\u0119 w 1939 roku w m. Stanimierz W latach 1982-1989 by\u0142a aktywn\u0105 wsp\u00f3\u0142pracowniczk\u0105 podziemnych struktur \u201eSolidarno\u015bci\u201d Regionu Mazowsze. Wykonywa\u0142a zadania kurierskie, przewo\u017c\u0105c hurtowe ilo\u015bci nielegalnych pism do Krakowa, Wroc\u0142awia i Zgorzelca, m.in.: \u201eTygodnika Wojennego\u201d, \u201eCDN \u2013 G\u0142osu Wolnego Robotnika\u201d, \u201eTygodnika Mazowsze\u201d oraz ksi\u0105\u017cek wydawnictw: NOWa, Kr\u0105g, CDN. By\u0142a wsp\u00f3\u0142pracowniczk\u0105 Grup Oporu Solidarni. Odpowiada\u0142a za [&hellip;]<\/p>\n","protected":false},"featured_media":1005,"template":"","meta":[],"_links":{"self":[{"href":"http:\/\/ludzie.fundacja-pih.pl\/index.php\/wp-json\/wp\/v2\/product\/1004"}],"collection":[{"href":"http:\/\/ludzie.fundacja-pih.pl\/index.php\/wp-json\/wp\/v2\/product"}],"about":[{"href":"http:\/\/ludzie.fundacja-pih.pl\/index.php\/wp-json\/wp\/v2\/types\/product"}],"wp:featuredmedia":[{"embeddable":true,"href":"http:\/\/ludzie.fundacja-pih.pl\/index.php\/wp-json\/wp\/v2\/media\/1005"}],"wp:attachment":[{"href":"http:\/\/ludzie.fundacja-pih.pl\/index.php\/wp-json\/wp\/v2\/media?parent=1004"}],"curies":[{"name":"wp","href":"https:\/\/api.w.org\/{rel}","templated":true}]}}