{"id":1013,"date":"2021-01-07T11:31:36","date_gmt":"2021-01-07T11:31:36","guid":{"rendered":"http:\/\/ludzie.fundacja-pih.pl\/?post_type=product&#038;p=1013"},"modified":"2025-05-16T14:10:49","modified_gmt":"2025-05-16T14:10:49","slug":"stachniuk-marian","status":"publish","type":"product","link":"http:\/\/ludzie.fundacja-pih.pl\/index.php\/product\/stachniuk-marian\/","title":{"rendered":"Stachniuk Marian"},"content":{"rendered":"<p>Urodzi\u0142 si\u0119 8 wrze\u015bnia 1955 w Krakowie<\/p>\n<p>In\u017cynier Metalurg. Uko\u0144czy\u0142 studia w Akademii G\u00f3rniczo-Hutniczej w Krakowie. W 1980 roku zaanga\u017cowa\u0142 si\u0119 w dzia\u0142alno\u015b\u0107 opozycyjn\u0105. By\u0142 wydawc\u0105, redaktorem i drukarzem. Wsp\u00f3\u0142zak\u0142ada\u0142 i szefowa\u0142 ugrupowaniu konspiracyjnemu pod nazw\u0105 Porozumienie Prasowe \u201cSolidarno\u015b\u0107 Zwyci\u0119\u017cy\u201d. By\u0142a to kadrowa i w\u0105ska grupa kilkudziesi\u0119ciu os\u00f3b wydaj\u0105cych i drukuj\u0105cych 13 tytu\u0142\u00f3w pism podziemnych w 7 miastach Polski. PP \u201dSZ\u201d by\u0142o baz\u0105 poligraficzn\u0105 (druk podstawowy, dodruk, druk w sytuacjach awaryjnych i dora\u017anych) dla 29 redakcji pism podziemia w r\u00f3\u017cnych regionach Polski. Opr\u00f3cz podziemnych gazet, PP \u201dSZ\u201d drukowa\u0142a ksi\u0105\u017cki, kalendarze, plakaty i ulotki. Marian Stachniuk koordynowa\u0142 pomoc dla os\u00f3b poszukiwanych listami go\u0144czymi oraz dla ich rodzin. Nadrz\u0119dnym zadaniem PP \u201dSZ\u201d by\u0142o przede wszystkim wspieranie podziemnych struktur zdelegalizowanego NSZZ \u201dSolidarno\u015b\u0107\u201d poprzez propagowanie idei niepodleg\u0142o\u015bciowych w my\u015bl has\u0142a \u201caby nie zatraca\u0107 si\u0119 w biernym oporze, lecz wspomaga\u0107 go czynem\u201d. Po wprowadzeniu stanu wojennego, 13 grudnia 1981 roku zosta\u0142 zwolniony z pracy. By\u0142 tw\u00f3rc\u0105 i wydawc\u0105 biuletynu \u201eSolidarno\u015b\u0107 Zwyci\u0119\u017cy\u201d wydawanego od maja 1982 roku do stycznia 1990 roku. Podj\u0105\u0142 \u015bcis\u0142\u0105 wsp\u00f3\u0142prac\u0119 z podziemnymi strukturami zdelegalizowanego NSZZ \u201eSolidarno\u015b\u0107\u201d Regionu Ma\u0142opolska: RKS oraz Tajn\u0105 Komisj\u0105 Robotnicz\u0105 Hutnik\u00f3w w Nowej Hucie. \u015aci\u015ble wsp\u00f3\u0142pracowa\u0142 r\u00f3wnie\u017c z Liberalno \u2013 Demokratyczn\u0105 Parti\u0105 \u201eNiepodleg\u0142o\u015b\u0107\u201d, Og\u00f3lnopolskim Komitetem Oporu Rolnik\u00f3w oraz z wroc\u0142awsk\u0105 \u201eSolidarno\u015bci\u0105 Walcz\u0105c\u0105\u201d. W maju 1985 razem z Piotrem Hlebowiczem zostali zaprzysi\u0119\u017ceni na cz\u0142onk\u00f3w \u201eSolidarno\u015bci Walcz\u0105cej\u201d, co doprowadzi\u0142o do powstania krakowskiego oddzia\u0142u \u201eSolidarno\u015bci Walcz\u0105cej\u201d. Marian Stachniuk zosta\u0142 pierwszym liderem tej grupy. Funkcj\u0119 t\u0119 pe\u0142ni\u0142 do momentu aresztowania w lipcu 1986 za tzw. \u201eSpraw\u0119 Terroryst\u00f3w Krakowskich\u201d (przygotowanie wyrzutni prochowych do wystrzelenia 1 maja 1986 na Rynku G\u0142\u00f3wnym w Krakowie ulotek i gaz\u00f3w \u0142zawi\u0105cych). Zosta\u0142 zwolniony z aresztu na podstawie amnestii jesieni\u0105 1987 roku. Po wyj\u015bciu z aresztu nie m\u00f3g\u0142 znale\u017a\u0107 zatrudnienia, wi\u0119c po pewnym czasie musia\u0142 podj\u0105\u0107 prac\u0119 poza granicami Polski. Zosta\u0142 odznaczony Krzy\u017cem Kawalerskim Orderu Odrodzenia Polski, Krzy\u017cem Wolno\u015bci i Solidarno\u015bci oraz Krzy\u017cem Solidarno\u015bci Walcz\u0105cej.<\/p>\n","protected":false},"excerpt":{"rendered":"<p>Urodzi\u0142 si\u0119 8 wrze\u015bnia 1955 w Krakowie In\u017cynier Metalurg. Uko\u0144czy\u0142 studia w Akademii G\u00f3rniczo-Hutniczej w Krakowie. W 1980 roku zaanga\u017cowa\u0142 si\u0119 w dzia\u0142alno\u015b\u0107 opozycyjn\u0105. By\u0142 wydawc\u0105, redaktorem i drukarzem. Wsp\u00f3\u0142zak\u0142ada\u0142 i szefowa\u0142 ugrupowaniu konspiracyjnemu pod nazw\u0105 Porozumienie Prasowe \u201cSolidarno\u015b\u0107 Zwyci\u0119\u017cy\u201d. By\u0142a to kadrowa i w\u0105ska grupa kilkudziesi\u0119ciu os\u00f3b wydaj\u0105cych i drukuj\u0105cych 13 tytu\u0142\u00f3w pism podziemnych [&hellip;]<\/p>\n","protected":false},"featured_media":1014,"template":"","meta":[],"_links":{"self":[{"href":"http:\/\/ludzie.fundacja-pih.pl\/index.php\/wp-json\/wp\/v2\/product\/1013"}],"collection":[{"href":"http:\/\/ludzie.fundacja-pih.pl\/index.php\/wp-json\/wp\/v2\/product"}],"about":[{"href":"http:\/\/ludzie.fundacja-pih.pl\/index.php\/wp-json\/wp\/v2\/types\/product"}],"wp:featuredmedia":[{"embeddable":true,"href":"http:\/\/ludzie.fundacja-pih.pl\/index.php\/wp-json\/wp\/v2\/media\/1014"}],"wp:attachment":[{"href":"http:\/\/ludzie.fundacja-pih.pl\/index.php\/wp-json\/wp\/v2\/media?parent=1013"}],"curies":[{"name":"wp","href":"https:\/\/api.w.org\/{rel}","templated":true}]}}