{"id":1021,"date":"2021-01-07T11:58:10","date_gmt":"2021-01-07T11:58:10","guid":{"rendered":"http:\/\/ludzie.fundacja-pih.pl\/?post_type=product&#038;p=1021"},"modified":"2025-05-16T14:10:50","modified_gmt":"2025-05-16T14:10:50","slug":"anna-hlebowicz","status":"publish","type":"product","link":"http:\/\/ludzie.fundacja-pih.pl\/index.php\/product\/anna-hlebowicz\/","title":{"rendered":"Hlebowicz Anna"},"content":{"rendered":"<p>Urodzi\u0142a si\u0119 12 listopada 1934 w Pcimiu, zmar\u0142a 10 lipca 2004 w Krakowie.<\/p>\n<p>Absolwentka presti\u017cowego Liceum Plastycznego im. Kenara w Zakopanem oraz Akademii Sztuk Plastycznych im Jana Matejki w Krakowie. Od 1980 roku wspomaga\u0142a dzia\u0142alno\u015b\u0107 m\u0119\u017ca Jerzego Hlebowicza i syna Piotra Hlebowicza. Po wprowadzeniu stanu wojennego wykonywa\u0142a linoryty i projekty plakat\u00f3w podziemnych. We wrze\u015bniu 1982 roku wraz z m\u0119\u017cem ukrywa\u0142a dzia\u0142acza boche\u0144skiej \u201eSolidarno\u015bci\u201d J\u00f3zefa Mroczka. Od tego czasu w domu Hlebowicz\u00f3w dzia\u0142a\u0142a podziemna drukarnia, a w latach 1983 &#8211; 1984 pod pracowni\u0105 Anny Hlebowicz powsta\u0142 bunkier \u2013 tajna drukarnia \u201eWilno\u201d im. gen. Leopolda Okulickiego \u201eNied\u017awiadka\u201d, kt\u00f3ra dzia\u0142a\u0142a do roku 1990. Anna Hlebowicz pomaga\u0142a w zdobywaniu papieru do druku i kartek \u017cywno\u015bciowych dla ukrywaj\u0105cego si\u0119 Czes\u0142awa Mroczka. Przewozi\u0142a do Krakowa ulotki i drukowane w domowej, podziemnej drukarni czasopisma. Cz\u0119\u015b\u0107 z nich kolportowa\u0142a w \u015brodowisku artystycznym (nale\u017ca\u0142a do Zwi\u0105zku Polskich Artyst\u00f3w Plastyk\u00f3w). W 1983 roku czasie dw\u00f3ch rewizji, na pro\u015bb\u0119 syna Piotra zaj\u0119\u0142a rozmow\u0105 funkcjonariuszy SB, po to by w tym czasie z drugiego pokoju syn zd\u0105\u017cy\u0142 wynie\u015b\u0107 przez okno do ogrodu maszyn\u0119 do pisania, matryce, farb\u0119 i je ukry\u0107. Od 1985 roku by\u0142a wsp\u00f3\u0142pracownic\u0105 krakowskiego oddzia\u0142u \u201eSolidarno\u015bci Walcz\u0105cej\u201d. Nale\u017ca\u0142a do \u201eSolidarno\u015bci Rolnik\u00f3w\u201d oraz podziemnej organizacji \u201eOg\u00f3lnopolski Komitet Oporu Rolnik\u00f3w\u201d za\u0142o\u017conej przez p\u0142k. Armii Krajowej J\u00f3zefa Telig\u0119. Teliga, w trakcie swego ukrywania si\u0119 oraz o wyj\u015bciu z wi\u0119zienia, kilkakrotnie przyje\u017cd\u017ca\u0142 do domu Hlebowicz\u00f3w. Dom Anny i Jerzego Hlebowicz\u00f3w by\u0142 zawsze otwarty dla dzia\u0142aczy opozycji niepodleg\u0142o\u015bciowej. Wielokrotnie przyje\u017cd\u017ca\u0142a tu ukrywaj\u0105ca si\u0119 i poszukiwana listem go\u0144czym Janina Jadwiga Chmielowska. Z powodu ci\u0105g\u0142ych odwiedzin bardzo du\u017cej liczby go\u015bci, zw\u0142aszcza ze \u015brodowisk artystycznych, dom w Zag\u00f3rzanach trudny by\u0142 do obserwacji i S\u0142u\u017cba Bezpiecze\u0144stwa tylko wyrywkowo, w dodatku bez rezultat\u00f3w, inwigilowa\u0142a rodzin\u0119 Hlebowicz\u00f3w. Po\u015bmiertnie, w 2009 roku, Anna Hlebowicz zosta\u0142a odznaczona Krzy\u017cem Komandorskim Orderu Odrodzenia Polski, a w 2020 roku Krzy\u017cem Wolno\u015bci i Solidarno\u015bci.<\/p>\n","protected":false},"excerpt":{"rendered":"<p>Urodzi\u0142a si\u0119 12 listopada 1934 w Pcimiu, zmar\u0142a 10 lipca 2004 w Krakowie. Absolwentka presti\u017cowego Liceum Plastycznego im. Kenara w Zakopanem oraz Akademii Sztuk Plastycznych im Jana Matejki w Krakowie. Od 1980 roku wspomaga\u0142a dzia\u0142alno\u015b\u0107 m\u0119\u017ca Jerzego Hlebowicza i syna Piotra Hlebowicza. Po wprowadzeniu stanu wojennego wykonywa\u0142a linoryty i projekty plakat\u00f3w podziemnych. We wrze\u015bniu 1982 [&hellip;]<\/p>\n","protected":false},"featured_media":1022,"template":"","meta":[],"_links":{"self":[{"href":"http:\/\/ludzie.fundacja-pih.pl\/index.php\/wp-json\/wp\/v2\/product\/1021"}],"collection":[{"href":"http:\/\/ludzie.fundacja-pih.pl\/index.php\/wp-json\/wp\/v2\/product"}],"about":[{"href":"http:\/\/ludzie.fundacja-pih.pl\/index.php\/wp-json\/wp\/v2\/types\/product"}],"wp:featuredmedia":[{"embeddable":true,"href":"http:\/\/ludzie.fundacja-pih.pl\/index.php\/wp-json\/wp\/v2\/media\/1022"}],"wp:attachment":[{"href":"http:\/\/ludzie.fundacja-pih.pl\/index.php\/wp-json\/wp\/v2\/media?parent=1021"}],"curies":[{"name":"wp","href":"https:\/\/api.w.org\/{rel}","templated":true}]}}