{"id":1034,"date":"2021-01-07T12:16:11","date_gmt":"2021-01-07T12:16:11","guid":{"rendered":"http:\/\/ludzie.fundacja-pih.pl\/?post_type=product&#038;p=1034"},"modified":"2025-05-16T14:10:53","modified_gmt":"2025-05-16T14:10:53","slug":"kucharski-andrzej","status":"publish","type":"product","link":"http:\/\/ludzie.fundacja-pih.pl\/index.php\/product\/kucharski-andrzej\/","title":{"rendered":"Kucharski Andrzej"},"content":{"rendered":"<p>Urodzi\u0142 si\u0119 1 stycznia 1946 roku w Rzeszowie, a zmar\u0142 21 stycznia 2015 w Rzeszowie.  <\/p>\n<p>W latach 1965 \u2013 1968 studiowa\u0142 na Wydziale Metalurgii w Akademii G\u00f3rniczo-Hutniczej w Krakowie. W marcu 1968 roku bra\u0142 udzia\u0142 w wiecach studenckich na AGH i w zwi\u0105zku z tym zosta\u0142 relegowany ze studi\u00f3w. W latach 1968 \u2013 1970 odbywa\u0142 zasadnicz\u0105 s\u0142u\u017cb\u0119 wojskow\u0105. W latach 1970 \u2013 1973 pracowa\u0142 w Przedsi\u0119biorstwie Instalacji Przemys\u0142owych Instal w Rzeszowie. W latach 1973 \u2013 1990 by\u0142 zatrudniony w rzeszowskim Inwestprojekcie. We wrze\u015bniu 1980 wst\u0105pi\u0142 do NSZZ \u201eSolidarno\u015b\u0107, organizowa\u0142 Komitet Za\u0142o\u017cycielski, a nast\u0119pnie obj\u0105\u0142 funkcj\u0119 wiceprzewodnicz\u0105cego KZ w Inwestprojekcie. By\u0142 te\u017c wsp\u00f3\u0142organizatorem MKZ w Rzeszowie. Po wprowadzeniu stanu wojennego zosta\u0142 dzia\u0142aczem podziemia. Wsp\u00f3\u0142organiozowa\u0142  pomoc dla rodzin os\u00f3b internowanych i kolportowa\u0142 pras\u0119 podziemn\u0105. 20 lutego 1982 roku zosta\u0142 internowany i osadzony w O\u015brodku Odosobnienia w Za\u0142\u0119\u017cu k. Rzeszowa. Zwolniono go 1 lipca 1982 roku. Po wyj\u015bciu na wolno\u015b\u0107, zosta\u0142 wsp\u00f3\u0142organizatorem rzeszowskich struktur Porozumienia Prasowego \u201eSolidarno\u015b\u0107 Zwyci\u0119\u017cy\u201d. Wsp\u00f3\u0142redagowa\u0142 tak\u017ce wydawany od marca do lipca 1983 roku biuletyn spo\u0142eczno-polityczny \u201eInformator Rzeszowski\u201d. By\u0142 wsp\u00f3\u0142za\u0142o\u017cycielem rzeszowskiego oddzia\u0142u \u201eSolidarno\u015bci Walcz\u0105cej\u201d, do lipca 1989 roku przewodnicz\u0105cym Komitetu Wykonawczego i koordynatorem kontakt\u00f3w z SW we Wroc\u0142awiu i oddzia\u0142ami w Warszawie i \u0141odzi, nast\u0119pnie w Lublinie i Krakowie. W latach 1984 \u2013 1989 organizowa\u0142 i redagowa\u0142 organ prasowy rzeszowskiej SW pt. \u201eGalicja\u201d. W maju 1984 roku zosta\u0142 aresztowany. W lipcu tego samego roku zwolniono go na mocy amnestii. Od sierpnia do listopada 1984 roku by\u0142 wsp\u00f3\u0142organizatorem i redaktorem audycji podziemnego Radia Wolna Polska. W latach 1982 \u2013 1989 Andrzej Kucharski by\u0142 wielokrotnie zatrzymywany na 48 godzin (ostatni raz w grudniu 1988 roku), przes\u0142uchiwany, zastraszany, jego mieszkanie by\u0142o poddawane rewizjom, pi\u0119ciokrotnie by\u0142 r\u00f3wnie\u017c skazywany przez kolegium ds. wykrocze\u0144 na kary grzywny. W 1989 by\u0142 przeciwnikiem porozumie\u0144 Okr\u0105g\u0142ego Sto\u0142u i zwolennikiem bojkotu wybor\u00f3w 4 czerwca. W 2006 roku przeszed\u0142 na rent\u0119, a nast\u0119pnie na emerytur\u0119. W 2014 roku zosta\u0142 odznaczony Krzy\u017cem Wolno\u015bci i Solidarno\u015bci.<br \/>\nOd 19 listopada 1979 roku do 16 lutego 1990 roku by\u0142 rozpracowywany przez Wydz. IIIA\/V KW MO\/WUSW w Rzeszowie w ramach SOR o kryptonimie \u201eExbud\u201d. Od 11 pa\u017adziernika 1980 roku do  3 maja 1984 roku w ramach SO o kryptonimie \u201eAzymut\u201d. Od 16 stycznia 1981 roku do 5 lutego 1990 roku w ramach KE o kryptonimie  \u201eKlon\u201d\/SOR o kryptonimie \u201eOp\u00f3r\u201d. Od 16 grudnia 1981 roku do 26 marca 1983 roku przez Wydz. III KW MO w Rzeszowie w ramach SOR o kryptonimie Kotwica. Od 20 lutego 1982 roku do 20 kwietnia 1990 roku przez Wydz. V KW MO\/WUSW w Rzeszowie w ramach SOR o kryptonimie \u201ePoligraf\u201d\/\u201dO\u015bmiornica:. Od 14 sierpnia 1982 roku do 26 kwietnia 1990 roku w ramach SOR o kryptonimie \u201ePi\u0119\u015b\u0107\u201d. Od 7 maja 1983 roku do 3 wrze\u015bnia 1985 roku w ramach SOR o kryptonimie \u201ePomnik\u201d. Od 29 pa\u017adziernika 1987 roku do 10 marca 1989 roku przez Wydz. VI WUSW w Rzeszowie w ramach SOR o kryptonimie \u201eKora\u201d.<\/p>\n","protected":false},"excerpt":{"rendered":"<p>Urodzi\u0142 si\u0119 1 stycznia 1946 roku w Rzeszowie, a zmar\u0142 21 stycznia 2015 w Rzeszowie. W latach 1965 \u2013 1968 studiowa\u0142 na Wydziale Metalurgii w Akademii G\u00f3rniczo-Hutniczej w Krakowie. W marcu 1968 roku bra\u0142 udzia\u0142 w wiecach studenckich na AGH i w zwi\u0105zku z tym zosta\u0142 relegowany ze studi\u00f3w. W latach 1968 \u2013 1970 odbywa\u0142 [&hellip;]<\/p>\n","protected":false},"featured_media":1949,"template":"","meta":[],"_links":{"self":[{"href":"http:\/\/ludzie.fundacja-pih.pl\/index.php\/wp-json\/wp\/v2\/product\/1034"}],"collection":[{"href":"http:\/\/ludzie.fundacja-pih.pl\/index.php\/wp-json\/wp\/v2\/product"}],"about":[{"href":"http:\/\/ludzie.fundacja-pih.pl\/index.php\/wp-json\/wp\/v2\/types\/product"}],"wp:featuredmedia":[{"embeddable":true,"href":"http:\/\/ludzie.fundacja-pih.pl\/index.php\/wp-json\/wp\/v2\/media\/1949"}],"wp:attachment":[{"href":"http:\/\/ludzie.fundacja-pih.pl\/index.php\/wp-json\/wp\/v2\/media?parent=1034"}],"curies":[{"name":"wp","href":"https:\/\/api.w.org\/{rel}","templated":true}]}}