{"id":1040,"date":"2021-01-07T12:21:00","date_gmt":"2021-01-07T12:21:00","guid":{"rendered":"http:\/\/ludzie.fundacja-pih.pl\/?post_type=product&#038;p=1040"},"modified":"2025-05-16T14:10:54","modified_gmt":"2025-05-16T14:10:54","slug":"janocha-andrzej","status":"publish","type":"product","link":"http:\/\/ludzie.fundacja-pih.pl\/index.php\/product\/janocha-andrzej\/","title":{"rendered":"Janocha Andrzej"},"content":{"rendered":"<p>Urodzi\u0142 si\u0119 3 czerwca 1960 roku, zm. 10 kwietnia 1998 roku.<\/p>\n<p>Po og\u0142oszeniu stanu wojennego wykona\u0142 napis \u201eSolidarno\u015b\u0107\u201d przy g\u0142\u00f3wnej drodze w swojej miejscowo\u015bci Potok ko\u0142o Krosna. Bra\u0142 udzia\u0142 w spotkaniach Duszpasterstwa Ludzi Pracy, kolportowa\u0142 pras\u0119 podziemn\u0105. W 1988 roku wst\u0105pi\u0142 do kro\u015bnie\u0144skiego pododdzia\u0142u \u201eSolidarno\u015bci Walcz\u0105cej\u201d. By\u0142 autorem artyku\u0142\u00f3w do \u201ePodkarpatczyka\u201d &#8211; miejscowego pisma SW. Utrzymywa\u0142 kontakt z kolegami z sanockiej opozycji Janem Nebesiem, Kazimierzem Gierczakiem i Stanis\u0142awem Nizio\u0142kiem. Bra\u0142 udzia\u0142 w zbi\u00f3rce na rzecz walcz\u0105cej o wolno\u015b\u0107 Litwy. W 1989 roku, we wsp\u00f3\u0142pracy ze znajom\u0105 z Irlandii, zorganizowa\u0142 jednorazow\u0105 pomoc finansow\u0105 na rzecz \u201eSolidarno\u015bci Walcz\u0105cej\u201d.<\/p>\n","protected":false},"excerpt":{"rendered":"<p>Urodzi\u0142 si\u0119 3 czerwca 1960 roku, zm. 10 kwietnia 1998 roku. Po og\u0142oszeniu stanu wojennego wykona\u0142 napis \u201eSolidarno\u015b\u0107\u201d przy g\u0142\u00f3wnej drodze w swojej miejscowo\u015bci Potok ko\u0142o Krosna. Bra\u0142 udzia\u0142 w spotkaniach Duszpasterstwa Ludzi Pracy, kolportowa\u0142 pras\u0119 podziemn\u0105. W 1988 roku wst\u0105pi\u0142 do kro\u015bnie\u0144skiego pododdzia\u0142u \u201eSolidarno\u015bci Walcz\u0105cej\u201d. By\u0142 autorem artyku\u0142\u00f3w do \u201ePodkarpatczyka\u201d &#8211; miejscowego pisma SW. [&hellip;]<\/p>\n","protected":false},"featured_media":1041,"template":"","meta":[],"_links":{"self":[{"href":"http:\/\/ludzie.fundacja-pih.pl\/index.php\/wp-json\/wp\/v2\/product\/1040"}],"collection":[{"href":"http:\/\/ludzie.fundacja-pih.pl\/index.php\/wp-json\/wp\/v2\/product"}],"about":[{"href":"http:\/\/ludzie.fundacja-pih.pl\/index.php\/wp-json\/wp\/v2\/types\/product"}],"wp:featuredmedia":[{"embeddable":true,"href":"http:\/\/ludzie.fundacja-pih.pl\/index.php\/wp-json\/wp\/v2\/media\/1041"}],"wp:attachment":[{"href":"http:\/\/ludzie.fundacja-pih.pl\/index.php\/wp-json\/wp\/v2\/media?parent=1040"}],"curies":[{"name":"wp","href":"https:\/\/api.w.org\/{rel}","templated":true}]}}