{"id":1044,"date":"2021-01-07T12:27:40","date_gmt":"2021-01-07T12:27:40","guid":{"rendered":"http:\/\/ludzie.fundacja-pih.pl\/?post_type=product&#038;p=1044"},"modified":"2025-05-16T14:10:55","modified_gmt":"2025-05-16T14:10:55","slug":"tajchman-dariusz","status":"publish","type":"product","link":"http:\/\/ludzie.fundacja-pih.pl\/index.php\/product\/tajchman-dariusz\/","title":{"rendered":"Tajchman Dariusz"},"content":{"rendered":"<p>Urodzi\u0142 si\u0119 2 lutego 1965 roku w Kro\u015bnie.<\/p>\n<p>W latach 1983 &#8211; 1984 by\u0142 zaanga\u017cowany w kolporta\u017c czasopisma podziemnego \u201eSolidarno\u015b\u0107 Podkarpacka\u201d. Wiosn\u0105 1987 roku, po odbyciu s\u0142u\u017cby wojskowej, prowadzi\u0142 bibliotek\u0119 niezale\u017cnych wydawnictw oraz ksi\u0105\u017cek drugiego obiegu. W 1988 roku wst\u0105pi\u0142 w szeregi \u201eSolidarno\u015bci Walcz\u0105cej\u201d, z kt\u00f3r\u0105 wcze\u015bniej wsp\u00f3\u0142pracowa\u0142. By\u0142 jej zaprzysi\u0119\u017conym cz\u0142onkiem. Wsp\u00f3\u0142organizowa\u0142 pododdzia\u0142 kro\u015bnie\u0144ski SW. Wsp\u00f3lnie z Mariuszem Hejnarem, Andrzejem Janoch\u0105 i Henrykiem Kulig\u0105 wydawa\u0142 ulotki m.in. \u201eMiejsce czerwonych na \u0142awie oskar\u017conych\u201d, \u201eList go\u0144czy za Jaruzelskim\u201d czy potem \u201ePami\u0105tk\u0119 z Magdalenki\u201d. Od wiosny 1989 roku by\u0142 redaktorem lokalnego pisma Solidarno\u015bci Walcz\u0105cej \u201ePodkarpatczyk\u201d. Wsp\u00f3\u0142pracowa\u0142 z Antonim Kopaczewskim z Rzeszowa, Kazimierzem Gierczakiem, Janem Nebesio, Stanis\u0142awem Nizio\u0142kiem z Sanoka oraz Kazimierzem Potyra\u0142\u0105 z Jas\u0142a.<br \/>\nJesieni\u0105 1988 roku w Rozdzielni Krosno Zak\u0142adu Gazowniczego Jas\u0142o zorganizowa\u0142 akcj\u0119 protestacyjn\u0105 i referendum maj\u0105ce na celu ponown\u0105 legalizacj\u0119 NSZZ \u201eSolidarno\u015b\u0107\u201d. W miejscu pracy zbiera\u0142 sk\u0142adki zwi\u0105zkowe oraz na rzecz strajkuj\u0105cych w Stalowej Woli. Skutkiem protestu by\u0142o powstanie na prze\u0142omie listopada i grudnia 1988 roku Tymczasowej Komisji Zak\u0142adowej \u201eSolidarno\u015b\u0107\u201d, kt\u00f3ra zapocz\u0105tkowa\u0142a reaktywowanie jawnej dzia\u0142alno\u015bci. W Duszpasterstwie Ludzi Pracy przy ko\u015bciele OO. Kapucyn\u00f3w, pomaga\u0142 w organizacji mszy za Ojczyzn\u0119, oraz pielgrzymek m.in. \u015awiata Pracy do Cz\u0119stochowy. Dzia\u0142a\u0142 w Bractwie Trze\u017awo\u015bci. By\u0142 wsp\u00f3\u0142organizatorem Marsz\u00f3w Trze\u017awo\u015bci do grob\u00f3w ks. Popie\u0142uszki i ks. kard. Wyszy\u0144skiego. Na pocz\u0105tku lat dziewi\u0119\u0107dziesi\u0105tych ubieg\u0142ego wieku bra\u0142 udzia\u0142 w organizowaniu pomocy finansowej dla walcz\u0105cej o wolno\u015b\u0107 Litwy. W zwi\u0105zku ze swoj\u0105 dzia\u0142alno\u015bci\u0105 by\u0142 inwigilowany przez S\u0142u\u017cb\u0119 Bezpiecze\u0144stwa w ramach SOR o kryptonimie \u201eMonter\u201d prowadzonej przez wydzia\u0142 V WUSW w Kro\u015bnie. W 2011 roku zosta\u0142 odznaczony Krzy\u017cem Solidarno\u015bci Walcz\u0105cej, w 2021 roku przyznano mu Krzy\u017c Wolno\u015bci i Solidarno\u015bci.<\/p>\n","protected":false},"excerpt":{"rendered":"<p>Urodzi\u0142 si\u0119 2 lutego 1965 roku w Kro\u015bnie. W latach 1983 &#8211; 1984 by\u0142 zaanga\u017cowany w kolporta\u017c czasopisma podziemnego \u201eSolidarno\u015b\u0107 Podkarpacka\u201d. Wiosn\u0105 1987 roku, po odbyciu s\u0142u\u017cby wojskowej, prowadzi\u0142 bibliotek\u0119 niezale\u017cnych wydawnictw oraz ksi\u0105\u017cek drugiego obiegu. W 1988 roku wst\u0105pi\u0142 w szeregi \u201eSolidarno\u015bci Walcz\u0105cej\u201d, z kt\u00f3r\u0105 wcze\u015bniej wsp\u00f3\u0142pracowa\u0142. By\u0142 jej zaprzysi\u0119\u017conym cz\u0142onkiem. Wsp\u00f3\u0142organizowa\u0142 pododdzia\u0142 kro\u015bnie\u0144ski [&hellip;]<\/p>\n","protected":false},"featured_media":1045,"template":"","meta":[],"_links":{"self":[{"href":"http:\/\/ludzie.fundacja-pih.pl\/index.php\/wp-json\/wp\/v2\/product\/1044"}],"collection":[{"href":"http:\/\/ludzie.fundacja-pih.pl\/index.php\/wp-json\/wp\/v2\/product"}],"about":[{"href":"http:\/\/ludzie.fundacja-pih.pl\/index.php\/wp-json\/wp\/v2\/types\/product"}],"wp:featuredmedia":[{"embeddable":true,"href":"http:\/\/ludzie.fundacja-pih.pl\/index.php\/wp-json\/wp\/v2\/media\/1045"}],"wp:attachment":[{"href":"http:\/\/ludzie.fundacja-pih.pl\/index.php\/wp-json\/wp\/v2\/media?parent=1044"}],"curies":[{"name":"wp","href":"https:\/\/api.w.org\/{rel}","templated":true}]}}