{"id":1048,"date":"2021-01-07T12:29:54","date_gmt":"2021-01-07T12:29:54","guid":{"rendered":"http:\/\/ludzie.fundacja-pih.pl\/?post_type=product&#038;p=1048"},"modified":"2025-05-16T14:10:56","modified_gmt":"2025-05-16T14:10:56","slug":"rozwod-andrzej","status":"publish","type":"product","link":"http:\/\/ludzie.fundacja-pih.pl\/index.php\/product\/rozwod-andrzej\/","title":{"rendered":"Rozw\u00f3d Andrzej"},"content":{"rendered":"<p>Urodzi\u0142 si\u0119 19 czerwca 1956 roku w Tarnobrzegu, zm. 28 lipca 2017 lipca w Tarnobrzegu.<\/p>\n<p>By\u0142 za\u0142o\u017cycielem ternobrzeskiego oddzia\u0142u \u201eSolidarno\u015bci Walcz\u0105cej\u201d, kt\u00f3ry powsta\u0142 formalnie w lutym 1988 roku. Andrzej Rozw\u00f3d by\u0142 pracownikiem Siarkopolu. W 1983 roku zacz\u0105\u0142 przywozi\u0107 do Tarnobrzegu z Krakowa i z Nowej Huty pierwsze wydawnictwa podziemne sygnowane przez SW. W 1984 roku drukowa\u0142 ulotki sygnowane has\u0142em \u201eSolidarno\u015b\u0107 Walcz\u0105ca\u201d. W tym samym okresie wsp\u00f3lnie z Kazimierzem Zarychem uruchomili zag\u0142uszark\u0119 dziennik\u00f3w telewizyjnych, jak r\u00f3wnie\u017c, przy pomocy nadajnika skonstruowanego przez Zarycha, wchodzili na kana\u0142y telewizyjne z w\u0142asnym programem na fonii. W latach 1983 &#8211; 1985 pozyska\u0142 do dzia\u0142alno\u015bci konspiracyjnej kilkana\u015bcie os\u00f3b, z kt\u00f3rych wi\u0119kszo\u015b\u0107 znalaz\u0142a si\u0119 p\u00f3\u017aniej w pododdziale tarnobrzeskim SW. Byli to m. in. Wojciech Wi\u015bnieski, W\u0142adys\u0142aw Zieli\u0144ski, Krzysztof Wianecki, kt\u00f3rzy przeszli ju\u017c wi\u0119zienia komunistyczne na pocz\u0105tku stanu wojennego. Andrzej Rozw\u00f3d za swoj\u0105 dzia\u0142alno\u015b\u0107 konspiracyjn\u0105 by\u0142 wielokrotnie zatrzymywany i dwukrotnie pobity przez funkcjonariuszy ORMO. W lutym 1989 roku podczas obrad Okr\u0105g\u0142ego Sto\u0142u zosta\u0142 dopuszczony po raz pierwszy do udzia\u0142u w posiedzeniu Rady Politycznej SW oddzia\u0142u Rzesz\u00f3w z g\u0142osem doradczym. Wkr\u00f3tce potem wszed\u0142 na sta\u0142e w sk\u0142ad ww. Rady Politycznej. W 1988 roku zosta\u0142 tak\u017ce cz\u0142onkiem TKZ w Siarkopolu, a nast\u0119pnie delegatem na walny Zjazd Delegat\u00f3w w 1989 roku. W 2009 roku Andrzej Rozw\u00f3d zosta\u0142 odznaczony Krzy\u017cem Kawalerskim Orderu Odrodzenia Polski, a w 2010 roku Krzy\u017cem Solidarno\u015bci Walcz\u0105cej.<\/p>\n","protected":false},"excerpt":{"rendered":"<p>Urodzi\u0142 si\u0119 19 czerwca 1956 roku w Tarnobrzegu, zm. 28 lipca 2017 lipca w Tarnobrzegu. By\u0142 za\u0142o\u017cycielem ternobrzeskiego oddzia\u0142u \u201eSolidarno\u015bci Walcz\u0105cej\u201d, kt\u00f3ry powsta\u0142 formalnie w lutym 1988 roku. Andrzej Rozw\u00f3d by\u0142 pracownikiem Siarkopolu. W 1983 roku zacz\u0105\u0142 przywozi\u0107 do Tarnobrzegu z Krakowa i z Nowej Huty pierwsze wydawnictwa podziemne sygnowane przez SW. W 1984 roku [&hellip;]<\/p>\n","protected":false},"featured_media":1049,"template":"","meta":[],"_links":{"self":[{"href":"http:\/\/ludzie.fundacja-pih.pl\/index.php\/wp-json\/wp\/v2\/product\/1048"}],"collection":[{"href":"http:\/\/ludzie.fundacja-pih.pl\/index.php\/wp-json\/wp\/v2\/product"}],"about":[{"href":"http:\/\/ludzie.fundacja-pih.pl\/index.php\/wp-json\/wp\/v2\/types\/product"}],"wp:featuredmedia":[{"embeddable":true,"href":"http:\/\/ludzie.fundacja-pih.pl\/index.php\/wp-json\/wp\/v2\/media\/1049"}],"wp:attachment":[{"href":"http:\/\/ludzie.fundacja-pih.pl\/index.php\/wp-json\/wp\/v2\/media?parent=1048"}],"curies":[{"name":"wp","href":"https:\/\/api.w.org\/{rel}","templated":true}]}}