{"id":1050,"date":"2021-01-07T12:30:58","date_gmt":"2021-01-07T12:30:58","guid":{"rendered":"http:\/\/ludzie.fundacja-pih.pl\/?post_type=product&#038;p=1050"},"modified":"2025-05-16T14:10:57","modified_gmt":"2025-05-16T14:10:57","slug":"bartynski-antonii","status":"publish","type":"product","link":"http:\/\/ludzie.fundacja-pih.pl\/index.php\/product\/bartynski-antonii\/","title":{"rendered":"Barty\u0144ski Antoni"},"content":{"rendered":"<p>Urodzi\u0142 si\u0119 13 stycznia 1933 roku w Hermanowej k\/Rzeszowa, a zmar\u0142 26 pa\u017adziernika 2012 roku tam\u017ce.<\/p>\n<p>W latach 1956 &#8211; 1958 by\u0142 pracownikiem w Kopalni W\u0119gla Kamiennego \u201eKomuna Paryska\u201d w Jaworznie. Zosta\u0142 zmuszony do odej\u015bcia z pracy gdy\u017c pozbawiono go wszelkich dodatk\u00f3w i premii za g\u0142oszenie pogl\u0105d\u00f3w \u201eantysocjalistycznych\u201d. W 1969 roku zwolniono go z biura projekt\u00f3w budowlanych w Bia\u0142ymstoku. Andrzej Barty\u0144ski by\u0142 autorem listu zawieraj\u0105cego postulaty i \u017c\u0105dania pod adresem Edwarda Gierka, Dyzmy Go\u0142aja i Piotra Jaroszewicza, przyj\u0119tego jednog\u0142o\u015bnie przez mieszka\u0144c\u00f3w Hermanowej w marcu 1971 roku. Na zlecenie SB by\u0142 represjonowany przez administracj\u0119 gminn\u0105, w\u0142\u0105cznie z zakazem budowy zaplecza gospodarczego i odebraniem prawa do przydzia\u0142u materia\u0142\u00f3w budowlanych. W pa\u017adzierniku 1980 roku Barty\u0144ski sta\u0142 si\u0119 organizatorem \u201eSolidarno\u015bci Wiejskiej\u201d. Przewodniczy\u0142 jej ko\u0142u wiejskiemu i zarz\u0105dowi gminnemu. By\u0142 te\u017c cz\u0142onkiem Prezydium Wojew\u00f3dzkiego Komitetu Za\u0142o\u017cycielskiego NSZZ RI \u201eSolidarno\u015b\u0107\u201d w Rzeszowie. Wsp\u00f3\u0142organiozwa\u0142 i uczestniczy\u0142 w strajkach ch\u0142opskich w Rzeszowie, kt\u00f3re mia\u0142y miejsce w styczniu i w lutym 1981 roku. W listopadzie 1981 roku pe\u0142ni\u0142  funkcj\u0119 przewodnicz\u0105cym strajku okupacyjnego Urz\u0119du Miasta i Gminy Tyczyn. Reprezentowa\u0142 region rzeszowski w Komisji Koordynacyjnej Polski Po\u0142udniowo \u2013 Wschodniej, wsp\u00f3\u0142pracownik Regionalnego Komitetu Obrony Wi\u0119zionych za Przekonania. W pa\u017adzierniku i listopadzie 1981 roku wzi\u0105\u0142 aktywny udzia\u0142 w akcji w obronie s\u0105dzonego Jana Koz\u0142owskiego. Wsp\u00f3\u0142pracowa\u0142 z czasopismem \u201eWie\u015b Rzeszowska\u201d, by\u0142 cz\u0142onkiem Rady Programowej. Wspiera\u0142 powo\u0142anie niezale\u017cnej biblioteki przy WKZ.  W dniu wprowadzenia stanu wojennego, 13 grudnia 1981 roku, zosta\u0142 internowany. Zwolniono go  9 grudnia 1982 roku. W trakcie internowania zosta\u0142 pobity, postawiono go r\u00f3wnie\u017c dwukrotnie przed s\u0105dem. W Rzeszowie skazano na kar\u0119 grzywny, w Kielcach \u2013 Piaskach uniewinniono. Wielokrotnie by\u0142 zatrzymywany i przes\u0142uchiwany. Zaanga\u017cowany w niezale\u017cne dochodzenie w sprawie zab\u00f3jstwa Mieczys\u0142awa Rokitowskiego w ZK Za\u0142\u0119\u017ce. W 1983 roku zosta\u0142 wsp\u00f3\u0142za\u0142o\u017cycielem rzeszowskiego oddzia\u0142u \u201eSolidarno\u015bci Walcz\u0105cej\u201d i Rzeszowskiego Komitetu Oporu Rolnik\u00f3wu, by\u0142 cz\u0142onkiem jego kierownictwa. Nale\u017ca\u0142 do redakcji podziemnego czasopisma \u201eGalicja\u201d i wsp\u00f3\u0142pracownikiem pisma \u201ePorozumienie Prasowe Solidarno\u015b\u0107 Zwyci\u0119\u017cy\u201d. Od 1984 roku szefowa\u0142 kolporta\u017cowej grupie tyczy\u0144skiej. By\u0142 cz\u0142onkiem wymiennym Rady Politycznej rzeszowskiego oddzia\u0142u \u201eSolidarno\u015bci Walcz\u0105cej\u201d i grupy ds. koordynacji organizacji  niepodleg\u0142o\u015bciowych w regionie rzeszowsko-przemyskim. Od 1987 roku nale\u017ca\u0142 do  Niezale\u017cnego Ruchu Ludowego \u201eSolidarno\u015b\u0107\u201d. W 1989 roku w\u0142\u0105czy\u0142 si\u0119 w odbudow\u0119 \u201cSolidarno\u015bci Rolniczej\u201d. Od 1989 rencista, aktywny i \u015bpiesz\u0105cy z pomoc\u0105 s\u0142abszym.<\/p>\n","protected":false},"excerpt":{"rendered":"<p>Urodzi\u0142 si\u0119 13 stycznia 1933 roku w Hermanowej k\/Rzeszowa, a zmar\u0142 26 pa\u017adziernika 2012 roku tam\u017ce. W latach 1956 &#8211; 1958 by\u0142 pracownikiem w Kopalni W\u0119gla Kamiennego \u201eKomuna Paryska\u201d w Jaworznie. Zosta\u0142 zmuszony do odej\u015bcia z pracy gdy\u017c pozbawiono go wszelkich dodatk\u00f3w i premii za g\u0142oszenie pogl\u0105d\u00f3w \u201eantysocjalistycznych\u201d. W 1969 roku zwolniono go z biura [&hellip;]<\/p>\n","protected":false},"featured_media":1051,"template":"","meta":[],"_links":{"self":[{"href":"http:\/\/ludzie.fundacja-pih.pl\/index.php\/wp-json\/wp\/v2\/product\/1050"}],"collection":[{"href":"http:\/\/ludzie.fundacja-pih.pl\/index.php\/wp-json\/wp\/v2\/product"}],"about":[{"href":"http:\/\/ludzie.fundacja-pih.pl\/index.php\/wp-json\/wp\/v2\/types\/product"}],"wp:featuredmedia":[{"embeddable":true,"href":"http:\/\/ludzie.fundacja-pih.pl\/index.php\/wp-json\/wp\/v2\/media\/1051"}],"wp:attachment":[{"href":"http:\/\/ludzie.fundacja-pih.pl\/index.php\/wp-json\/wp\/v2\/media?parent=1050"}],"curies":[{"name":"wp","href":"https:\/\/api.w.org\/{rel}","templated":true}]}}