{"id":1054,"date":"2021-01-07T12:32:50","date_gmt":"2021-01-07T12:32:50","guid":{"rendered":"http:\/\/ludzie.fundacja-pih.pl\/?post_type=product&#038;p=1054"},"modified":"2025-05-16T14:10:58","modified_gmt":"2025-05-16T14:10:58","slug":"kuliga-henryk","status":"publish","type":"product","link":"http:\/\/ludzie.fundacja-pih.pl\/index.php\/product\/kuliga-henryk\/","title":{"rendered":"Kuliga Henryk"},"content":{"rendered":"<p>Urodzi\u0142 si\u0119 9 stycznia 1929 roku w B\u00f3brce, a zmar\u0142 26 wrze\u015bnia 1999 roku w Kro\u015bnie.<\/p>\n<p>Uko\u0144czy\u0142 Technikum Samochodowe. W latach sze\u015b\u0107dziesi\u0105tych XX wieku pracowa\u0142 jako kierownik O\u015brodka Szkolenia Kierowc\u00f3w w Kro\u015bnie. W latach siedemdziesi\u0105tych by\u0142 zatrudniony w Rejonie Dr\u00f3g Publicznych. We wrze\u015bniu 1980 roku wst\u0105pi\u0142 do NSZZ \u201eSolidarno\u015b\u0107\u201d, przewodniczy\u0142 KZ w RDP. Po wprowadzeniu stanu wojennego, wsp\u00f3\u0142organizowa\u0142 zbi\u00f3rki na rzecz os\u00f3b internowanych i represjonowanych. W listopadzie 1982 roku wsp\u00f3\u0142zak\u0142ada\u0142 TKW Regionu Podkarpacie. By\u0142 zwi\u0105zany z biuletynem TKW \u201eSolidarno\u015b\u0107 Podkarpacka\u201d. Kolportowa\u0142 wydawnictwa podziemne w swoim przedsi\u0119biorstwie i w mie\u015bcie. W marcu 1984 roku, po likwidacji podziemnej drukarni mieszcz\u0105cej si\u0119 w jego domu, zosta\u0142 aresztowany wraz z innymi cz\u0142onkami zespo\u0142u. W trakcie rewizji funkcjonariusze znale\u017ali materia\u0142y poligraficzne i wydawnictwa podziemne. Po przes\u0142uchaniach i miesi\u0119cznym pobycie w Areszcie \u015aledczym w Kro\u015bnie zosta\u0142 przeniesiony do Aresztu \u015aledczego w Krakowie. W trakcie \u015bledztwa podawano mu leki psychotropowe, co doprowadzi\u0142o do cz\u0119\u015bciowego parali\u017cu. Nast\u0119pnie zosta\u0142 oddany do dyspozycji prokuratora wojew\u00f3dzkiego w Kro\u015bnie, kt\u00f3ry zastosowa\u0142 wobec niego areszt domowy. By\u0142 poddany obserwacji przez SB, a 2 razy tygodniowo musia\u0142 meldowa\u0107 si\u0119 w WUSW. Kontynuowa\u0142 dzia\u0142alno\u015b\u0107 podziemn\u0105. Od 1986 roku dzia\u0142a\u0142 w Duszpasterstwie Ludzi Pracy przy parafii Podwy\u017cszenia Krzy\u017ca \u015awi\u0119tego w Kro\u015bnie. W pa\u017adzierniku 1986 roku by\u0142 zaanga\u017cowany w wykonanie i wmurowanie w ko\u015bciele \u015bw. Stanis\u0142awa Kostki w Warszawie tablicy po\u015bwi\u0119conej ks. Jerzemu Popie\u0142uszko, ufundowan\u0105 przez cz\u0142onk\u00f3w podkarpackiej \u201eS\u201d. W marcu 1987 roku przy\u0142\u0105czy\u0142 si\u0119 do Komisji Interwencji i Praworz\u0105dno\u015bci NSZZ \u201eS\u201d Podkarpacie. W 1988 roku, wraz z Jerzym Jakubowskim, by\u0142 przes\u0142uchiwany przez SB w zwi\u0105zku ze zorganizowaniem przed klasztorem oo. Kapucyn\u00f3w kwesty na rzecz strajkuj\u0105cych robotnik\u00f3w ze Stalowej Woli i z Huty im. Lenina w Nowej Hucie. W maju 1988 roku, po tym gdy dyrektor Wojew\u00f3dzkiego Urz\u0119du Poczty na\u0142o\u017cy\u0142 sankcje pieni\u0119\u017cne na pracownik\u00f3w, kt\u00f3rzy nie uczestniczyli w pochodzie pierwszomajowym, Henryk Kuliga zosta\u0142 jednym z sygnotariuszy protestu Duszpasterstwa Ludzi Pracy skierowanego do dyrektora i Prokuratury Wojew\u00f3dzkiej. W styczniu 1989 roku razem z Jerzym Jakubowskim, Andrzejem Janoch\u0105 i Dariuszem Tejchmanem zak\u0142ada\u0142 struktury kro\u015bnie\u0144skiej \u201eSolidarno\u015bci Walcz\u0105cej\u201d z siedzib\u0105 w jego domu. Wydawa\u0142 biuletyn \u201eSolidarno\u015b\u0107 Walcz\u0105ca \u2013 Podkarpatczyk\u201d.<\/p>\n","protected":false},"excerpt":{"rendered":"<p>Urodzi\u0142 si\u0119 9 stycznia 1929 roku w B\u00f3brce, a zmar\u0142 26 wrze\u015bnia 1999 roku w Kro\u015bnie. Uko\u0144czy\u0142 Technikum Samochodowe. W latach sze\u015b\u0107dziesi\u0105tych XX wieku pracowa\u0142 jako kierownik O\u015brodka Szkolenia Kierowc\u00f3w w Kro\u015bnie. W latach siedemdziesi\u0105tych by\u0142 zatrudniony w Rejonie Dr\u00f3g Publicznych. We wrze\u015bniu 1980 roku wst\u0105pi\u0142 do NSZZ \u201eSolidarno\u015b\u0107\u201d, przewodniczy\u0142 KZ w RDP. Po wprowadzeniu [&hellip;]<\/p>\n","protected":false},"featured_media":1055,"template":"","meta":[],"_links":{"self":[{"href":"http:\/\/ludzie.fundacja-pih.pl\/index.php\/wp-json\/wp\/v2\/product\/1054"}],"collection":[{"href":"http:\/\/ludzie.fundacja-pih.pl\/index.php\/wp-json\/wp\/v2\/product"}],"about":[{"href":"http:\/\/ludzie.fundacja-pih.pl\/index.php\/wp-json\/wp\/v2\/types\/product"}],"wp:featuredmedia":[{"embeddable":true,"href":"http:\/\/ludzie.fundacja-pih.pl\/index.php\/wp-json\/wp\/v2\/media\/1055"}],"wp:attachment":[{"href":"http:\/\/ludzie.fundacja-pih.pl\/index.php\/wp-json\/wp\/v2\/media?parent=1054"}],"curies":[{"name":"wp","href":"https:\/\/api.w.org\/{rel}","templated":true}]}}