{"id":1058,"date":"2021-01-07T12:40:50","date_gmt":"2021-01-07T12:40:50","guid":{"rendered":"http:\/\/ludzie.fundacja-pih.pl\/?post_type=product&#038;p=1058"},"modified":"2025-05-16T14:10:59","modified_gmt":"2025-05-16T14:10:59","slug":"dziubek-romanski-jacek","status":"publish","type":"product","link":"http:\/\/ludzie.fundacja-pih.pl\/index.php\/product\/dziubek-romanski-jacek\/","title":{"rendered":"Dziubek-Roma\u0144ski Jacek"},"content":{"rendered":"<p>Oczekujemy na uzupe\u0142nienie tre\u015bci.<\/p>\n","protected":false},"excerpt":{"rendered":"<p>Oczekujemy na uzupe\u0142nienie tre\u015bci.<\/p>\n","protected":false},"featured_media":1059,"template":"","meta":[],"_links":{"self":[{"href":"http:\/\/ludzie.fundacja-pih.pl\/index.php\/wp-json\/wp\/v2\/product\/1058"}],"collection":[{"href":"http:\/\/ludzie.fundacja-pih.pl\/index.php\/wp-json\/wp\/v2\/product"}],"about":[{"href":"http:\/\/ludzie.fundacja-pih.pl\/index.php\/wp-json\/wp\/v2\/types\/product"}],"wp:featuredmedia":[{"embeddable":true,"href":"http:\/\/ludzie.fundacja-pih.pl\/index.php\/wp-json\/wp\/v2\/media\/1059"}],"wp:attachment":[{"href":"http:\/\/ludzie.fundacja-pih.pl\/index.php\/wp-json\/wp\/v2\/media?parent=1058"}],"curies":[{"name":"wp","href":"https:\/\/api.w.org\/{rel}","templated":true}]}}