{"id":1062,"date":"2021-01-07T12:42:14","date_gmt":"2021-01-07T12:42:14","guid":{"rendered":"http:\/\/ludzie.fundacja-pih.pl\/?post_type=product&#038;p=1062"},"modified":"2025-05-16T14:10:59","modified_gmt":"2025-05-16T14:10:59","slug":"kopera-janusz","status":"publish","type":"product","link":"http:\/\/ludzie.fundacja-pih.pl\/index.php\/product\/kopera-janusz\/","title":{"rendered":"Kopera Janusz"},"content":{"rendered":"<p>s. J\u00f3zefa i Stefanii z d. Kolbusz. Urodzi\u0142 si\u0119 26 czerwca 1942 roku w Woli Bobrowskiej, a zmar\u0142 14 marca 2012 roku w Rzeszowie.<\/p>\n<p>W latach sze\u015b\u0107dziesi\u0105tych by\u0142 szykanowany przez w\u0142adze PRL za bojkot wybor\u00f3w. W 1980 roku przy\u0142\u0105czy\u0142 si\u0119 do organizowania struktur NSZZ Rolnik\u00f3w Solidarno\u015b\u0107 Wiejska, nast\u0119pnie zosta\u0142 cz\u0142onkiem Wojew\u00f3dzkiego Komitetu Za\u0142o\u017cycielskiego NSZZ Rolnik\u00f3w Indywidualnych \u201eSolidarno\u015b\u0107\u201d. Po wprowadzeniu stanu wojennego organizowa\u0142 grupy kolporter\u00f3w prasy podziemnej. Nale\u017ca\u0142 do Duszpasterstwa Rolnik\u00f3w w Krasiczynie oraz w Czernej. By\u0142 zaprzysi\u0119\u017conym cz\u0142onkiem Og\u00f3lnopolskiego Komitetu Oporu Rolnik\u00f3w. Janusz Kopera by\u0142 wielokrotnie przes\u0142uchiwany i poddawany rewizjom. W lipcu 1988 roku zosta\u0142 skazany przez Kolegium ds. Wykrocze\u0144 w Rzeszowie na kar\u0119 grzywny w wysoko\u015bci 41 500 z\u0142otych. Od lipca 1983 roku nale\u017ca\u0142 do \u201eSolidarno\u015bci Walcz\u0105cej\u201d. W listopadzie tego samego roku zainicjowa\u0142 i wsp\u00f3\u0142zak\u0142ada\u0142 Rzeszowski Komitet Oporu Rolnik\u00f3w. Od 1984 roku, na terenie swojej gminy i gmin s\u0105siednich, kierowa\u0142 grup\u0105 \u201eSolidarno\u015bci Walcz\u0105cej\u201d i grup\u0105 OKOR. Koordynowa\u0142 kilka punkt\u00f3w przerzutowych prasy podziemnej sygnowanej przez m.in. Solidarno\u015b\u0107 Walcz\u0105c\u0105, OKOR, KOS, Porozumienie Prasowe \u201eSolidarno\u015b\u0107 Zwyci\u0119\u017cy\u201d, Liberalno-Demokratyczn\u0105 Parti\u0119 Niepodleg\u0142o\u015b\u0107. W sierpniu 1985 roku rozpocz\u0105\u0142 wydawanie  pisma pt. \u201eWie\u015b Polska\u201d. W 1987 roku, po powo\u0142aniu Tymczasowej Krajowej Rady Rolnik\u00f3w i Konwentu Senior\u00f3w Niezale\u017cnego Ruchu Ludowego, na bazie tych kontakt\u00f3w, zorganizowa\u0142 Niezale\u017cny Ruch Ludowy \u201eSolidarno\u015b\u0107\u201d. W sierpniu 1988 roku zosta\u0142 sygnatariuszem powo\u0142ania Lokalnego Parlamentu Ugrupowa\u0144 Niezale\u017cnych Ziemi Rzeszowskiej z udzia\u0142em przedstawicieli SW (Antoni Kopaczewski, Andrzej Kucharski), KPN (Andrzej T. Mazurkiewicz), RKOR (Eugeniusz B\u0142achowicz, Janusz Kopera), NSZZ RI Solidarno\u015b\u0107 w Jaros\u0142awiu (Jadwiga Misi\u0105g). Wyra\u017ca\u0142 negatywny stosunek do porozumie\u0144 Okr\u0105g\u0142ego Sto\u0142u, a nast\u0119pnie do tworzenia Komitet\u00f3w Obywatelskich \u201eSolidarno\u015b\u0107\u201d. W 2009 roku zosta\u0142 odznaczony Krzy\u017cem Kawalerskim Orderu Odrodzenia Polski, a w 2010 roku Krzy\u017cem Solidarno\u015bci Walcz\u0105cej.<\/p>\n","protected":false},"excerpt":{"rendered":"<p>s. J\u00f3zefa i Stefanii z d. Kolbusz. Urodzi\u0142 si\u0119 26 czerwca 1942 roku w Woli Bobrowskiej, a zmar\u0142 14 marca 2012 roku w Rzeszowie. W latach sze\u015b\u0107dziesi\u0105tych by\u0142 szykanowany przez w\u0142adze PRL za bojkot wybor\u00f3w. W 1980 roku przy\u0142\u0105czy\u0142 si\u0119 do organizowania struktur NSZZ Rolnik\u00f3w Solidarno\u015b\u0107 Wiejska, nast\u0119pnie zosta\u0142 cz\u0142onkiem Wojew\u00f3dzkiego Komitetu Za\u0142o\u017cycielskiego NSZZ Rolnik\u00f3w [&hellip;]<\/p>\n","protected":false},"featured_media":1934,"template":"","meta":[],"_links":{"self":[{"href":"http:\/\/ludzie.fundacja-pih.pl\/index.php\/wp-json\/wp\/v2\/product\/1062"}],"collection":[{"href":"http:\/\/ludzie.fundacja-pih.pl\/index.php\/wp-json\/wp\/v2\/product"}],"about":[{"href":"http:\/\/ludzie.fundacja-pih.pl\/index.php\/wp-json\/wp\/v2\/types\/product"}],"wp:featuredmedia":[{"embeddable":true,"href":"http:\/\/ludzie.fundacja-pih.pl\/index.php\/wp-json\/wp\/v2\/media\/1934"}],"wp:attachment":[{"href":"http:\/\/ludzie.fundacja-pih.pl\/index.php\/wp-json\/wp\/v2\/media?parent=1062"}],"curies":[{"name":"wp","href":"https:\/\/api.w.org\/{rel}","templated":true}]}}