{"id":1066,"date":"2021-01-07T12:43:45","date_gmt":"2021-01-07T12:43:45","guid":{"rendered":"http:\/\/ludzie.fundacja-pih.pl\/?post_type=product&#038;p=1066"},"modified":"2025-05-16T14:11:01","modified_gmt":"2025-05-16T14:11:01","slug":"potyrala-kazimierz","status":"publish","type":"product","link":"http:\/\/ludzie.fundacja-pih.pl\/index.php\/product\/potyrala-kazimierz\/","title":{"rendered":"Potyra\u0142a Kazimierz"},"content":{"rendered":"<p>Urodzi\u0142 si\u0119 5 marca 1958 roku w Ja\u015ble, zm. 6 maja 2020 roku w Ja\u015ble.<\/p>\n<p>Od 1980 roku nale\u017ca\u0142 do NSZZ \u201eSolidarno\u015b\u0107\u201d w Zak\u0142adach Tworzyw Sztucznych \u201eGamrat&#8221; Jas\u0142o. W 1981 roku pracowa\u0142 na kontrakcie w NRD. Po powrocie podj\u0105\u0142 prac\u0119 w Przedsi\u0119biorstwie Poszukiwa\u0144 Nafty i Gazu Jas\u0142o, a od marca 1983 roku ponownie podj\u0105\u0142 prac\u0119 w ZTS \u201eGamrat&#8221;. 1 maja 1983 roku, wraz z innymi cz\u0142onkami rodziny oraz narzeczon\u0105 bra\u0142 udzia\u0142 w manifestacji w Ja\u015ble. Akcja ta, zorganizowana po mszy \u015bw. o godz. 9.00 w ko\u015bciele \u015bw. Stanis\u0142awa w Ja\u015ble, mia\u0142a charakter kontrmanifestacji przeciw odbywaj\u0105cemu si\u0119 w tym samym czasie pochodowi pierwszomajowemu. Kazimierz Potyra\u0142a bra\u0142 aktywny udzia\u0142 w demonstracji, wznosz\u0105c okrzyki na cze\u015b\u0107 \u201eSolidarno\u015bci\u201d oraz sk\u0142adaj\u0105c kwiaty pod pomnikiem T. Ko\u015bciuszki w parku miejskim. Po zako\u0144czeniu manifestacji zosta\u0142 zatrzymany, przewieziony do Komendy Miejskiej MO w Ja\u015ble i po przes\u0142uchaniu zwolniony. W latach osiemdziesi\u0105tych zajmowa\u0142 si\u0119 dystrybucj\u0105 podziemnej prasy i ulotek, m.in. wydawanego w Ja\u015ble Biuletynu Informacyjnego \u201eSolidarno\u015b\u0107\u201d. Wsp\u00f3\u0142pracowa\u0142 z Kornelem Morawieckim i dzia\u0142a\u0142 w strukturach SW. W styczniu 1987 roku zosta\u0142 eksmitowany z rodzin\u0105 z mieszkania zak\u0142adowego. W styczniu 1989 roku wszed\u0142 w sk\u0142ad Komitetu Za\u0142o\u017cycielskiego NSZZ \u201eSolidarno\u015b\u0107\u201d Pracownik\u00f3w Zak\u0142ad\u00f3w Tworzyw Sztucznych \u201eGamrat\u201d w Ja\u015ble. W 2017 roku  na podstawie postanowienia Prezydenta RP \u2013 nr 453\/2017 &#8211;  nadano mu Krzy\u017c Wolno\u015bci i Solidarno\u015bci.<\/p>\n","protected":false},"excerpt":{"rendered":"<p>Urodzi\u0142 si\u0119 5 marca 1958 roku w Ja\u015ble, zm. 6 maja 2020 roku w Ja\u015ble. Od 1980 roku nale\u017ca\u0142 do NSZZ \u201eSolidarno\u015b\u0107\u201d w Zak\u0142adach Tworzyw Sztucznych \u201eGamrat&#8221; Jas\u0142o. W 1981 roku pracowa\u0142 na kontrakcie w NRD. Po powrocie podj\u0105\u0142 prac\u0119 w Przedsi\u0119biorstwie Poszukiwa\u0144 Nafty i Gazu Jas\u0142o, a od marca 1983 roku ponownie podj\u0105\u0142 prac\u0119 [&hellip;]<\/p>\n","protected":false},"featured_media":1067,"template":"","meta":[],"_links":{"self":[{"href":"http:\/\/ludzie.fundacja-pih.pl\/index.php\/wp-json\/wp\/v2\/product\/1066"}],"collection":[{"href":"http:\/\/ludzie.fundacja-pih.pl\/index.php\/wp-json\/wp\/v2\/product"}],"about":[{"href":"http:\/\/ludzie.fundacja-pih.pl\/index.php\/wp-json\/wp\/v2\/types\/product"}],"wp:featuredmedia":[{"embeddable":true,"href":"http:\/\/ludzie.fundacja-pih.pl\/index.php\/wp-json\/wp\/v2\/media\/1067"}],"wp:attachment":[{"href":"http:\/\/ludzie.fundacja-pih.pl\/index.php\/wp-json\/wp\/v2\/media?parent=1066"}],"curies":[{"name":"wp","href":"https:\/\/api.w.org\/{rel}","templated":true}]}}