{"id":1068,"date":"2021-01-07T12:44:18","date_gmt":"2021-01-07T12:44:18","guid":{"rendered":"http:\/\/ludzie.fundacja-pih.pl\/?post_type=product&#038;p=1068"},"modified":"2025-05-16T14:11:01","modified_gmt":"2025-05-16T14:11:01","slug":"bak-kazimierz","status":"publish","type":"product","link":"http:\/\/ludzie.fundacja-pih.pl\/index.php\/product\/bak-kazimierz\/","title":{"rendered":"B\u0105k Kazimierz"},"content":{"rendered":"<p>syn J\u00f3zefa, ur. 28.02.1949 w m. G\u00f3rki.<br \/>\nHydrogeolog, wiertnik.<\/p>\n<p>W 1968 szykanowany przez krakowsk\u0105 bezpiek\u0119 za udzia\u0142 w protestach studenckich. Podczas inwazji wojsk Uk\u0142adu Warszawskiego inwigilowany z powodu rozpowszechniania informacji o przemarszu wojska sowieckiego przez Polsk\u0119. Od 1980 zaanga\u017cowany w organizowanie \u201eSolidarno\u015bci Wiejskiej\u201d na terenie gminy Borowa k. Mielca. W lutym 1981 wspiera\u0142 strajki rzeszowsko-ustrzyckie, natomiast w listopadzie 1981 uczestniczy\u0142 w strajku okupacyjnym Urz\u0119du Gminy w Czerminie. By\u0142 pierwszym przewodnicz\u0105cym Ko\u0142a Wiejskiego NSZZ Rolnik\u00f3w Indywidualnych \u201eSolidarno\u015b\u0107\u201d w G\u00f3rkach. W stanie wojennym kilkakrotnie zatrzymywany.<br \/>\nOd 1984 sympatyk a od 1985 wsp\u00f3\u0142pracownik Solidarno\u015bci Walcz\u0105cej w grupie \u201ePrzec\u0142aw\u201d rzeszowskiego oddz. SW. Grup\u0105 kierowa\u0142 Janusz Kopera z Bia\u0142ego Boru i p\u0142k. Aleksander Rusin z Dobrynina. Grupa oddzia\u0142ywa\u0142a na kilka gmin, w kt\u00f3rych mia\u0142a swoich, w tym K. B\u0105ka kt\u00f3ry zajmowa\u0142 si\u0119 g\u0142\u00f3wnie kolporta\u017cem prasy ale tak\u017ce zbieraniem informacji o nastrojach spo\u0142ecznych i mo\u017cliwo\u015bci pozyskiwania ludzi do wsp\u00f3\u0142pracy.<br \/>\nOdznaczony Krzy\u017cem Solidarno\u015bci Walcz\u0105cej (2011), Krzy\u017cem Wolno\u015bci i Solidarno\u015bci (2020)<\/p>\n<p>Andrzej Rozw\u00f3d, Janusz Szkutnik<\/p>\n","protected":false},"excerpt":{"rendered":"<p>syn J\u00f3zefa, ur. 28.02.1949 w m. G\u00f3rki. Hydrogeolog, wiertnik. W 1968 szykanowany przez krakowsk\u0105 bezpiek\u0119 za udzia\u0142 w protestach studenckich. Podczas inwazji wojsk Uk\u0142adu Warszawskiego inwigilowany z powodu rozpowszechniania informacji o przemarszu wojska sowieckiego przez Polsk\u0119. Od 1980 zaanga\u017cowany w organizowanie \u201eSolidarno\u015bci Wiejskiej\u201d na terenie gminy Borowa k. Mielca. W lutym 1981 wspiera\u0142 strajki rzeszowsko-ustrzyckie, [&hellip;]<\/p>\n","protected":false},"featured_media":1069,"template":"","meta":[],"_links":{"self":[{"href":"http:\/\/ludzie.fundacja-pih.pl\/index.php\/wp-json\/wp\/v2\/product\/1068"}],"collection":[{"href":"http:\/\/ludzie.fundacja-pih.pl\/index.php\/wp-json\/wp\/v2\/product"}],"about":[{"href":"http:\/\/ludzie.fundacja-pih.pl\/index.php\/wp-json\/wp\/v2\/types\/product"}],"wp:featuredmedia":[{"embeddable":true,"href":"http:\/\/ludzie.fundacja-pih.pl\/index.php\/wp-json\/wp\/v2\/media\/1069"}],"wp:attachment":[{"href":"http:\/\/ludzie.fundacja-pih.pl\/index.php\/wp-json\/wp\/v2\/media?parent=1068"}],"curies":[{"name":"wp","href":"https:\/\/api.w.org\/{rel}","templated":true}]}}