{"id":1075,"date":"2021-01-07T12:53:22","date_gmt":"2021-01-07T12:53:22","guid":{"rendered":"http:\/\/ludzie.fundacja-pih.pl\/?post_type=product&#038;p=1075"},"modified":"2025-05-16T14:11:02","modified_gmt":"2025-05-16T14:11:02","slug":"karcz-leszek","status":"publish","type":"product","link":"http:\/\/ludzie.fundacja-pih.pl\/index.php\/product\/karcz-leszek\/","title":{"rendered":"Karcz Leszek"},"content":{"rendered":"<p>Urodzi\u0142 si\u0119 24 marca 1947 roku w Skale. <\/p>\n<p>W 1972 roku uko\u0144czy\u0142 studia na Wydziale Geodezji G\u00f3rniczej na Akademii G\u00f3rniczo-Hutniczej w Krakowie. W latach 1972 &#8211; 1975 by\u0142 zatrudniony w Przedsi\u0119biorstwie Geodezyjno-Geologicznym Geoprojekt w Krakowie. W latach 1975 \u2013 1978 pracowa\u0142 w Przedsi\u0119biorstwie Geodezyjnym, a nast\u0119pnie w Biurze Geodety Miejskiego w Urz\u0119dzie Miejskim w Kro\u015bnie. Od grudnia 1980 roku by\u0142 etatowym pracownikiem \u201eSolidarno\u015bci\u201d Regionu Podkarpacie. Wiosn\u0105 1981 roku wst\u0105pi\u0142 do NSZZ \u201eSolidarno\u015b\u0107\u201d. Pocz\u0105tkowo  szefowa\u0142 Biuru Organizacyjnemu, nast\u0119pnie by\u0142 pracownikiem Biura Interwencyjnego i Sekcji Informacyjnej. Redagowa\u0142 i kolportowa\u0142 czasopismo \u201eSolidarno\u015b\u0107 Podkarpacka\u201d. Wchodzi\u0142 w sk\u0142ad pierwszego Zarz\u0105du KIK w Kro\u015bnie. By\u0142 r\u00f3wnie\u017c pierwszym redaktorem wydawanego przez KIK \u201eBiuletynu Informacyjnego\u201d. 30 wrze\u015bnia 1981 roku, wbrew decyzji ZR, nada\u0142 z Krosna teleks do delegat\u00f3w I KZD z wypowiedzi\u0105 Albina Siwaka (cz\u0142onka KC i Biura Politycznego) dotycz\u0105c\u0105 zatwierdzonych ju\u017c plan\u00f3w si\u0142owego rozwi\u0105zania kwestii opozycji solidarno\u015bciowej w Polsce.<br \/>\nPo wprowadzeniu stanu wojennego, organizowa\u0142 pomoc os\u00f3b dla represjonowanych. 13 stycznia 1982 roku zosta\u0142 internowany i odsadzony w O\u015brodku Odosobnienia w Uhercach, gdzie wzi\u0105\u0142 udzia\u0142 w g\u0142od\u00f3wce. 19 kwietnia 1982 roku przeniesiono go do Za\u0142\u0119\u017ca k. Rzeszowa, tam r\u00f3wnie\u017c uczestniczy\u0142 w g\u0142od\u00f3wce. 12 lipca 1982 roku zosta\u0142 zn\u00f3w przeniesiony do Nowego \u0141upkowa. Leszka Karcza zwolniono 22 lipca 1982 roku. W trakcie internowania wykonywa\u0142 m.in. piecz\u0105tki i stemple, a tak\u017ce sztandar z wizerunkiem Matki Bo\u017cej Bolesnej, po\u015bwi\u0119conego w czasie mszy \u015bw. odprawianej przez ks. Bronis\u0142awa Jastrz\u0119bskiego 21 stycznia 1982 roku w Uhercach. Po zwolnieniu wsp\u00f3\u0142organizowa\u0142 Duszpasterstwo Ludzi Pracy przy klasztorze oo. Kapucyn\u00f3w w Kro\u015bnie. Od listopada 1982 roku wchodzi\u0142 w sk\u0142ad TKW Regionu Podkarpacie. Kolportowa\u0142 pras\u0119 podziemn\u0105, ksi\u0105\u017cki, ulotki i inne materia\u0142y podziemne. W latach 1983 &#8211; 1987 pobiera\u0142 \u015bwiadczenie rentowe. W latach 1986 &#8211; 1990 pracowa\u0142 jako rzemie\u015blnik. W 1985 roku rozpocz\u0105\u0142 wsp\u00f3\u0142prac\u0119 z   \u201eSolidarno\u015bci\u0105 Walcz\u0105c\u0105\u201d. W latach 1985 &#8211; 1986 promowa\u0142 niezale\u017cn\u0105 kultur\u0119, organizowa\u0142 nielegalne koncerty patriotyczne.<br \/>\nBy\u0142 przeciwnikiem porozumie\u0144 Okr\u0105g\u0142ego Sto\u0142u. W 1990 podczas wybor\u00f3w prezydenckich pe\u0142ni\u0142 funkcj\u0119 \u0142\u0105cznika Sztabu Wyborczego Lecha Wa\u0142\u0119sy na \u00f3wczesne wojew\u00f3dztwo kro\u015bnie\u0144skie. Po roku 1990 zosta\u0142 licencjonowanym agentem ubezpieczeniowym.<br \/>\nOd po\u0142owy maja 1984 roku do 14 marca 1986 roku by\u0142 rozpracowywany przez Wydz. III WUSW w Kro\u015bnie w ramach SOR o kryptonimie \u201eUparty\u201d, natomiast od 22 maja 1986 roku w ramach SOR o kryptonimie \u201eSekta\u201d.<\/p>\n","protected":false},"excerpt":{"rendered":"<p>Urodzi\u0142 si\u0119 24 marca 1947 roku w Skale. W 1972 roku uko\u0144czy\u0142 studia na Wydziale Geodezji G\u00f3rniczej na Akademii G\u00f3rniczo-Hutniczej w Krakowie. W latach 1972 &#8211; 1975 by\u0142 zatrudniony w Przedsi\u0119biorstwie Geodezyjno-Geologicznym Geoprojekt w Krakowie. W latach 1975 \u2013 1978 pracowa\u0142 w Przedsi\u0119biorstwie Geodezyjnym, a nast\u0119pnie w Biurze Geodety Miejskiego w Urz\u0119dzie Miejskim w Kro\u015bnie. [&hellip;]<\/p>\n","protected":false},"featured_media":1076,"template":"","meta":[],"_links":{"self":[{"href":"http:\/\/ludzie.fundacja-pih.pl\/index.php\/wp-json\/wp\/v2\/product\/1075"}],"collection":[{"href":"http:\/\/ludzie.fundacja-pih.pl\/index.php\/wp-json\/wp\/v2\/product"}],"about":[{"href":"http:\/\/ludzie.fundacja-pih.pl\/index.php\/wp-json\/wp\/v2\/types\/product"}],"wp:featuredmedia":[{"embeddable":true,"href":"http:\/\/ludzie.fundacja-pih.pl\/index.php\/wp-json\/wp\/v2\/media\/1076"}],"wp:attachment":[{"href":"http:\/\/ludzie.fundacja-pih.pl\/index.php\/wp-json\/wp\/v2\/media?parent=1075"}],"curies":[{"name":"wp","href":"https:\/\/api.w.org\/{rel}","templated":true}]}}