{"id":1083,"date":"2021-01-07T12:56:04","date_gmt":"2021-01-07T12:56:04","guid":{"rendered":"http:\/\/ludzie.fundacja-pih.pl\/?post_type=product&#038;p=1083"},"modified":"2025-05-16T14:11:04","modified_gmt":"2025-05-16T14:11:04","slug":"majka-robert","status":"publish","type":"product","link":"http:\/\/ludzie.fundacja-pih.pl\/index.php\/product\/majka-robert\/","title":{"rendered":"Majka Robert"},"content":{"rendered":"<p>Urodzi\u0142 si\u0119 ur. 27 czerwca 1962 roku w Przemy\u015blu.<\/p>\n<p>17 wrze\u015bnia 1981 roku wst\u0105pi\u0142 do NSZZ \u201eSolidarno\u015b\u0107\u201d w Zak\u0142adzie Przetw\u00f3rstwa Owocowo-Warzywnego \u201ePomona\u201d w Przemy\u015blu. Za bojkot pochodu pierwszomajowego zosta\u0142 zwolniony z pracy. W lutym 1983 roku za odmow\u0119 przystapienia do OPZZ i za noszenie znaczka \u201eSolidarno\u015bci\u201d zwolniony z kolejnego zak\u0142adu pracy tj. WP \u201eSonwil\u201d. W 1987 roku by\u0142  bezskutecznie zmuszany do wsp\u00f3\u0142pracy przez SB. W lipcu 1988 roku, za ostentacyjn\u0105 krytyk\u0119 w\u0142adz zwolniony z pracy w MPK. Z Zak\u0142ad\u00f3w P\u0142yt Pil\u015bniowych zwolniony po kilku miesi\u0105cach za pikiet\u0119 w obronie Vaclava Havla i innych wi\u0119\u017ani\u00f3w politycznych. W grudniu 1988 roku Robert Majka bra\u0142 czynny udzia\u0142 w prote\u015bcie g\u0142odowym w Warszawie na rzecz uwolnienia Vaclava Havla. W maju tego samego roku, w czasie strajk\u00f3w, uczestniczy\u0142 w manifestacji pierwszomajowej w Nowej Hucie. 29 wrze\u015bnia 1988 roku, podczas procesu J\u00f3zefa Piniora z Polskiej Partii Socjalistycznej \u2013 Rewolucja Demokratyczna, protestowa\u0142 przeciwko os\u0105dzaniu ludzi za pogl\u0105dy. By\u0142 kilkakrotnie karany przez kolegia ds. wykrocze\u0144. Od 1988 roku by\u0142 cz\u0142onkiem PPS RD i \u201eSolidarno\u015bci Walcz\u0105cej\u201d. W latach 1990 \u2013 1997 dzia\u0142a\u0142 w Partii Wolno\u015bci. Od 1990 do 1997 by\u0142 dziennikarzem \u201eSolidarno\u015bci Walcz\u0105cej\u201d, a w latach 1994 \u2013 2007 redaktorem kwartalnika \u201eWolna Polska\u201d. W latach 1995 \u2013 2015 by\u0142 specjalist\u0105 w Urz\u0119dzie Miasta Przemy\u015bla. Od 2015 do 2017 pracownikiem administracyjnym w Stra\u017cy Miejskiej tam\u017ce. W okresie lat 2002 \u2013 2006 by\u0142 radnym Rady Miejskiej w Przemy\u015blu (Klub Ligi Polskich Rodzin\/niezale\u017cny). W latach 2015 \u2013 2018 by\u0142 cz\u0142onkiem Trybuna\u0142u Stanu, a od 2018 do 2019, pos\u0142em RP z listy Kukiz \u201915\/niezrzeszony\/Konfederacja. Od 2019 jest niezale\u017cnym pisarzem, politologiem i zajmuje si\u0119 analizami politycznymi.<\/p>\n","protected":false},"excerpt":{"rendered":"<p>Urodzi\u0142 si\u0119 ur. 27 czerwca 1962 roku w Przemy\u015blu. 17 wrze\u015bnia 1981 roku wst\u0105pi\u0142 do NSZZ \u201eSolidarno\u015b\u0107\u201d w Zak\u0142adzie Przetw\u00f3rstwa Owocowo-Warzywnego \u201ePomona\u201d w Przemy\u015blu. Za bojkot pochodu pierwszomajowego zosta\u0142 zwolniony z pracy. W lutym 1983 roku za odmow\u0119 przystapienia do OPZZ i za noszenie znaczka \u201eSolidarno\u015bci\u201d zwolniony z kolejnego zak\u0142adu pracy tj. WP \u201eSonwil\u201d. W [&hellip;]<\/p>\n","protected":false},"featured_media":1084,"template":"","meta":[],"_links":{"self":[{"href":"http:\/\/ludzie.fundacja-pih.pl\/index.php\/wp-json\/wp\/v2\/product\/1083"}],"collection":[{"href":"http:\/\/ludzie.fundacja-pih.pl\/index.php\/wp-json\/wp\/v2\/product"}],"about":[{"href":"http:\/\/ludzie.fundacja-pih.pl\/index.php\/wp-json\/wp\/v2\/types\/product"}],"wp:featuredmedia":[{"embeddable":true,"href":"http:\/\/ludzie.fundacja-pih.pl\/index.php\/wp-json\/wp\/v2\/media\/1084"}],"wp:attachment":[{"href":"http:\/\/ludzie.fundacja-pih.pl\/index.php\/wp-json\/wp\/v2\/media?parent=1083"}],"curies":[{"name":"wp","href":"https:\/\/api.w.org\/{rel}","templated":true}]}}