{"id":1085,"date":"2021-01-07T12:56:45","date_gmt":"2021-01-07T12:56:45","guid":{"rendered":"http:\/\/ludzie.fundacja-pih.pl\/?post_type=product&#038;p=1085"},"modified":"2025-05-16T14:11:05","modified_gmt":"2025-05-16T14:11:05","slug":"kargol-slawomira","status":"publish","type":"product","link":"http:\/\/ludzie.fundacja-pih.pl\/index.php\/product\/kargol-slawomira\/","title":{"rendered":"Kargol S\u0142awina"},"content":{"rendered":"<p>Urodzi\u0142a si\u0119 w 1930 w Krzeszowie Dolnym. Pracowa\u0142a w Teatrze Lalki i Aktora \u201eKacperek\u201d w Rzeszowie, a nast\u0119pnie przesz\u0142a na rent\u0119. Od 1980 r. by\u0142a cz\u0142onkiem NSZZ \u201eSolidarno\u015b\u0107\u201d. Po wprowadzeniu stanu wojennego nawi\u0105za\u0142a wsp\u00f3\u0142prac\u0119 z aktywnymi dzia\u0142aczami zdelegalizowanej \u201eSolidarno\u015bci\u201d, uczestniczy\u0142a w akcjach pomocy rodzinom internowanych cz\u0142onk\u00f3w \u201eSolidarno\u015bci\u201d. Dzia\u0142a\u0142a r\u00f3wnie\u017c w sieci kolporta\u017cu podziemnych publikacji wydawanych przez Porozumienie Prasowe Solidarno\u015b\u0107 Zwyci\u0119\u017cy. W latach 1983-1987 pe\u0142ni\u0142a rol\u0119 \u0142\u0105cznika, przewo\u017c\u0105c informacje do os\u00f3b duchownych wspieraj\u0105cych dzia\u0142alno\u015b\u0107 podziemn\u0105 na terenie Rzeszowszczyzny. W okresie od 1983 r. do 1985 r. bra\u0142a udzia\u0142 w kolportowaniu wydawnictw OKOR i Solidarno\u015bci Walcz\u0105cej. W jej mieszkaniu dwukrotnie przeprowadzono rewizje: w zwi\u0105zku z dzia\u0142alno\u015bci\u0105 jej syna Jana Kargola-D\u0119bickiego w podziemnych strukturach Regionalnej Komisji Wykonawczej NSZZ \u201eSolidarno\u015b\u0107\u201d w Rzeszowie w dniu 14.04.1983 r. oraz w dniu 18.02.1985 r. w zwi\u0105zku z podejrzeniami o przechowywanie w jej mieszkaniu materia\u0142\u00f3w poligraficznych i urz\u0105dze\u0144 drukarskich. 18.07.1986 r. zosta\u0142a obj\u0119ta kontrol\u0105 operacyjn\u0105 przez Wydz. \u201eW\u201d SB na okres 6 miesi\u0119cy. W zwi\u0105zku z ubieganiem si\u0119 o wyjazd za granic\u0119 przeprowadzono z ni\u0105 rozmow\u0119 profilaktyczno-ostrzegawcz\u0105. W styczniu 1987 r. S\u0142awina Kargol wyjecha\u0142a do siostry mieszkaj\u0105cej w USA, w zwi\u0105zku z czym w lutym 1988 r. zadecydowano o zako\u0144czeniu prowadzenia kontroli operacyjnej do czasu jej powrotu.<br \/>\nW roku 2019 zosta\u0142o nadane odznaczenie Krzy\u017ca Wolno\u015bci i Solidarno\u015bci.<\/p>\n","protected":false},"excerpt":{"rendered":"<p>Urodzi\u0142a si\u0119 w 1930 w Krzeszowie Dolnym. Pracowa\u0142a w Teatrze Lalki i Aktora \u201eKacperek\u201d w Rzeszowie, a nast\u0119pnie przesz\u0142a na rent\u0119. Od 1980 r. by\u0142a cz\u0142onkiem NSZZ \u201eSolidarno\u015b\u0107\u201d. Po wprowadzeniu stanu wojennego nawi\u0105za\u0142a wsp\u00f3\u0142prac\u0119 z aktywnymi dzia\u0142aczami zdelegalizowanej \u201eSolidarno\u015bci\u201d, uczestniczy\u0142a w akcjach pomocy rodzinom internowanych cz\u0142onk\u00f3w \u201eSolidarno\u015bci\u201d. Dzia\u0142a\u0142a r\u00f3wnie\u017c w sieci kolporta\u017cu podziemnych publikacji wydawanych [&hellip;]<\/p>\n","protected":false},"featured_media":1086,"template":"","meta":[],"_links":{"self":[{"href":"http:\/\/ludzie.fundacja-pih.pl\/index.php\/wp-json\/wp\/v2\/product\/1085"}],"collection":[{"href":"http:\/\/ludzie.fundacja-pih.pl\/index.php\/wp-json\/wp\/v2\/product"}],"about":[{"href":"http:\/\/ludzie.fundacja-pih.pl\/index.php\/wp-json\/wp\/v2\/types\/product"}],"wp:featuredmedia":[{"embeddable":true,"href":"http:\/\/ludzie.fundacja-pih.pl\/index.php\/wp-json\/wp\/v2\/media\/1086"}],"wp:attachment":[{"href":"http:\/\/ludzie.fundacja-pih.pl\/index.php\/wp-json\/wp\/v2\/media?parent=1085"}],"curies":[{"name":"wp","href":"https:\/\/api.w.org\/{rel}","templated":true}]}}