{"id":1087,"date":"2021-01-07T12:57:28","date_gmt":"2021-01-07T12:57:28","guid":{"rendered":"http:\/\/ludzie.fundacja-pih.pl\/?post_type=product&#038;p=1087"},"modified":"2025-05-16T14:11:05","modified_gmt":"2025-05-16T14:11:05","slug":"sroka-roman","status":"publish","type":"product","link":"http:\/\/ludzie.fundacja-pih.pl\/index.php\/product\/sroka-roman\/","title":{"rendered":"Sroka Roman"},"content":{"rendered":"<p>Urodzi\u0142 si\u0119 10 marca 1961 roku w Le\u017cajsku.<\/p>\n<p>W 1981 roku zaosta\u0142 zatrudniony w \u201eS\u201d RI w Le\u017cajsku.<br \/>\nW latach 1982 &#8211; 1988 kolportowa\u0142 wydawnictwa podziemne. 3 maja 1983 roku zosta\u0142 zatrzymany po manifestacji patriotycznej w Rzeszowie i skazany przez kolegium ds. wykrocze\u0144 na kar\u0119 grzywny. By\u0142 inicjatorem dzia\u0142a\u0144 opozycyjnych na terenie Ziemi Le\u017cajskiej, g\u0142\u00f3wnie w ramach \u201eS\u201d RI.  By\u0142 tak\u017ce pomys\u0142odawc\u0105, wsp\u00f3\u0142wydawc\u0105, redaktorem i drukarzem pisma TKW w Le\u017cajsku \u201e\u017b\u0105d\u0142o\u201d. W 1984 roku rozpocza\u0142 wsp\u00f3\u0142prac\u0119 z rzeszowskim oddzia\u0142em \u201eSolidarno\u015bci Walcz\u0105cej\u201d. Wielokrotnie by\u0142 zatrzymywany, przes\u0142uchiwany i przeszukiwany. Od marca 1984 roku wsp\u00f3\u0142organizowa\u0142 struktury TKW w Le\u017cajsku. W lutym 1985 roku, po obchodach czwartej rocznicy Porozumie\u0144 Rzeszowsko-Ustrzyckich, zosta\u0142 zatrzymany i po kilkugodzinnym przes\u0142uchaniu, zwolniony. Wkr\u00f3tce potem  kilkakrotnie przeprowadzano z nim tzw. rozmowy ostrzegawcze. 28 marca 1985 roku zosta\u0142 aresztowany za druk materia\u0142\u00f3w wzywaj\u0105cych do udzia\u0142u w strajku og\u0142oszonym przez TKK na dzie\u0144 28 lutego 1985 roku oraz za ich kolporta\u017c na terenie Biedaczowa, Woli \u017barczyckiej, Brz\u00f3zy Kr\u00f3lewskiej, Brz\u00f3zy Stadnickiej oraz Brzyskiej Woli. By\u0142 s\u0105dzony wraz z Andrzejem Filipczykiem i Jerzym Kajakiem. 17 maja 1985 roku, Roman Sroka zosta\u0142 skazany na kar\u0119 jednego roku pozbawienia wolno\u015bci. Do stycznia 1986 roku by\u0142 wi\u0119ziony w Zak\u0142adach Karnych w Za\u0142\u0119\u017cu k. Rzeszowa, \u0141\u0119czycy i Barczewie. W latach 1986 &#8211; 1988 kolportowa\u0142 pras\u0119 podziemn\u0105 otrzymywan\u0105 z Rzeszowa w tym m.in. \u201eSolidarno\u015b\u0107 Trwa\u201d, \u201eGalicja\u201d, \u201eSolidarno\u015b\u0107 Walcz\u0105ca\u201d, \u201eZ Dnia na Dzie\u0144\u201d, \u201eHutnik\u201d, \u201eTygodnik Mazowsze\u201d. W 2009 roku zosta\u0142 odznaczony Krzy\u017cem Oficerskim Orderu Odrodzenia Polski.<\/p>\n","protected":false},"excerpt":{"rendered":"<p>Urodzi\u0142 si\u0119 10 marca 1961 roku w Le\u017cajsku. W 1981 roku zaosta\u0142 zatrudniony w \u201eS\u201d RI w Le\u017cajsku. W latach 1982 &#8211; 1988 kolportowa\u0142 wydawnictwa podziemne. 3 maja 1983 roku zosta\u0142 zatrzymany po manifestacji patriotycznej w Rzeszowie i skazany przez kolegium ds. wykrocze\u0144 na kar\u0119 grzywny. By\u0142 inicjatorem dzia\u0142a\u0144 opozycyjnych na terenie Ziemi Le\u017cajskiej, g\u0142\u00f3wnie [&hellip;]<\/p>\n","protected":false},"featured_media":1088,"template":"","meta":[],"_links":{"self":[{"href":"http:\/\/ludzie.fundacja-pih.pl\/index.php\/wp-json\/wp\/v2\/product\/1087"}],"collection":[{"href":"http:\/\/ludzie.fundacja-pih.pl\/index.php\/wp-json\/wp\/v2\/product"}],"about":[{"href":"http:\/\/ludzie.fundacja-pih.pl\/index.php\/wp-json\/wp\/v2\/types\/product"}],"wp:featuredmedia":[{"embeddable":true,"href":"http:\/\/ludzie.fundacja-pih.pl\/index.php\/wp-json\/wp\/v2\/media\/1088"}],"wp:attachment":[{"href":"http:\/\/ludzie.fundacja-pih.pl\/index.php\/wp-json\/wp\/v2\/media?parent=1087"}],"curies":[{"name":"wp","href":"https:\/\/api.w.org\/{rel}","templated":true}]}}