{"id":1095,"date":"2021-01-07T13:00:18","date_gmt":"2021-01-07T13:00:18","guid":{"rendered":"http:\/\/ludzie.fundacja-pih.pl\/?post_type=product&#038;p=1095"},"modified":"2025-05-16T14:11:07","modified_gmt":"2025-05-16T14:11:07","slug":"wojcik-stefan","status":"publish","type":"product","link":"http:\/\/ludzie.fundacja-pih.pl\/index.php\/product\/wojcik-stefan\/","title":{"rendered":"W\u00f3jcik Stefan"},"content":{"rendered":"<p>Urodzi\u0142 si\u0119 10 listopad 1921 roku, zm. 10 czerwca 1994 roku.<\/p>\n<p>By\u0142 \u017co\u0142nierzem Armii Krajowej. W latach 1980 &#8211; 1981 nale\u017ca\u0142 do NSZZ Rolnik\u00f3w \u201eSolidarno\u015b\u0107 Wiejska\u201d, a nast\u0119pnie NSZZ Rolnik\u00f3w Indywidualnych \u201eSolidarno\u015b\u0107\u201d. W grudniu 1982 roku, przed rozpraw\u0105 w Wojskowym S\u0105dzie Garnizonowym w Rzeszowie, wymusi\u0142 z Januszem Szkutnikiem, zmian\u0119 zezna\u0144 \u015bwiadka oskar\u017cenia w sprawie przeciwko Jerzemu Ziobro ze Strzy\u017cowa. Od marca 1983 roku szefowa\u0142 \u201eSolidarno\u015bci Walcz\u0105cej\u201d Grupie Strzy\u017c\u00f3w. W maju tego samego roku wszed\u0142 w sk\u0142ad Og\u00f3lnopolskiego Komitetu Oporu Rolnik\u00f3w. Od marca 1983 roku by\u0142 cz\u0142onkiem grupy kontrwywiadu SW na terenie woj. rzeszowskiego. Ujawnia\u0142 kontakty i spotkania dzia\u0142aczy NSZZ \u201eSolidarno\u015b\u0107\u201d z funkcjonariuszami S\u0142u\u017cby Bezpiecze\u0144stwa. By\u0142 wielokrotnie przes\u0142uchiwany i szykanowany przez Wojew\u00f3dzki Urz\u0105d Bezpiecze\u0144stwa Publicznego a nast\u0119pnie S\u0142u\u017cb\u0119 Bezpiecze\u0144stwa. <\/p>\n","protected":false},"excerpt":{"rendered":"<p>Urodzi\u0142 si\u0119 10 listopad 1921 roku, zm. 10 czerwca 1994 roku. By\u0142 \u017co\u0142nierzem Armii Krajowej. W latach 1980 &#8211; 1981 nale\u017ca\u0142 do NSZZ Rolnik\u00f3w \u201eSolidarno\u015b\u0107 Wiejska\u201d, a nast\u0119pnie NSZZ Rolnik\u00f3w Indywidualnych \u201eSolidarno\u015b\u0107\u201d. W grudniu 1982 roku, przed rozpraw\u0105 w Wojskowym S\u0105dzie Garnizonowym w Rzeszowie, wymusi\u0142 z Januszem Szkutnikiem, zmian\u0119 zezna\u0144 \u015bwiadka oskar\u017cenia w sprawie przeciwko [&hellip;]<\/p>\n","protected":false},"featured_media":1096,"template":"","meta":[],"_links":{"self":[{"href":"http:\/\/ludzie.fundacja-pih.pl\/index.php\/wp-json\/wp\/v2\/product\/1095"}],"collection":[{"href":"http:\/\/ludzie.fundacja-pih.pl\/index.php\/wp-json\/wp\/v2\/product"}],"about":[{"href":"http:\/\/ludzie.fundacja-pih.pl\/index.php\/wp-json\/wp\/v2\/types\/product"}],"wp:featuredmedia":[{"embeddable":true,"href":"http:\/\/ludzie.fundacja-pih.pl\/index.php\/wp-json\/wp\/v2\/media\/1096"}],"wp:attachment":[{"href":"http:\/\/ludzie.fundacja-pih.pl\/index.php\/wp-json\/wp\/v2\/media?parent=1095"}],"curies":[{"name":"wp","href":"https:\/\/api.w.org\/{rel}","templated":true}]}}