{"id":1097,"date":"2021-01-07T13:00:53","date_gmt":"2021-01-07T13:00:53","guid":{"rendered":"http:\/\/ludzie.fundacja-pih.pl\/?post_type=product&#038;p=1097"},"modified":"2025-05-16T14:11:08","modified_gmt":"2025-05-16T14:11:08","slug":"litwin-zofia","status":"publish","type":"product","link":"http:\/\/ludzie.fundacja-pih.pl\/index.php\/product\/litwin-zofia\/","title":{"rendered":"Litwin Zofia"},"content":{"rendered":"<p>Urodzi\u0142a si\u0119 12 lutego 1940 roku w Katarynicach, zm. 19 czerwca 2020 roku w Rzeszowie.<\/p>\n<p>W czerwcu 1944 roku jej rodzina zosta\u0142a zmuszona do opuszczenia swojego gospodarstwa w okolicach Lwowa i osiedli\u0142a si\u0119 w Boguchwale ko\u0142o Rzeszowa. Zofia Litwin w 1980 roku wst\u0105pi\u0142a NSZZ \u201eSolidarno\u015b\u0107\u201d jako pracownik rzeszowskiego Miastoprojektu. W 1982 roku rozpocz\u0119\u0142a dzia\u0142alno\u015b\u0107 w siatce kolporta\u017cowej podziemnej prasy zwi\u0105zkowej wsp\u00f3\u0142pracuj\u0105c z Jerzym Lignarskim i Andrzejem Kucharskim z Inwestprojektu w Rzeszowie. W listopadzie 1982 roku, wsp\u00f3lnie z Karolin\u0105 Boreck\u0105, ukrywa\u0142y przez tydzie\u0144 w Lutory\u017cu Janusza Szkutnika. Od sierpnia 1983 roku, dla Porozumienia Prasowego \u201eSolidarno\u015b\u0107 Zwyci\u0119\u017cy\u201d organizowa\u0142a papier a nast\u0119pnie czcionki drukarskie monotyp i farb\u0119 drukarsk\u0105. Prowadzi\u0142a tzw. punkt kontaktowy do wymiany informacji i wydawnictw zwi\u0105zkowych i \u201eSolidarno\u015bci Walcz\u0105cej\u201d. W lipcu 1984 roku zosta\u0142a zatrzymana przez SB. By\u0142a sta\u0142\u0105 uczestniczk\u0105 mszy \u015bw. za Ojczyzn\u0119 i mszy rocznicowych takich jak w rocznic\u0119 uchwalenia Konstytucji 3 Maja, czy w rocznic\u0119 odzyskania niepodleg\u0142o\u015bci 11 listopada. Zofia Litwin wsp\u00f3\u0142pracowa\u0142a z \u201eSolidarno\u015bci\u0105 Walcz\u0105c\u0105\u201d oraz Porozumieniem Prasowym \u201eSolidarno\u015b\u0107 Zwyci\u0119\u017cy\u201d do 1988 roku. W 2011 zosta\u0142a odznaczona Krzy\u017cem Solidarno\u015bci Walcz\u0105cej, w 2020 roku, przyznano jej po\u015bmiertnie Krzy\u017c Wolno\u015bci i Solidarno\u015bci.<\/p>\n","protected":false},"excerpt":{"rendered":"<p>Urodzi\u0142a si\u0119 12 lutego 1940 roku w Katarynicach, zm. 19 czerwca 2020 roku w Rzeszowie. W czerwcu 1944 roku jej rodzina zosta\u0142a zmuszona do opuszczenia swojego gospodarstwa w okolicach Lwowa i osiedli\u0142a si\u0119 w Boguchwale ko\u0142o Rzeszowa. Zofia Litwin w 1980 roku wst\u0105pi\u0142a NSZZ \u201eSolidarno\u015b\u0107\u201d jako pracownik rzeszowskiego Miastoprojektu. W 1982 roku rozpocz\u0119\u0142a dzia\u0142alno\u015b\u0107 w [&hellip;]<\/p>\n","protected":false},"featured_media":1098,"template":"","meta":[],"_links":{"self":[{"href":"http:\/\/ludzie.fundacja-pih.pl\/index.php\/wp-json\/wp\/v2\/product\/1097"}],"collection":[{"href":"http:\/\/ludzie.fundacja-pih.pl\/index.php\/wp-json\/wp\/v2\/product"}],"about":[{"href":"http:\/\/ludzie.fundacja-pih.pl\/index.php\/wp-json\/wp\/v2\/types\/product"}],"wp:featuredmedia":[{"embeddable":true,"href":"http:\/\/ludzie.fundacja-pih.pl\/index.php\/wp-json\/wp\/v2\/media\/1098"}],"wp:attachment":[{"href":"http:\/\/ludzie.fundacja-pih.pl\/index.php\/wp-json\/wp\/v2\/media?parent=1097"}],"curies":[{"name":"wp","href":"https:\/\/api.w.org\/{rel}","templated":true}]}}