{"id":1103,"date":"2021-01-07T14:40:02","date_gmt":"2021-01-07T14:40:02","guid":{"rendered":"http:\/\/ludzie.fundacja-pih.pl\/?post_type=product&#038;p=1103"},"modified":"2025-05-16T14:11:09","modified_gmt":"2025-05-16T14:11:09","slug":"chamarczuk-dariusz","status":"publish","type":"product","link":"http:\/\/ludzie.fundacja-pih.pl\/index.php\/product\/chamarczuk-dariusz\/","title":{"rendered":"Chamarczuk Dariusz"},"content":{"rendered":"<p>Od 1986r dzia\u0142acz SW Szczecin,kolporter i drukarz pism SW Szczecin. Skrzynka kontaktowa w jego mieszkaniu. Wsp\u00f3\u0142pracownik pisma \u201eJedno\u015b\u0107\u201d. <\/p>\n","protected":false},"excerpt":{"rendered":"<p>Od 1986r dzia\u0142acz SW Szczecin,kolporter i drukarz pism SW Szczecin. Skrzynka kontaktowa w jego mieszkaniu. Wsp\u00f3\u0142pracownik pisma \u201eJedno\u015b\u0107\u201d.<\/p>\n","protected":false},"featured_media":1104,"template":"","meta":[],"_links":{"self":[{"href":"http:\/\/ludzie.fundacja-pih.pl\/index.php\/wp-json\/wp\/v2\/product\/1103"}],"collection":[{"href":"http:\/\/ludzie.fundacja-pih.pl\/index.php\/wp-json\/wp\/v2\/product"}],"about":[{"href":"http:\/\/ludzie.fundacja-pih.pl\/index.php\/wp-json\/wp\/v2\/types\/product"}],"wp:featuredmedia":[{"embeddable":true,"href":"http:\/\/ludzie.fundacja-pih.pl\/index.php\/wp-json\/wp\/v2\/media\/1104"}],"wp:attachment":[{"href":"http:\/\/ludzie.fundacja-pih.pl\/index.php\/wp-json\/wp\/v2\/media?parent=1103"}],"curies":[{"name":"wp","href":"https:\/\/api.w.org\/{rel}","templated":true}]}}