{"id":1111,"date":"2021-01-07T15:37:24","date_gmt":"2021-01-07T15:37:24","guid":{"rendered":"http:\/\/ludzie.fundacja-pih.pl\/?post_type=product&#038;p=1111"},"modified":"2025-05-16T14:11:11","modified_gmt":"2025-05-16T14:11:11","slug":"gurecki-winicjusz","status":"publish","type":"product","link":"http:\/\/ludzie.fundacja-pih.pl\/index.php\/product\/gurecki-winicjusz\/","title":{"rendered":"Gurecki Winicjusz"},"content":{"rendered":"<p>Urodzi\u0142 si\u0119 30 czerwca 1938 roku w \u0141odzi, zm. 28 czerwca 2019 roku w Mississauga, Ontario (Kanada). <\/p>\n<p>W 1976 roku uko\u0144czy\u0142 Studium Zawodowe w Zak\u0142adzie Doskonalenia Zawodowego w \u015awinouj\u015bciu. Jako ucze\u0144 VI klasy szko\u0142y podstawowej w \u0141odzi by\u0142 wsp\u00f3\u0142za\u0142o\u017cycielem i komendantem tajnej organizacji m\u0142odzie\u017cowej Sparta. W ramach dzia\u0142alno\u015bci w tej organizacji wykonywa\u0142 i rozkleja\u0142 ulotki na witrynach sklepowych. W latach 1964 \u2013 1968 pracowa\u0142 jako kelner w restauracji hotelu \u201eOrlinek i G\u00f3ralka\u201d w Karpaczu. W latach 1968 \u2013 1977 by\u0142 zatrudniony w Zak\u0142adach Gastronomicznych w \u015awinouj\u015bciu. W latach 1977 \u2013 1982 by\u0142 pracownikiem w Hotelu \u201eOrbis Continental\u201d w Szczecinie. W latach 1982 \u2013 1986 utrzymywa\u0142 si\u0119 z prac dorywczych. W sierpniu 1980 roku by\u0142 pomys\u0142odawc\u0105 i za\u0142o\u017cycielem Komisji Robotniczej w hotelach \u201eOrbis\u201d. Zosta\u0142 te\u017c delegatem do MKS w Stoczni Szczeci\u0144skiej im. Adolfa Warskiego z poparciem dla strajkuj\u0105cych i postulatami KR w \u201eOrbisie\u201d. We wrze\u015bniu 1980 roku wst\u0105pi\u0142 do NSZZ \u201eSolidarno\u015b\u0107\u201d. Zak\u0142ada\u0142 struktury \u201eSolidarno\u015bci\u201d w sieci hoteli \u201eOrbis\u201d. Od wrze\u015bnia 1980 roku do 13 grudnia 1981 roku przewodniczy\u0142 Komisji Robotniczej. 22 listopada 1980 roku by\u0142 delegatem na og\u00f3lnopolski walny zjazd pracownik\u00f3w turystyki w \u0141odzi. Od 22 listopada 1980 roku do roku 1981 nale\u017ca\u0142 do KKP NSZZ \u201eS\u201d Pracownik\u00f3w Turystyki, wchodzi\u0142 w sk\u0142ad grupy roboczej ds. zbiorowego uk\u0142adu pracy. Po wprowadzeniu stanu wojennego, przez dwa tygodnie pozostawa\u0142 w ukryciu. Pozyskiwa\u0142 informacje (z M. Korczakiem) o o\u015brodkach odosobnienia, o internowanych i wi\u0119zionych. Od stycznia 1982 roku do maja 1982 roku w redakcji \u201eJedno\u015bci\u201d by\u0142 odpowiedzialny za kolporta\u017c. 9 maja 1982 roku zosta\u0142 zatrzymany, 11 maja aresztowany i osadzony w areszcie KW MO, gdzie prowadzi\u0142 g\u0142od\u00f3wk\u0119. 20 wrze\u015bnia 1982 roku zosta\u0142 skazany przez S\u0105d Wojew\u00f3dzki w Szczecinie na kar\u0119 3 lat pozbawienia wolno\u015bci. Zosta\u0142 osadzony w ZK we Wroc\u0142awiu. Publikowa\u0142 w\u00f3wczas wiersze w podziemnej gazetce wi\u0119ziennej \u201eIg\u0142a Siedz\u0105cej Ekstremy\u201d, kolportowa\u0142 \u201eWiadomo\u015bci Bie\u017c\u0105ce\u201d i przemycane z zewn\u0105trz pismo \u201eZ Dnia na Dzie\u0144\u201d. 18 lutego 1983 roku zosta\u0142 zwolniony na pi\u0119ciodniow\u0105 przepustk\u0119, w czasie kt\u00f3rej uciek\u0142. 29 lipca 1983 roku zosta\u0142 zwolniony na mocy amnestii. 23 listopada 1984 roku zosta\u0142 cz\u0142onkiem i sygnatariuszem Deklaracji Za\u0142o\u017cycielskiej Regionalnego Spo\u0142ecznego Obywatelskiego Komitetu Obrony Praworz\u0105dno\u015bci Pomorza Zachodniego i wsp\u00f3\u0142organizatorem protestu, przeciwko odmowie zarejestrowania Komitetu, skierowanego do Sejmu PRL, przewodnicz\u0105cego Rady Pa\u0144stwa, Prokuratury Generalnej i Komisji Praw Cz\u0142owieka w  ONZ. Zosta\u0142 w\u00f3wczas obj\u0119ty \u015bledztwem. 13 sierpnia 1986 roku post\u0119powanie wobec niego umorzono na mocy amnestii. W latach 1982 \u2013 1986 by\u0142 wielokrotnie zatrzymywany, przes\u0142uchiwany i zastraszany. W pa\u017adzierniku 1986 roku wyemigrowa\u0142 do Kanady. W latach 1986 \u2013 1989 pe\u0142ni\u0142 funkcj\u0119 przedstawiciela \u201eS\u201d Regionu Pomorza Zachodniego w Kanadzie (na pro\u015bb\u0119 Mariana Jurczyka), realizowa\u0142 akcje zbi\u00f3rki pieni\u0119dzy w\u015br\u00f3d Polonii oraz innych \u015brodk\u00f3w na rzecz \u201eS\u201d oraz \u201eSolidarno\u015bci Walcz\u0105cej. Opiekowa\u0142 si\u0119 emigrantami politycznymi, by\u0142 \u0142\u0105cznikiem z biurem Adolfa Szutkiewicza w Szwecji i biurem \u201eS\u201d w Brukseli. Wsp\u00f3\u0142organizowa\u0142 i uczestniczy\u0142 w demonstracjach pod konsulatem PRL w Toronto. By\u0142 autorem artyku\u0142\u00f3w i wsp\u00f3\u0142wydawc\u0105 emigracyjnego biuletynu \u201eSolidarni\u201d. W 1986 roku zrzek\u0142 si\u0119 honorarium za tom wierszy \u201eDzi\u015b ja, skazany za Polsk\u0119\u201d  na rzecz pomocy szczeci\u0144skiemu podziemiu. W 2016 roku zosta\u0142 odznaczony  Krzy\u017cem Wolno\u015bci i Solidarno\u015bci. W latach 1985 \u2013 1986 by\u0142 rozpracowywany przez Wydzia\u0142 V WUSW w Szczecinie w ramach SOS o kryptonimie \u201eGrupa\u201d.<\/p>\n","protected":false},"excerpt":{"rendered":"<p>Urodzi\u0142 si\u0119 30 czerwca 1938 roku w \u0141odzi, zm. 28 czerwca 2019 roku w Mississauga, Ontario (Kanada). W 1976 roku uko\u0144czy\u0142 Studium Zawodowe w Zak\u0142adzie Doskonalenia Zawodowego w \u015awinouj\u015bciu. Jako ucze\u0144 VI klasy szko\u0142y podstawowej w \u0141odzi by\u0142 wsp\u00f3\u0142za\u0142o\u017cycielem i komendantem tajnej organizacji m\u0142odzie\u017cowej Sparta. W ramach dzia\u0142alno\u015bci w tej organizacji wykonywa\u0142 i rozkleja\u0142 ulotki [&hellip;]<\/p>\n","protected":false},"featured_media":1112,"template":"","meta":[],"_links":{"self":[{"href":"http:\/\/ludzie.fundacja-pih.pl\/index.php\/wp-json\/wp\/v2\/product\/1111"}],"collection":[{"href":"http:\/\/ludzie.fundacja-pih.pl\/index.php\/wp-json\/wp\/v2\/product"}],"about":[{"href":"http:\/\/ludzie.fundacja-pih.pl\/index.php\/wp-json\/wp\/v2\/types\/product"}],"wp:featuredmedia":[{"embeddable":true,"href":"http:\/\/ludzie.fundacja-pih.pl\/index.php\/wp-json\/wp\/v2\/media\/1112"}],"wp:attachment":[{"href":"http:\/\/ludzie.fundacja-pih.pl\/index.php\/wp-json\/wp\/v2\/media?parent=1111"}],"curies":[{"name":"wp","href":"https:\/\/api.w.org\/{rel}","templated":true}]}}