{"id":1125,"date":"2021-01-07T15:50:44","date_gmt":"2021-01-07T15:50:44","guid":{"rendered":"http:\/\/ludzie.fundacja-pih.pl\/?post_type=product&#038;p=1125"},"modified":"2025-05-16T14:11:15","modified_gmt":"2025-05-16T14:11:15","slug":"lipiec-alina","status":"publish","type":"product","link":"http:\/\/ludzie.fundacja-pih.pl\/index.php\/product\/lipiec-alina\/","title":{"rendered":"Lipiec Alina"},"content":{"rendered":"<p>By\u0142a cz\u0142onkiem SW od 1987r. Z jej mieszkania przy ul. Rynkowej emitowane by\u0142y audycje SW , by\u0142a kolporterem i drukarzem pisma SW Gryf oraz innych kolportowanych wydawnictw przez organizacj\u0119. Bra\u0142a aktywny udzia\u0142 w organizowaniu manifestacji SW Szczecin.<\/p>\n","protected":false},"excerpt":{"rendered":"<p>By\u0142a cz\u0142onkiem SW od 1987r. Z jej mieszkania przy ul. Rynkowej emitowane by\u0142y audycje SW , by\u0142a kolporterem i drukarzem pisma SW Gryf oraz innych kolportowanych wydawnictw przez organizacj\u0119. Bra\u0142a aktywny udzia\u0142 w organizowaniu manifestacji SW Szczecin.<\/p>\n","protected":false},"featured_media":1126,"template":"","meta":[],"_links":{"self":[{"href":"http:\/\/ludzie.fundacja-pih.pl\/index.php\/wp-json\/wp\/v2\/product\/1125"}],"collection":[{"href":"http:\/\/ludzie.fundacja-pih.pl\/index.php\/wp-json\/wp\/v2\/product"}],"about":[{"href":"http:\/\/ludzie.fundacja-pih.pl\/index.php\/wp-json\/wp\/v2\/types\/product"}],"wp:featuredmedia":[{"embeddable":true,"href":"http:\/\/ludzie.fundacja-pih.pl\/index.php\/wp-json\/wp\/v2\/media\/1126"}],"wp:attachment":[{"href":"http:\/\/ludzie.fundacja-pih.pl\/index.php\/wp-json\/wp\/v2\/media?parent=1125"}],"curies":[{"name":"wp","href":"https:\/\/api.w.org\/{rel}","templated":true}]}}