{"id":1149,"date":"2021-01-07T16:07:17","date_gmt":"2021-01-07T16:07:17","guid":{"rendered":"http:\/\/ludzie.fundacja-pih.pl\/?post_type=product&#038;p=1149"},"modified":"2025-05-16T14:11:23","modified_gmt":"2025-05-16T14:11:23","slug":"zarosinski-bartlomiej","status":"publish","type":"product","link":"http:\/\/ludzie.fundacja-pih.pl\/index.php\/product\/zarosinski-bartlomiej\/","title":{"rendered":"Zarosi\u0144ski Bart\u0142omiej"},"content":{"rendered":"<p>Urodzi\u0142 si\u0119 w 1970 roku w m. Szczecin<\/p>\n<p>W latach 1987 &#8211; 1990 prowadzi\u0142 dzia\u0142alno\u015b\u0107 konspiracyjn\u0105. Nale\u017ca\u0142 do Federacji M\u0142odzie\u017cy Walcz\u0105cej w Szczecinie. Uczestniczy\u0142 w happeningach, akcjach ulotkowo-kolporta\u017cowych przed wa\u017cnymi rocznicami oraz w akcjach malowania antyre\u017cimowych hase\u0142 w miejscach publicznych. Regularnie utrzymywa\u0142 kontakty z innymi dzia\u0142aczami, anga\u017cuj\u0105cymi si\u0119 w dzia\u0142alno\u015b\u0107 antykomunistyczn\u0105. Bra\u0142 udzia\u0142 w licznych w manifestacjach, akcjach propagandowych i protestacyjnych, organizowanych przez \u201eSolidarno\u015b\u0107\u201d i ugrupowania niepodleg\u0142o\u015bciowe d\u0105\u017c\u0105ce do obalenia systemu komunistycznego w Polsce. Wsp\u00f3\u0142organizowa\u0142 wiece i manifestacje w kolejne rocznice Grudnia \u201970, Sierpnia \u201980 i \u015bwi\u0105t narodowych. Zajmowa\u0142 si\u0119 drukiem wydawnictw bezdebitowych, pism i ulotek sygnowanych przez FMW, Solidarno\u015b\u0107 Walcz\u0105c\u0105, Ruch Wolno\u015b\u0107 i Pok\u00f3j oraz Niezale\u017cne Zrzeszenie Student\u00f3w. Prowadzi\u0142 akcje kolporta\u017cowe na terenie VIII LO i Zespo\u0142u Szk\u00f3\u0142 Zawodowych Zarz\u0105du Portu Szczecin. W zwi\u0105zku z dzia\u0142alno\u015bci\u0105 konspiracyjn\u0105 by\u0142 obj\u0119ty sta\u0142\u0105 kontrol\u0105 operacyjn\u0105 przez szczeci\u0144sk\u0105 SB. By\u0142 kilkakrotnie zatrzymywany, przes\u0142uchiwany i ostrzegany wydaleniem ze szko\u0142y. W 2019 roku  na podstawie postanowienia Prezydenta RP \u2013 nr 147\/2019 &#8211;  nadano mu Krzy\u017c Wolno\u015bci i Solidarno\u015bci.<\/p>\n","protected":false},"excerpt":{"rendered":"<p>Urodzi\u0142 si\u0119 w 1970 roku w m. Szczecin W latach 1987 &#8211; 1990 prowadzi\u0142 dzia\u0142alno\u015b\u0107 konspiracyjn\u0105. Nale\u017ca\u0142 do Federacji M\u0142odzie\u017cy Walcz\u0105cej w Szczecinie. Uczestniczy\u0142 w happeningach, akcjach ulotkowo-kolporta\u017cowych przed wa\u017cnymi rocznicami oraz w akcjach malowania antyre\u017cimowych hase\u0142 w miejscach publicznych. Regularnie utrzymywa\u0142 kontakty z innymi dzia\u0142aczami, anga\u017cuj\u0105cymi si\u0119 w dzia\u0142alno\u015b\u0107 antykomunistyczn\u0105. Bra\u0142 udzia\u0142 w licznych [&hellip;]<\/p>\n","protected":false},"featured_media":906,"template":"","meta":[],"_links":{"self":[{"href":"http:\/\/ludzie.fundacja-pih.pl\/index.php\/wp-json\/wp\/v2\/product\/1149"}],"collection":[{"href":"http:\/\/ludzie.fundacja-pih.pl\/index.php\/wp-json\/wp\/v2\/product"}],"about":[{"href":"http:\/\/ludzie.fundacja-pih.pl\/index.php\/wp-json\/wp\/v2\/types\/product"}],"wp:featuredmedia":[{"embeddable":true,"href":"http:\/\/ludzie.fundacja-pih.pl\/index.php\/wp-json\/wp\/v2\/media\/906"}],"wp:attachment":[{"href":"http:\/\/ludzie.fundacja-pih.pl\/index.php\/wp-json\/wp\/v2\/media?parent=1149"}],"curies":[{"name":"wp","href":"https:\/\/api.w.org\/{rel}","templated":true}]}}