{"id":1156,"date":"2021-01-07T16:13:03","date_gmt":"2021-01-07T16:13:03","guid":{"rendered":"http:\/\/ludzie.fundacja-pih.pl\/?post_type=product&#038;p=1156"},"modified":"2025-05-16T14:11:27","modified_gmt":"2025-05-16T14:11:27","slug":"angielczyk-hanna","status":"publish","type":"product","link":"http:\/\/ludzie.fundacja-pih.pl\/index.php\/product\/angielczyk-hanna\/","title":{"rendered":"Angielczyk Hanna"},"content":{"rendered":"<p>Urodzi\u0142a si\u0119 26 III 1948 r.<\/p>\n<p>Bra\u0142a udzia\u0142 w ostatniej wizycie ks. Jerzego Popie\u0142uszki w Gda\u0144sku. Malarka oraz poetka, pisa\u0142a teksty, a tak\u017ce tworzy\u0142a grafiki. By\u0142a wierna idea\u0142om Sierpnia \u201980. W trakcie swojej dzia\u0142alno\u015bci wspomaga\u0142a m.in. Federacj\u0119 M\u0142odzie\u017cy Walcz\u0105cej. Jako animatorka, organizowa\u0142a liczne spotkania i akcje antykomunistyczne. Po sobie pozostawi\u0142a wiele<\/p>\n<p>niepublikowanych tekst\u00f3w oraz wierszy. Zmar\u0142a w niewyja\u015bnionych okoliczno\u015bciach w 1989 r.<\/p>\n","protected":false},"excerpt":{"rendered":"<p>Urodzi\u0142a si\u0119 26 III 1948 r. Bra\u0142a udzia\u0142 w ostatniej wizycie ks. Jerzego Popie\u0142uszki w Gda\u0144sku. Malarka oraz poetka, pisa\u0142a teksty, a tak\u017ce tworzy\u0142a grafiki. By\u0142a wierna idea\u0142om Sierpnia \u201980. W trakcie swojej dzia\u0142alno\u015bci wspomaga\u0142a m.in. Federacj\u0119 M\u0142odzie\u017cy Walcz\u0105cej. Jako animatorka, organizowa\u0142a liczne spotkania i akcje antykomunistyczne. Po sobie pozostawi\u0142a wiele niepublikowanych tekst\u00f3w oraz wierszy. [&hellip;]<\/p>\n","protected":false},"featured_media":906,"template":"","meta":[],"_links":{"self":[{"href":"http:\/\/ludzie.fundacja-pih.pl\/index.php\/wp-json\/wp\/v2\/product\/1156"}],"collection":[{"href":"http:\/\/ludzie.fundacja-pih.pl\/index.php\/wp-json\/wp\/v2\/product"}],"about":[{"href":"http:\/\/ludzie.fundacja-pih.pl\/index.php\/wp-json\/wp\/v2\/types\/product"}],"wp:featuredmedia":[{"embeddable":true,"href":"http:\/\/ludzie.fundacja-pih.pl\/index.php\/wp-json\/wp\/v2\/media\/906"}],"wp:attachment":[{"href":"http:\/\/ludzie.fundacja-pih.pl\/index.php\/wp-json\/wp\/v2\/media?parent=1156"}],"curies":[{"name":"wp","href":"https:\/\/api.w.org\/{rel}","templated":true}]}}