{"id":1200,"date":"2021-01-07T16:39:01","date_gmt":"2021-01-07T16:39:01","guid":{"rendered":"http:\/\/ludzie.fundacja-pih.pl\/?post_type=product&#038;p=1200"},"modified":"2025-05-16T14:11:48","modified_gmt":"2025-05-16T14:11:48","slug":"frankiewicz-barbara","status":"publish","type":"product","link":"http:\/\/ludzie.fundacja-pih.pl\/index.php\/product\/frankiewicz-barbara\/","title":{"rendered":"Frankiewicz Barbara Zofia"},"content":{"rendered":"<p>Urodzi\u0142a si\u0119 w 1955 roku w m. Rumia<\/p>\n<p>Od ko\u0144ca 1984 roku by\u0142a aktywn\u0105 dzia\u0142aczk\u0105 \u201eSolidarno\u015bci Walcz\u0105cej\u201d w Tr\u00f3jmie\u015bcie, anga\u017cuj\u0105c si\u0119 g\u0142\u00f3wnie w kolporta\u017c wydawnictw podziemnych. W swoim mieszkaniu w Gdyni prowadzi\u0142a punkt kontaktowy. By\u0142a r\u00f3wnie\u017c zaanga\u017cowana w dzia\u0142alno\u015b\u0107 Duszpasterstwa Ludzi Pracy. Wyszukiwa\u0142a lokale na punkty kolporta\u017cowe i podziemne drukarnie. W jej mieszkaniu SB wielokrotnie przeprowadza\u0142a rewizje. W czasie przes\u0142ucha\u0144 gro\u017cono jej, \u017ce je\u015bli nie zaprzestanie dzia\u0142alno\u015bci w \u201eSolidarno\u015bci Walcz\u0105cej\u201d zgin\u0105 jej najbli\u017csi. Barbara Frankiewicz organizowa\u0142a tak\u017ce w swoim domu spotkania ze \u015bwiadkami zbrodni re\u017cimowych dla  dokumentuj\u0105cej zbrodnie komunistyczne Grudnia 1970 roku Wies\u0142awy Kwiatkowskiej. W 2016 roku na podstawie postanowienia Prezydenta RP \u2013 368\/20166 \u2013 nadano jej Krzy\u017c Wolno\u015bci i Solidarno\u015bci.<\/p>\n","protected":false},"excerpt":{"rendered":"<p>Urodzi\u0142a si\u0119 w 1955 roku w m. Rumia Od ko\u0144ca 1984 roku by\u0142a aktywn\u0105 dzia\u0142aczk\u0105 \u201eSolidarno\u015bci Walcz\u0105cej\u201d w Tr\u00f3jmie\u015bcie, anga\u017cuj\u0105c si\u0119 g\u0142\u00f3wnie w kolporta\u017c wydawnictw podziemnych. W swoim mieszkaniu w Gdyni prowadzi\u0142a punkt kontaktowy. By\u0142a r\u00f3wnie\u017c zaanga\u017cowana w dzia\u0142alno\u015b\u0107 Duszpasterstwa Ludzi Pracy. Wyszukiwa\u0142a lokale na punkty kolporta\u017cowe i podziemne drukarnie. W jej mieszkaniu SB wielokrotnie [&hellip;]<\/p>\n","protected":false},"featured_media":1201,"template":"","meta":[],"_links":{"self":[{"href":"http:\/\/ludzie.fundacja-pih.pl\/index.php\/wp-json\/wp\/v2\/product\/1200"}],"collection":[{"href":"http:\/\/ludzie.fundacja-pih.pl\/index.php\/wp-json\/wp\/v2\/product"}],"about":[{"href":"http:\/\/ludzie.fundacja-pih.pl\/index.php\/wp-json\/wp\/v2\/types\/product"}],"wp:featuredmedia":[{"embeddable":true,"href":"http:\/\/ludzie.fundacja-pih.pl\/index.php\/wp-json\/wp\/v2\/media\/1201"}],"wp:attachment":[{"href":"http:\/\/ludzie.fundacja-pih.pl\/index.php\/wp-json\/wp\/v2\/media?parent=1200"}],"curies":[{"name":"wp","href":"https:\/\/api.w.org\/{rel}","templated":true}]}}