{"id":1212,"date":"2021-01-07T16:47:24","date_gmt":"2021-01-07T16:47:24","guid":{"rendered":"http:\/\/ludzie.fundacja-pih.pl\/?post_type=product&#038;p=1212"},"modified":"2025-05-16T14:11:55","modified_gmt":"2025-05-16T14:11:55","slug":"grabowski-jan-czarny","status":"publish","type":"product","link":"http:\/\/ludzie.fundacja-pih.pl\/index.php\/product\/grabowski-jan-czarny\/","title":{"rendered":"Grabowski Jan &#8220;Czarny&#8221;"},"content":{"rendered":"<p>Urodzi\u0142 si\u0119 22 kwietnia 1960 roku w Piotrkowie Kujawskim.<\/p>\n<p>Od 1985 roku wsp\u00f3\u0142pracowa\u0142 z grup\u0105 \u201eSolidarno\u015bci Walcz\u0105cej\u201d w Stoczni im. Komuny Paryskiej w Gdyni. Zajmowa\u0142 si\u0119 kolporta\u017cem niezale\u017cnych pism w tym m.in. \u201eSolidarno\u015b\u0107 Walcz\u0105ca Oddzia\u0142 Tr\u00f3jmiasto\u201d, \u201ePoza Uk\u0142adem\u201d, \u201eGryps\u201d, \u201eCzas\u201d. Bra\u0142 udzia\u0142 w akcjach ulotkowych na terenie gdy\u0144skiej Stoczni im. Komuny Paryskiej. Uczestniczy\u0142 w organizowaniu strajk\u00f3w w ww. stoczni oraz niezale\u017cnych obchod\u00f3w i manifestacji patriotycznych. By\u0142 cz\u0142onkiem Duszpasterstwa Ludzi Pracy, bra\u0142 udzia\u0142 w pielgrzymkach, odpowiadaj\u0105c za ich zabezpieczenie. Ponadto zajmowa\u0142 si\u0119 drukiem zak\u0142adowego biuletynu stoczniowego o nazwie \u201eKad\u0142ub\u201d. Przygotowywa\u0142 tabliczki z nazw\u0105 ul. Janka Wi\u015bniewskiego i bra\u0142 udzia\u0142 w przemianowaniu ul. Marchlewskiego w Gdyni na ul. Janka Wi\u015bniewskiego. Jan Grabowski uczestniczy\u0142 r\u00f3wnie\u017c w reaktywacji NSZZ \u201eSolidarno\u015b\u0107\u201d w 1988 roku zajmuj\u0105c stanowisko cz\u0142onka Komitetu Za\u0142o\u017cycielskiego w Stoczni im. Komuny Paryskiej w Gdyni. W 2015 roku na podstawie postanowienia Prezydenta RP \u2013 538\/2015 \u2013 nadano mu Krzy\u017c Wolno\u015bci i Solidarno\u015bci.<\/p>\n","protected":false},"excerpt":{"rendered":"<p>Urodzi\u0142 si\u0119 22 kwietnia 1960 roku w Piotrkowie Kujawskim. Od 1985 roku wsp\u00f3\u0142pracowa\u0142 z grup\u0105 \u201eSolidarno\u015bci Walcz\u0105cej\u201d w Stoczni im. Komuny Paryskiej w Gdyni. Zajmowa\u0142 si\u0119 kolporta\u017cem niezale\u017cnych pism w tym m.in. \u201eSolidarno\u015b\u0107 Walcz\u0105ca Oddzia\u0142 Tr\u00f3jmiasto\u201d, \u201ePoza Uk\u0142adem\u201d, \u201eGryps\u201d, \u201eCzas\u201d. Bra\u0142 udzia\u0142 w akcjach ulotkowych na terenie gdy\u0144skiej Stoczni im. Komuny Paryskiej. Uczestniczy\u0142 w organizowaniu [&hellip;]<\/p>\n","protected":false},"featured_media":1213,"template":"","meta":[],"_links":{"self":[{"href":"http:\/\/ludzie.fundacja-pih.pl\/index.php\/wp-json\/wp\/v2\/product\/1212"}],"collection":[{"href":"http:\/\/ludzie.fundacja-pih.pl\/index.php\/wp-json\/wp\/v2\/product"}],"about":[{"href":"http:\/\/ludzie.fundacja-pih.pl\/index.php\/wp-json\/wp\/v2\/types\/product"}],"wp:featuredmedia":[{"embeddable":true,"href":"http:\/\/ludzie.fundacja-pih.pl\/index.php\/wp-json\/wp\/v2\/media\/1213"}],"wp:attachment":[{"href":"http:\/\/ludzie.fundacja-pih.pl\/index.php\/wp-json\/wp\/v2\/media?parent=1212"}],"curies":[{"name":"wp","href":"https:\/\/api.w.org\/{rel}","templated":true}]}}