{"id":1221,"date":"2021-01-07T16:53:09","date_gmt":"2021-01-07T16:53:09","guid":{"rendered":"http:\/\/ludzie.fundacja-pih.pl\/?post_type=product&#038;p=1221"},"modified":"2025-05-16T14:11:58","modified_gmt":"2025-05-16T14:11:58","slug":"jankowski-roman","status":"publish","type":"product","link":"http:\/\/ludzie.fundacja-pih.pl\/index.php\/product\/jankowski-roman\/","title":{"rendered":"Jankowski Roman"},"content":{"rendered":"<p>Urodzi\u0142 si\u0119 3 lipca 1956 roku w Gdyni.<\/p>\n<p>W 1975 roku uko\u0144czy\u0142  V LO Gdyni, a w 1979 roku, tamtejsze Technikum Mechaniczne dla Pracuj\u0105cych. W 1996 roku uko\u0144czy\u0142 studia na Wydziale Prawa i Administracji na Uniwersytecie Gda\u0144skim. W latach 1982 &#8211; 1989, wraz z Ryszardem Andersem wsp\u00f3\u0142organizowa\u0142 struktury tr\u00f3jmiejskiej \u201eSolidarno\u015bci Walcz\u0105cej\u201d. By\u0142 tak\u017ce cz\u0142onkiem tej organizacji oraz drukarzem i kolporter wydawnictw podziemnych. Wsp\u00f3\u0142tworzy\u0142 r\u00f3wnie\u017c Radio \u201eS\u201d. W latach 1975 &#8211; 1977 odby\u0142 zasadnicz\u0105 s\u0142u\u017cb\u0119 wojskow\u0105. W latach 1977 &#8211; 1978 by\u0142 studentem Politechniki Gda\u0144skiej. W latach 1978 &#8211; 1983 pracowa\u0142 w Stoczni Remontowej \u201eNauta\u201d w Gdyni. W sierpniu 1980 roku wsp\u00f3\u0142organizowa\u0142 strajk w \u201eNaucie\u201d, zosta\u0142 te\u017c przewodnicz\u0105cym, a nast\u0119pnie cz\u0142onkiem KS. We wrze\u015bniu 1980 roku wst\u0105pi\u0142 do NSZZ \u201eSolidarno\u015b\u0107\u201d i zosta\u0142 cz\u0142onkiem KZ. Po wprowadzeniu stanu wojennego, od 14 do 16 grudnia roku, bra\u0142 udzia\u0142  w strajku w \u201eNaucie\u201d. W latach 1981 &#8211; 1983 by\u0142  wsp\u00f3\u0142pracownikiem TKZ w \u201eNaucie\u201d. Uczestniczy\u0142 w akcji zbierania sk\u0142adek na rzecz os\u00f3b internowanych, drukowa\u0142 r\u00f3wnie\u017c ulotki. W latach 1982 &#8211; 1984 wsp\u00f3\u0142organizowa\u0142 akcj\u0119 \u201edyscyplinuj\u0105ce\u201d cz\u0142onk\u00f3w PZPR, osoby uwa\u017cane za wsp\u00f3\u0142pracownik\u00f3w SB. By\u0142 te\u017c wsp\u00f3\u0142organizatorem zespo\u0142\u00f3w szybkiego reagowania. W 1983 roku zwolni\u0142 si\u0119 z pracy. W latach 1983 &#8211; 1986 by\u0142 zatrudniony w Elektrociep\u0142owni Wybrze\u017ce. Od wrze\u015bnia 1986 roku do lipca 1989 roku, pozostawa\u0142 w ukryciu. W latach 1986 &#8211; 1989 by\u0142 wsp\u00f3\u0142pracownikiem Bogdana Borusewicza i RKK \u201eS\u201d. Wraz z R. Andersem za\u0142o\u017cy\u0142 podziemn\u0105 drukarni\u0119, kolportowa\u0142 i drukowa\u0142 podziemne wydawnictwa w tym m.in.: \u201e\u00abSolidarno\u015b\u0107\u00bb Regionu Gda\u0144skiego\u201d, \u201eRozwaga i Solidarno\u015b\u0107\u201d, \u201eTygodnik Mazowsze\u201d, a tak\u017ce ulotki, czasopisma Federacji M\u0142odzie\u017cy Walcz\u0105cej Region\u00f3w Gda\u0144sk i Pomorze Wschodnie, PPS, WiP, KPN, PPN. Od 11 lutego 1987 roku do 18 listopada 1988 roku by\u0142 rozpracowywany przez Inspektorat 2 WUSW w Gda\u0144sku w ramach SOR o kryptonimie \u201eDrygent\u201d. W 2014 roku  na podstawie postanowienia Prezydenta RP \u2013 nr 426\/2014 &#8211;  nadano mu Krzy\u017c Wolno\u015bci i Solidarno\u015bci.<\/p>\n","protected":false},"excerpt":{"rendered":"<p>Urodzi\u0142 si\u0119 3 lipca 1956 roku w Gdyni. W 1975 roku uko\u0144czy\u0142 V LO Gdyni, a w 1979 roku, tamtejsze Technikum Mechaniczne dla Pracuj\u0105cych. W 1996 roku uko\u0144czy\u0142 studia na Wydziale Prawa i Administracji na Uniwersytecie Gda\u0144skim. W latach 1982 &#8211; 1989, wraz z Ryszardem Andersem wsp\u00f3\u0142organizowa\u0142 struktury tr\u00f3jmiejskiej \u201eSolidarno\u015bci Walcz\u0105cej\u201d. By\u0142 tak\u017ce cz\u0142onkiem tej [&hellip;]<\/p>\n","protected":false},"featured_media":1222,"template":"","meta":[],"_links":{"self":[{"href":"http:\/\/ludzie.fundacja-pih.pl\/index.php\/wp-json\/wp\/v2\/product\/1221"}],"collection":[{"href":"http:\/\/ludzie.fundacja-pih.pl\/index.php\/wp-json\/wp\/v2\/product"}],"about":[{"href":"http:\/\/ludzie.fundacja-pih.pl\/index.php\/wp-json\/wp\/v2\/types\/product"}],"wp:featuredmedia":[{"embeddable":true,"href":"http:\/\/ludzie.fundacja-pih.pl\/index.php\/wp-json\/wp\/v2\/media\/1222"}],"wp:attachment":[{"href":"http:\/\/ludzie.fundacja-pih.pl\/index.php\/wp-json\/wp\/v2\/media?parent=1221"}],"curies":[{"name":"wp","href":"https:\/\/api.w.org\/{rel}","templated":true}]}}