{"id":1231,"date":"2021-01-07T16:58:14","date_gmt":"2021-01-07T16:58:14","guid":{"rendered":"http:\/\/ludzie.fundacja-pih.pl\/?post_type=product&#038;p=1231"},"modified":"2025-05-16T14:12:02","modified_gmt":"2025-05-16T14:12:02","slug":"kalisz-roman","status":"publish","type":"product","link":"http:\/\/ludzie.fundacja-pih.pl\/index.php\/product\/kalisz-roman\/","title":{"rendered":"Kalisz Roman"},"content":{"rendered":"<p>Wspomaga\u0142 okresowo tekstami redakcj\u0119 biuletynu SW Tr\u00f3jmiasto i SW Grupy SKP. Wraz z \u017con\u0105 Ew\u0105 udzielali go\u015bciny poszukiwanemu przez SB Romanowi Zwiercan. T\u0142umaczyli na angielski teksty \u201eZasad i Programu SW\u201d, ulotek i biuletyn\u00f3w drukowanych przy okazji wizyt w Gda\u0144sku Georga Busha i Margaret Thatcher.<\/p>\n","protected":false},"excerpt":{"rendered":"<p>Wspomaga\u0142 okresowo tekstami redakcj\u0119 biuletynu SW Tr\u00f3jmiasto i SW Grupy SKP. Wraz z \u017con\u0105 Ew\u0105 udzielali go\u015bciny poszukiwanemu przez SB Romanowi Zwiercan. T\u0142umaczyli na angielski teksty \u201eZasad i Programu SW\u201d, ulotek i biuletyn\u00f3w drukowanych przy okazji wizyt w Gda\u0144sku Georga Busha i Margaret Thatcher.<\/p>\n","protected":false},"featured_media":1232,"template":"","meta":[],"_links":{"self":[{"href":"http:\/\/ludzie.fundacja-pih.pl\/index.php\/wp-json\/wp\/v2\/product\/1231"}],"collection":[{"href":"http:\/\/ludzie.fundacja-pih.pl\/index.php\/wp-json\/wp\/v2\/product"}],"about":[{"href":"http:\/\/ludzie.fundacja-pih.pl\/index.php\/wp-json\/wp\/v2\/types\/product"}],"wp:featuredmedia":[{"embeddable":true,"href":"http:\/\/ludzie.fundacja-pih.pl\/index.php\/wp-json\/wp\/v2\/media\/1232"}],"wp:attachment":[{"href":"http:\/\/ludzie.fundacja-pih.pl\/index.php\/wp-json\/wp\/v2\/media?parent=1231"}],"curies":[{"name":"wp","href":"https:\/\/api.w.org\/{rel}","templated":true}]}}