{"id":1234,"date":"2021-01-07T17:01:42","date_gmt":"2021-01-07T17:01:42","guid":{"rendered":"http:\/\/ludzie.fundacja-pih.pl\/?post_type=product&#038;p=1234"},"modified":"2025-05-16T14:12:04","modified_gmt":"2025-05-16T14:12:04","slug":"kanikula-jerzy","status":"publish","type":"product","link":"http:\/\/ludzie.fundacja-pih.pl\/index.php\/product\/kanikula-jerzy\/","title":{"rendered":"Kaniku\u0142a Jerzy"},"content":{"rendered":"<p>Urodzi\u0142 si\u0119 19 maja 1965 roku w Gdyni.<\/p>\n<p>W 1983 roku uko\u0144czy\u0142 gdy\u0144sk\u0105 Zasadnicz\u0105 Szko\u0142\u0119 Budowy Okr\u0119t\u00f3w, w 1987 roku zosta\u0142 absolwentem wieczorowego II LO w Gdyni. W latach 1983 \u2013 1984 by\u0142 zatrudniony w Stoczni Remontowej Nauta w Gdyni. W latach 1984 \u2013 1989 wykonywa\u0142 prace dorywcze, m.in. roznosi\u0142 mleko w PSS Spo\u0142em Gdynia, by\u0142 konserwatorem w przedszkolu. W grudniu 1984 roku zasili\u0142 szeregi \u201eSolidarno\u015bci Walcz\u0105cej\u201d. W ramach dzia\u0142alno\u015bci w jej strukturach zajmowa\u0142 si\u0119 organiozwaniem druku, kolporta\u017cem podziemnych wydawnictw w tym m.in. czasopism \u201eSolidarno\u015b\u0107 Walcz\u0105ca Oddzia\u0142 Tr\u00f3jmiasto\u201d, \u201ePoza Uk\u0142adem\u201d, \u201eGryps\u201d, \u201eCzas\u201d, \u201eSW Stoczni Gda\u0144skiej\u201d, kart okoliczno\u015bciowych i kalendarzy. W okresie od 7 do 10 pa\u017adziernika 1985 roku razem z m.in. Romanem Zwiercanem i Jackiem Parzychem, uczestniczy\u0142 w akcji malowania napis\u00f3w na murach wzywaj\u0105cych do bojkotu wybor\u00f3w do Sejmu PRL, rozlepiania i rozrzucania ulotek tej tre\u015bci w wagonach Szybkiej Kolei Miejskiej. 10 pa\u017adziernika 1985 roku zosta\u0142 aresztowany. Przetrzymywano go w Areszcie \u015aledczym w Gda\u0144sku. Zwolniono 15 listopada 1985 roku. 26 kwietnia 1986 roku zosta\u0142 ponownie zatrzymany podczas kolporta\u017cu ulotek \u201eSolidarno\u015bci Walcz\u0105cej\u201d, aresztowany i osadzony w Areszcie \u015aledczym w Gda\u0144sku. Zwolniono go w pa\u017adzierniku 1986 roku na mocy amnestii. Od 1991 prowadzi w\u0142asn\u0105 Firm\u0119 Reklamow\u0105 Contrast w Gdyni. W okresie od 18 listopada 1985 roku do 10 lutego 1988 roku, Jerzy Kaniku\u0142a by\u0142 rozpracowywany przez Wydz. V RUSW w Gdyni w ramach SOR o kryptonimie \u201eKominiarze\u201d. Od 9 lutego 1988 roku do 29 stycznia 1990 roku przez Inspektorat 2 WUSW w Gda\u0144sku w ramach SOR o kryptonimie \u201eO\u015bmiornica\u201d.<\/p>\n","protected":false},"excerpt":{"rendered":"<p>Urodzi\u0142 si\u0119 19 maja 1965 roku w Gdyni. W 1983 roku uko\u0144czy\u0142 gdy\u0144sk\u0105 Zasadnicz\u0105 Szko\u0142\u0119 Budowy Okr\u0119t\u00f3w, w 1987 roku zosta\u0142 absolwentem wieczorowego II LO w Gdyni. W latach 1983 \u2013 1984 by\u0142 zatrudniony w Stoczni Remontowej Nauta w Gdyni. W latach 1984 \u2013 1989 wykonywa\u0142 prace dorywcze, m.in. roznosi\u0142 mleko w PSS Spo\u0142em Gdynia, [&hellip;]<\/p>\n","protected":false},"featured_media":1235,"template":"","meta":[],"_links":{"self":[{"href":"http:\/\/ludzie.fundacja-pih.pl\/index.php\/wp-json\/wp\/v2\/product\/1234"}],"collection":[{"href":"http:\/\/ludzie.fundacja-pih.pl\/index.php\/wp-json\/wp\/v2\/product"}],"about":[{"href":"http:\/\/ludzie.fundacja-pih.pl\/index.php\/wp-json\/wp\/v2\/types\/product"}],"wp:featuredmedia":[{"embeddable":true,"href":"http:\/\/ludzie.fundacja-pih.pl\/index.php\/wp-json\/wp\/v2\/media\/1235"}],"wp:attachment":[{"href":"http:\/\/ludzie.fundacja-pih.pl\/index.php\/wp-json\/wp\/v2\/media?parent=1234"}],"curies":[{"name":"wp","href":"https:\/\/api.w.org\/{rel}","templated":true}]}}