{"id":1246,"date":"2021-01-07T17:07:59","date_gmt":"2021-01-07T17:07:59","guid":{"rendered":"http:\/\/ludzie.fundacja-pih.pl\/?post_type=product&#038;p=1246"},"modified":"2025-05-16T14:12:09","modified_gmt":"2025-05-16T14:12:09","slug":"komorowski-piotr","status":"publish","type":"product","link":"http:\/\/ludzie.fundacja-pih.pl\/index.php\/product\/komorowski-piotr\/","title":{"rendered":"Komorowski Piotr"},"content":{"rendered":"<p>Syn Teresy Komorowskiej. Zajmowa\u0142 si\u0119 drukiem prasy SW Grupy Stoczni im. Komuny Paryskiej, biuletynu \u201eSolidarno\u015b\u0107 Walcz\u0105ca\u201d Oddzia\u0142u Tr\u00f3jmiasto i miesi\u0119cznika Poza Uk\u0142adem. Wsp\u00f3lnie z Jerzym Kaniku\u0142\u0105 i Jackiem Parzychem stanowili trzon podziemnego wydawnictwa ksi\u0105\u017ckowego PetiT, kt\u00f3re wyda\u0142o 17 ksi\u0105\u017cek poza cenzur\u0105.<br \/>\nPod koniec lat 90\u2019 zosta\u0142 jednym z jawnych przedstawicieli Solidarno\u015bci Walcz\u0105cej z Wybrze\u017ca.<\/p>\n","protected":false},"excerpt":{"rendered":"<p>Syn Teresy Komorowskiej. Zajmowa\u0142 si\u0119 drukiem prasy SW Grupy Stoczni im. Komuny Paryskiej, biuletynu \u201eSolidarno\u015b\u0107 Walcz\u0105ca\u201d Oddzia\u0142u Tr\u00f3jmiasto i miesi\u0119cznika Poza Uk\u0142adem. Wsp\u00f3lnie z Jerzym Kaniku\u0142\u0105 i Jackiem Parzychem stanowili trzon podziemnego wydawnictwa ksi\u0105\u017ckowego PetiT, kt\u00f3re wyda\u0142o 17 ksi\u0105\u017cek poza cenzur\u0105. Pod koniec lat 90\u2019 zosta\u0142 jednym z jawnych przedstawicieli Solidarno\u015bci Walcz\u0105cej z Wybrze\u017ca.<\/p>\n","protected":false},"featured_media":1247,"template":"","meta":[],"_links":{"self":[{"href":"http:\/\/ludzie.fundacja-pih.pl\/index.php\/wp-json\/wp\/v2\/product\/1246"}],"collection":[{"href":"http:\/\/ludzie.fundacja-pih.pl\/index.php\/wp-json\/wp\/v2\/product"}],"about":[{"href":"http:\/\/ludzie.fundacja-pih.pl\/index.php\/wp-json\/wp\/v2\/types\/product"}],"wp:featuredmedia":[{"embeddable":true,"href":"http:\/\/ludzie.fundacja-pih.pl\/index.php\/wp-json\/wp\/v2\/media\/1247"}],"wp:attachment":[{"href":"http:\/\/ludzie.fundacja-pih.pl\/index.php\/wp-json\/wp\/v2\/media?parent=1246"}],"curies":[{"name":"wp","href":"https:\/\/api.w.org\/{rel}","templated":true}]}}