{"id":1265,"date":"2021-01-07T17:17:30","date_gmt":"2021-01-07T17:17:30","guid":{"rendered":"http:\/\/ludzie.fundacja-pih.pl\/?post_type=product&#038;p=1265"},"modified":"2025-05-16T14:12:17","modified_gmt":"2025-05-16T14:12:17","slug":"kubasiewicz-ewa","status":"publish","type":"product","link":"http:\/\/ludzie.fundacja-pih.pl\/index.php\/product\/kubasiewicz-ewa\/","title":{"rendered":"Kubasiewicz Ewa"},"content":{"rendered":"<p>Urodzi\u0142a si\u0119 21 lipca 1940 roku w Poznaniu.<\/p>\n<p>W 1969 roku uko\u0144czy\u0142a studia polonistyczne na Uniwersytecie Gda\u0144skim, a w 1976 roku studia podyplomowe z zakresu  bibliotekoznawstwa i informacji naukowa na tej samej uczelni. W latach 1969 \u2013 1982 pe\u0142ni\u0142a funkcj\u0119 kierownika Dzia\u0142u Gromadzenia i Opracowania Zbior\u00f3w w Bibliotece G\u0142\u00f3wnej Wy\u017cszej Szko\u0142y Morskiej w Gdyni, od 1976 roku Ewa Kubasiewicz by\u0142a r\u00f3wnie\u017c kustoszem dyplomowanym tam\u017ce. Taterniczka. W 1980 roku wsp\u00f3\u0142pracowa\u0142a z WZZ Wybrze\u017ca. W sierpniu 1980 roku uczestniczy\u0142a w strajku w Stoczni Gda\u0144skiej im. Lenina. We wrze\u015bniu 1980 roku wst\u0105pi\u0142a do NSZZ \u201eSolidarno\u015b\u0107\u201d, by\u0142a r\u00f3wnie\u017c inicjatork\u0105 i wsp\u00f3\u0142za\u0142o\u017cycielk\u0105 Tymczasowego Komitetu Za\u0142o\u017cycielskiego oraz wiceprzewodnicz\u0105c\u0105 KZ w WSM, odpowiedzialn\u0105 za pras\u0119 i wydawnictwa. W lipcu 1981 roku by\u0142a delegatem na I WZD Regionu Gda\u0144skiego, cz\u0142onkini\u0105 ZR, zwi\u0105zan\u0105 z opozycyjn\u0105 wobec Lecha Wa\u0142\u0119sy, grup\u0105 skupion\u0105 wok\u00f3\u0142 Andrzeja Gwiazdy. 29 listopada 1981 roku w prote\u015bcie przeciw metodom kierowania Zwi\u0105zkiem przez Lecha Wa\u0142\u0119s\u0119 odesz\u0142a z ZR. Po wprowadzeniu stanu wojennego, w dniach 14 \u2013 16 grudnia 1981 roku, bra\u0142a udzia\u0142 w strajku w WSM. Nast\u0119pnie w ukryciu, razem z Jerzym Kowalczykiem, sporz\u0105dzi\u0142a  ulotk\u0119 nawo\u0142uj\u0105c\u0105 spo\u0142ecze\u0144stwo do oporu wobec stanu wojennego i wsp\u00f3lnie z Jerzym Kowalczykiem podpisa\u0142a j\u0105 imieniem i nazwiskiem. 20 grudnia 1981 roku zosta\u0142a aresztowana. 3 lutego 1982 roku zosta\u0142a skazana (w procesie z synem Markiem Czachorem, a tak\u017ce z Cezarym Godziukiem, Krzysztofem Jankowskim, J. Kowalczykiem, Wies\u0142aw\u0105 Kwiatkowsk\u0105, S\u0142awomirem Sadowskim, Jaros\u0142awem Skowronkiem i W\u0142adys\u0142awem Trzci\u0144skim) wyrokiem S\u0105du Marynarki Wojennej w Gdyni na 10 lat wi\u0119zienia i 5 lat pozbawienia praw publicznych. By\u0142 to najwy\u017cszy wyrok w kraju, jaki w stanie wojennym zapad\u0142 wobec opozycjonisty. Ewa Kubasiewicz zosta\u0142a osadzona w ZK w Gda\u0144sku, a nast\u0119pnie zosta\u0142a przeniesiona do Bydgoszczy-Fordonu i Grudzi\u0105dza. W kwietniu 1982 roku zosta\u0142a og\u0142oszona przez Amnesty International wi\u0119\u017aniem miesi\u0105ca. Ewa Kubasiewicz napisa\u0142a w tym czasie list otwarty z wi\u0119zienia zatytu\u0142owany \u201eDo moich przyjaci\u00f3\u0142\u201d, w kt\u00f3rym apelowa\u0142a, by nikt nie prosi\u0142 przewodnicz\u0105cego Rady Pa\u0144stwa o \u0142ask\u0119 dla niej, bo jej nie przyjmie. 25 kwietnia 1983 roku SN Izby Wojskowej zmniejszy\u0142 wyrok wobec Ewy Kubasiewicz do 3 lat pozbawienia wolno\u015bci. 6 maja 1983 roku zosta\u0142a zwolniona na przerw\u0119 w odbywaniu kary ze wzgl\u0119du na stan zdrowia. 28 lipca tego samego roku, zosta\u0142a objeta amnesti\u0105. W 1983 roku wst\u0105pi\u0142a do \u201eSolidarno\u015bci Walcz\u0105cej\u201d. W 1984 roku zainicjowa\u0142a i wsp\u00f3\u0142organiozwa\u0142a \u2013 razem z Zofi\u0105 Kwiatkowsk\u0105 i Andrzejem Ko\u0142odziejem &#8211; Oddzia\u0142 Tr\u00f3jmiasto SW. Wesz\u0142a w sk\u0142ad Komitetu Wykonawczego tej organizacji. Redagowa\u0142a pierwszy numer czasopisma \u201eSolidarno\u015b\u0107 Walcz\u0105ca\u201d Oddzia\u0142 Tr\u00f3jmiasto. W 1984 roku, na zaproszenie Amnesty International wyjecha\u0142a na 4 miesi\u0105ce do Francji. W latach 1986 \u2013 1988 by\u0142a zatrudniona w Bibliotece Centralnego Muzeum Morskiego w Gda\u0144sku. Od 31 stycznia 1988 roku przebywa\u0142a na emigracji we Francji, b\u0119d\u0105c tam koordynatorem przedstawicielstw SW na Zachodzie. W czerwcu 1988 roku razem z Kornelem Morawieckim, wyjecha\u0142a do Stan\u00f3w Zjednaczonych w celu pozyskania pomocy na dzia\u0142alno\u015b\u0107 SW. W latach 1988 \u2013 1992 pracowa\u0142a w Bibliotece Polskiej w Pary\u017cu. Od 1992 roku by\u0142a zatrudniona w Wydziale Spraw Mi\u0119dzynarodowych Rady Generalnej departamentu Cotes d\u2019Armor w Bretanii. Wsp\u00f3\u0142pracowniczka dw\u00f3ch stowarzysze\u0144 dzia\u0142aj\u0105cych na rzecz polskich dzieci: Lumi\u00e8re des Enfants oraz Les Enfants de la Baltique. Ewa Kubasiewicz \u2013 Hou\u00e9e w 2007 roku zosta\u0142a odznaczona Krzy\u017cem Komandorskim Orderu Odrodzenia Polski, a w 2016 roku Krzy\u017cem Wolno\u015bci i Solidarno\u015bci.<br \/>\nOd 7 grudnia 1984 roku do 4 lipca 1989 roku by\u0142a rozpracowywana przez Inspektorat 2 WUSW w Gda\u0144sku m.in. w ramach SOR o kryptonimie \u201eGniazdo\u201d.<\/p>\n","protected":false},"excerpt":{"rendered":"<p>Urodzi\u0142a si\u0119 21 lipca 1940 roku w Poznaniu. W 1969 roku uko\u0144czy\u0142a studia polonistyczne na Uniwersytecie Gda\u0144skim, a w 1976 roku studia podyplomowe z zakresu bibliotekoznawstwa i informacji naukowa na tej samej uczelni. W latach 1969 \u2013 1982 pe\u0142ni\u0142a funkcj\u0119 kierownika Dzia\u0142u Gromadzenia i Opracowania Zbior\u00f3w w Bibliotece G\u0142\u00f3wnej Wy\u017cszej Szko\u0142y Morskiej w Gdyni, od [&hellip;]<\/p>\n","protected":false},"featured_media":1266,"template":"","meta":[],"_links":{"self":[{"href":"http:\/\/ludzie.fundacja-pih.pl\/index.php\/wp-json\/wp\/v2\/product\/1265"}],"collection":[{"href":"http:\/\/ludzie.fundacja-pih.pl\/index.php\/wp-json\/wp\/v2\/product"}],"about":[{"href":"http:\/\/ludzie.fundacja-pih.pl\/index.php\/wp-json\/wp\/v2\/types\/product"}],"wp:featuredmedia":[{"embeddable":true,"href":"http:\/\/ludzie.fundacja-pih.pl\/index.php\/wp-json\/wp\/v2\/media\/1266"}],"wp:attachment":[{"href":"http:\/\/ludzie.fundacja-pih.pl\/index.php\/wp-json\/wp\/v2\/media?parent=1265"}],"curies":[{"name":"wp","href":"https:\/\/api.w.org\/{rel}","templated":true}]}}