{"id":1267,"date":"2021-01-07T17:18:09","date_gmt":"2021-01-07T17:18:09","guid":{"rendered":"http:\/\/ludzie.fundacja-pih.pl\/?post_type=product&#038;p=1267"},"modified":"2025-05-16T14:12:18","modified_gmt":"2025-05-16T14:12:18","slug":"kubasiewicz-marek-duzy","status":"publish","type":"product","link":"http:\/\/ludzie.fundacja-pih.pl\/index.php\/product\/kubasiewicz-marek-duzy\/","title":{"rendered":"Kubasiewicz Marek &#8220;Du\u017cy&#8221;"},"content":{"rendered":"<p>Urodzi\u0142 si\u0119 22 czerwca 1943 roku w Warszawie.<\/p>\n<p>Dzia\u0142a\u0142 pod pseudonimem \u201eDu\u017cy\u201d. Do \u201eSolidarno\u015bci\u201d wst\u0105pi\u0142 we wrze\u015bniu 1980 roku. Po 13 grudnia 1981 roku zacz\u0105\u0142 dzia\u0142a\u0107 w konspiracji. Od 23 sierpnia 1982 roku by\u0142 rozpracowywany w ramach SOR, kt\u00f3ra zosta\u0142a do\u0142\u0105czona do SOR \u201eGda\u0144sk\u201d (prowadzona w okresie od 21 maja 1982 do 15 lutego 1984 roku). Nast\u0119pnie przerejestrowano j\u0105 na SOR \u201eGniazdo\u201d, prowadzonej od 23 grudnia 1983 do 4 lipca 1989 roku, a kt\u00f3ra dotyczy\u0142a dzia\u0142alno\u015bci m.in. Marka Kubasiewicza w &#8220;Regionalnej Komisji Koordynacyjnej NSZZ &gt;Solidarno\u015b\u0107&lt; Region Gda\u0144sk&quot;. Prawdopodobnie w wyniku tego rozpracowania, 12 stycznia 1984 roku, przeprowadzono w jego mieszkaniu rewizj\u0119 i odnaleziono ulotki oraz pras\u0119 m.in. &quot;Solidarno\u015b\u0107&quot;, &quot;Latarnia&quot;, &quot;Arka&quot;, &quot;Podziemne Pismo Politechniki Gda\u0144skiej&quot;, \u201eSolidarno\u015b\u0107 Walcz\u0105ca\u201d, w kt\u00f3rej dzia\u0142a\u0142 od 1983 roku. Specjalizowa\u0142 si\u0119 w druku wymagaj\u0105cym dok\u0142adno\u015bci, precyzji i uwagi. Razem z Alin\u0105 Kubasiewicz w 1985 roku drukowa\u0142 m.in. znaczki poczty podziemnej oraz broszur\u0119 \u201eSowietyzacja Ludowego Wojska Polskiego\u201d sygnowan\u0105 przez SW Tr\u00f3jmiasto.<br \/>\nMarek Kubasiewicz zosta\u0142 zatrzymany na 48 godzin, po czym go zwolniono. W roku 2006 otrzyma\u0142 status pokrzywdzonego.<\/p>\n","protected":false},"excerpt":{"rendered":"<p>Urodzi\u0142 si\u0119 22 czerwca 1943 roku w Warszawie. Dzia\u0142a\u0142 pod pseudonimem \u201eDu\u017cy\u201d. Do \u201eSolidarno\u015bci\u201d wst\u0105pi\u0142 we wrze\u015bniu 1980 roku. Po 13 grudnia 1981 roku zacz\u0105\u0142 dzia\u0142a\u0107 w konspiracji. Od 23 sierpnia 1982 roku by\u0142 rozpracowywany w ramach SOR, kt\u00f3ra zosta\u0142a do\u0142\u0105czona do SOR \u201eGda\u0144sk\u201d (prowadzona w okresie od 21 maja 1982 do 15 lutego 1984 [&hellip;]<\/p>\n","protected":false},"featured_media":906,"template":"","meta":[],"_links":{"self":[{"href":"http:\/\/ludzie.fundacja-pih.pl\/index.php\/wp-json\/wp\/v2\/product\/1267"}],"collection":[{"href":"http:\/\/ludzie.fundacja-pih.pl\/index.php\/wp-json\/wp\/v2\/product"}],"about":[{"href":"http:\/\/ludzie.fundacja-pih.pl\/index.php\/wp-json\/wp\/v2\/types\/product"}],"wp:featuredmedia":[{"embeddable":true,"href":"http:\/\/ludzie.fundacja-pih.pl\/index.php\/wp-json\/wp\/v2\/media\/906"}],"wp:attachment":[{"href":"http:\/\/ludzie.fundacja-pih.pl\/index.php\/wp-json\/wp\/v2\/media?parent=1267"}],"curies":[{"name":"wp","href":"https:\/\/api.w.org\/{rel}","templated":true}]}}