{"id":1272,"date":"2021-01-07T17:20:24","date_gmt":"2021-01-07T17:20:24","guid":{"rendered":"http:\/\/ludzie.fundacja-pih.pl\/?post_type=product&#038;p=1272"},"modified":"2025-05-16T14:12:20","modified_gmt":"2025-05-16T14:12:20","slug":"laskowski-andrzej","status":"publish","type":"product","link":"http:\/\/ludzie.fundacja-pih.pl\/index.php\/product\/laskowski-andrzej\/","title":{"rendered":"Laskowski Andrzej"},"content":{"rendered":"<p>Urodzi\u0142 si\u0119 4 lipca 1956 roku w Mi\u0142oradzu.<\/p>\n<p>W 1977 roku uko\u0144czy\u0142 Technikum Mechaniczno-Elektryczne w Malborku. W latach 1972 \u2013 1980 pracowa\u0142 jako elektryk w Malborskich Zak\u0142adach Przemys\u0142u Lniarskiego Makop w Malborku. W latach 1980 \u2013 1982 by\u0142 zatrudniony jako mistrz energetyk w Pa\u0144stwowym O\u015brodku Maszynowym tam\u017ce. W sierpniu<br \/>\n1980 roku wsp\u00f3\u0142organizowa\u0142 strajk w swoim zak\u0142adzie pracy, by\u0142 r\u00f3wnie\u017c delegatem do MKS w Stoczni Gda\u0144skiej. We wrze\u015bniu 1980 roku wst\u0105pi\u0142 do NSZZ \u201eSolidarno\u015b\u0107\u201d i zosta\u0142 przewodnicz\u0105cym Komitetu Za\u0142o\u017cycielskiego. Od listopada 1980 roku nale\u017ca\u0142 do KZ, od stycznia 1981 roku by\u0142 cz\u0142onkiem MKK w Malborku. W lipcu  1981 roku delegat na I WZD Regionu Gda\u0144skiego.<br \/>\nPo wprowadzeniu stanu wojennego, zosta\u0142 wsp\u00f3\u0142organizatorem i dzia\u0142aczem Komitetu Protestacyjnego \u201eSolidarno\u015b\u0107\u201d w Malborku. By\u0142 redaktorem i drukarzem podziemnych czasopism w tym m.in. \u201eSerwisu Informacyjnego NSZZ \u00abS\u00bb w Malborku\u201d, \u201eNasz G\u0142os\u201d, a tak\u017ce odezw i apeli. Kolportowa\u0142 ww. czasopisma w malborskich zak\u0142adach i jednostkach wojskowych. 13 stycznia 1982 roku zosta\u0142 internowany. By\u0142 przetrzymywany w O\u015brodku Odosobnienia w I\u0142awie. 29 kwietnia 1982 roku zosta\u0142 aresztowany i osadzony w Areszcie \u015aledczym w Elbl\u0105gu, a nast\u0119pnie w Gda\u0144sku. 29 lipca 1982 roku zosta\u0142 zwolniony z pracy. 19 pa\u017adziernika 1982 roku Andrzej Laskowski zosta\u0142 skazany przez S\u0105d Marynarki Wojennej w Gdyni na kar\u0119 2,5 roku pozbawienia wolno\u015bci. Osadzono go w ZK w Potulicach. 7 lutego 1983 roku SN zmniejszy\u0142 wyrok do 1,5 roku w zawieszeniu. 10 lutego 1983 roku Andrzej Laskowski zosta\u0142 zwolniony. Od lutego do sierpnia 1983 roku wykonywa\u0142 prace dorywcze. Od maja 1983 roku do kwietnia 1986 roku, wraz z Jerzym Zi\u0119t\u0105, by\u0142 zaanga\u017cowany w pomoc rodzinom os\u00f3b represjonowanych. Nawi\u0105za\u0142 wsp\u00f3\u0142prac\u0119 z \u201eSolidarno\u015bci\u0105 Walcz\u0105c\u0105\u201d i pomaga\u0142 osobom poszukiwanym. Od sierpnia 1983 roku do roku 1986 prowadzi\u0142 dzia\u0142alno\u015b\u0107 gospodarcz\u0105. W czerwcu 1986 roku wyemigrowa\u0142 do Kanady. W 2013 roku przeszed\u0142 na rent\u0119. Tak\u017ce w 2013 roku zosta\u0142 odznaczony<br \/>\nOdznaczony Krzy\u017cem Wolno\u015bci i Solidarno\u015bci.<\/p>\n","protected":false},"excerpt":{"rendered":"<p>Urodzi\u0142 si\u0119 4 lipca 1956 roku w Mi\u0142oradzu. W 1977 roku uko\u0144czy\u0142 Technikum Mechaniczno-Elektryczne w Malborku. W latach 1972 \u2013 1980 pracowa\u0142 jako elektryk w Malborskich Zak\u0142adach Przemys\u0142u Lniarskiego Makop w Malborku. W latach 1980 \u2013 1982 by\u0142 zatrudniony jako mistrz energetyk w Pa\u0144stwowym O\u015brodku Maszynowym tam\u017ce. W sierpniu 1980 roku wsp\u00f3\u0142organizowa\u0142 strajk w swoim [&hellip;]<\/p>\n","protected":false},"featured_media":1273,"template":"","meta":[],"_links":{"self":[{"href":"http:\/\/ludzie.fundacja-pih.pl\/index.php\/wp-json\/wp\/v2\/product\/1272"}],"collection":[{"href":"http:\/\/ludzie.fundacja-pih.pl\/index.php\/wp-json\/wp\/v2\/product"}],"about":[{"href":"http:\/\/ludzie.fundacja-pih.pl\/index.php\/wp-json\/wp\/v2\/types\/product"}],"wp:featuredmedia":[{"embeddable":true,"href":"http:\/\/ludzie.fundacja-pih.pl\/index.php\/wp-json\/wp\/v2\/media\/1273"}],"wp:attachment":[{"href":"http:\/\/ludzie.fundacja-pih.pl\/index.php\/wp-json\/wp\/v2\/media?parent=1272"}],"curies":[{"name":"wp","href":"https:\/\/api.w.org\/{rel}","templated":true}]}}