{"id":1313,"date":"2021-01-07T17:41:08","date_gmt":"2021-01-07T17:41:08","guid":{"rendered":"http:\/\/ludzie.fundacja-pih.pl\/?post_type=product&#038;p=1313"},"modified":"2025-05-16T14:12:41","modified_gmt":"2025-05-16T14:12:41","slug":"parzych-jacek","status":"publish","type":"product","link":"http:\/\/ludzie.fundacja-pih.pl\/index.php\/product\/parzych-jacek\/","title":{"rendered":"Parzych Jacek"},"content":{"rendered":"<p>Urodzi\u0142 si\u0119 w 1965 r. w Gdyni<\/p>\n<p>W grudniu 1984 roku przy\u0142\u0105czy\u0142 si\u0119 do tr\u00f3jmiejskiego oddzia\u0142u  \u201eSolidarno\u015bci Walcz\u0105cej\u201d. W ramach dzia\u0142alno\u015bci w tej organizacji zajmowa\u0142 si\u0119 hurtowym kolporta\u017cem podziemnych wydawnictw, w tym m.in.: czasopism \u201eSolidarno\u015b\u0107 Walcz\u0105ca Oddzia\u0142 Tr\u00f3jmiasto\u201d, \u201ePoza Uk\u0142adem\u201d, \u201eGryps\u201d, \u201eCzas\u201d, \u201eSW Stoczni Gda\u0144skiej\u201d, \u201eSW Grupy Stoczni SKP\u201d oraz kart okoliczno\u015bciowych, kalendarzy i ksi\u0105\u017cek. W dniach 7 &#8211; 10 pa\u017adziernika 1985 roku wsp\u00f3\u0142organizowa\u0142  akcj\u0119 malowania antyre\u017cimowych napis\u00f3w na murach wzywaj\u0105cych do bojkotu wybor\u00f3w do Sejmu PRL, a tak\u017ce akcj\u0119 rozlepiania i rozrzucania ulotek tej tre\u015bci w kolejce SKM. By\u0142 poszukiwany przez S\u0142u\u017cb\u0119 Bezpiecze\u0144stwa. W 1985 roku zosta\u0142 aresztowany i osadzony w Areszcie \u015aledczym w Gda\u0144sku. Drukowa\u0142 czasopisma podziemne takie jak: \u201eSolidarno\u015b\u0107 Walcz\u0105ca Oddzia\u0142 Tr\u00f3jmiasto\u201d, \u201ePoza Uk\u0142adem\u201d, \u201eGryps\u201d, \u201eCzas\u201d, \u201eSW Stoczni Gda\u0144skiej\u201d. Wsp\u00f3\u0142organizowa\u0142 podziemn\u0105 Agencj\u0119 Fotograficzno &#8211; Informacyjn\u0105 \u201eSolidarno\u015bci Walcz\u0105cej\u201d. Dokumentowa\u0142 fotograficznie i na ta\u015bmie filmowej antyre\u017cimowe manifestacje w Tr\u00f3jmie\u015bcie. Materia\u0142y jego autorstwa by\u0142y przekazywane do Francji. Wykonywa\u0142 znaczki i buttony. By\u0142 drukarzem w podziemnym wydawnictwie \u201eSolidarno\u015bci Walcz\u0105cej\u201d \u201ePetit\u201d. Nale\u017ca\u0142 do grona pi\u0119ciu os\u00f3b stanowi\u0105cych trzon \u201eSolidarno\u015bci Walcz\u0105cej\u201d w Tr\u00f3jmie\u015bcie.<\/p>\n","protected":false},"excerpt":{"rendered":"<p>Urodzi\u0142 si\u0119 w 1965 r. w Gdyni W grudniu 1984 roku przy\u0142\u0105czy\u0142 si\u0119 do tr\u00f3jmiejskiego oddzia\u0142u \u201eSolidarno\u015bci Walcz\u0105cej\u201d. W ramach dzia\u0142alno\u015bci w tej organizacji zajmowa\u0142 si\u0119 hurtowym kolporta\u017cem podziemnych wydawnictw, w tym m.in.: czasopism \u201eSolidarno\u015b\u0107 Walcz\u0105ca Oddzia\u0142 Tr\u00f3jmiasto\u201d, \u201ePoza Uk\u0142adem\u201d, \u201eGryps\u201d, \u201eCzas\u201d, \u201eSW Stoczni Gda\u0144skiej\u201d, \u201eSW Grupy Stoczni SKP\u201d oraz kart okoliczno\u015bciowych, kalendarzy i ksi\u0105\u017cek. [&hellip;]<\/p>\n","protected":false},"featured_media":1314,"template":"","meta":[],"_links":{"self":[{"href":"http:\/\/ludzie.fundacja-pih.pl\/index.php\/wp-json\/wp\/v2\/product\/1313"}],"collection":[{"href":"http:\/\/ludzie.fundacja-pih.pl\/index.php\/wp-json\/wp\/v2\/product"}],"about":[{"href":"http:\/\/ludzie.fundacja-pih.pl\/index.php\/wp-json\/wp\/v2\/types\/product"}],"wp:featuredmedia":[{"embeddable":true,"href":"http:\/\/ludzie.fundacja-pih.pl\/index.php\/wp-json\/wp\/v2\/media\/1314"}],"wp:attachment":[{"href":"http:\/\/ludzie.fundacja-pih.pl\/index.php\/wp-json\/wp\/v2\/media?parent=1313"}],"curies":[{"name":"wp","href":"https:\/\/api.w.org\/{rel}","templated":true}]}}