{"id":1334,"date":"2021-01-08T09:54:42","date_gmt":"2021-01-08T09:54:42","guid":{"rendered":"http:\/\/ludzie.fundacja-pih.pl\/?post_type=product&#038;p=1334"},"modified":"2025-05-16T14:12:50","modified_gmt":"2025-05-16T14:12:50","slug":"radecka-joanna","status":"publish","type":"product","link":"http:\/\/ludzie.fundacja-pih.pl\/index.php\/product\/radecka-joanna\/","title":{"rendered":"Radecka Joanna"},"content":{"rendered":"<p>ur. w 1942 r. w Wilnie<\/p>\n<p>Od marca 1981 przewodnicz\u0105ca Komisji Ochrony \u015arodowiska przy Zarz\u0105dzie Regionu NSZZ &#8220;S&#8221; w Gda\u0144sku, zajmuje si\u0119 g\u0142\u00f3wnie ska\u017ceniem w\u00f3d Ba\u0142tyku i zagro\u017ceniem ekologii \u017bu\u0142aw. Wsp\u00f3lnie z ekologami podj\u0119\u0142a dzia\u0142ania na rzecz likwidacji zapisu dotycz\u0105cego zagro\u017ce\u0144 \u015brodowiska w ksi\u0119dze cenzury. Od czerwca 1981 &#8211; Wiceprzewodnicz\u0105ca Komisji Ochrony \u015arodowiska przy Krajowej Komisji Porozumiewawczej, gdzie podj\u0119\u0142a prac\u0119 nad niezale\u017cnym raportem o stanie \u015brodowiska-informacje o g\u0142\u00f3wnych niebezpiecze\u0144stwach przekazano delegatom I Zjazdu \u201eSolidarno\u015bci\u201d. Prace nad raportem kontynuowane by\u0142y po wprowadzeniu stanu wojennego przez podziemny Spo\u0142eczny Komitet Ochrony \u015arodowiska i Stowarzyszenie Obrony \u015arodowiska (za\u0142o\u017cone w lipcu 1989 w Krakowie). 28 grudnia 1981 r, wraz z kilkunastoma pracownikami Urz\u0119du Miejskiego w Gda\u0144sku, otrzyma\u0142a od prezydenta miasta wypowiedzenia umowy o prac\u0119 za odmow\u0119 wyst\u0105pienia z NSZZ \u201eSolidarno\u015b\u0107\u201d (zgodnie z poufnym poleceniem Szefa Urz\u0119du Rady Ministr\u00f3w nr Os-61\/82\/81 z dnia 17 grudnia 1981 roku). \u00a0Od 23 grudnia do 31 lipca 1983 tymczasowo aresztowana (postanowienie Prokuratury Marynarki Wojennej w Gdyni z dnia 30 grudnia 1982, znak akt Pm.\u015al. II\u2013441\/82) \u2013 zwolniona na mocy amnestii. Przyczyna aresztu-udzielenie pomocy Teresie Remiszewskiej\u2013Damsz w sporz\u0105dzeniu opracowania \u201eNasze dzi\u015b i nasze jutro\u201d, zawieraj\u0105cego ocen\u0119 sytuacji w kraju i propozycje dzia\u0142a\u0144 dla obrony spo\u0142ecznej i odzyskania niepodleg\u0142o\u015bci Polski. Joanna Radecka posiada status osoby pokrzywdzonej \u2013 za\u015bwiadczenie nr 704\/06 ,wydane przez Oddzia\u0142owe Biuro Udost\u0119pniania i Archiwizacji Dokument\u00f3w IPN w Gda\u0144sku (pismo nr BU Gd\u2013III\u20135532\u2013972(14)05 z dnia 26.07.2006 roku). Dzia\u0142ania opozycyjne kontynuuje poprzez udzia\u0142\u00a0 w inicjatywach i pracach niezale\u017cnych: uczestnictwo w I i II sympozjum \u201eW trosce o dom ojczysty\u201d, zorganizowanych przez Ann\u0119 Walentynowicz w Gda\u0144sku (1986) i w Krakowie (1995). Wsp\u00f3\u0142praca z miesi\u0119cznikiem \u201ePoza Uk\u0142adem, redagowanym przez Joann\u0119 Gwiazd\u0119 (tematyka ekologiczna i ekonomiczna). Udzia\u0142 w\u00a0 Komitecie Za\u0142o\u017cycielskim reaktywowanych w 1990r. WZZ Wybrze\u017ca, aktywny udzia\u0142 w\u00a0 organizacji protestu w latach 1988\u20131990 przeciwko budowie elektrowni j\u0105drowej w \u017barnowcu, podj\u0119tym w \u015bcis\u0142ej wsp\u00f3\u0142pracy z Gda\u0144skim Oddzia\u0142em \u201eSolidarno\u015bci Walcz\u0105cej\u201d.<\/p>\n","protected":false},"excerpt":{"rendered":"<p>ur. w 1942 r. w Wilnie Od marca 1981 przewodnicz\u0105ca Komisji Ochrony \u015arodowiska przy Zarz\u0105dzie Regionu NSZZ &#8220;S&#8221; w Gda\u0144sku, zajmuje si\u0119 g\u0142\u00f3wnie ska\u017ceniem w\u00f3d Ba\u0142tyku i zagro\u017ceniem ekologii \u017bu\u0142aw. Wsp\u00f3lnie z ekologami podj\u0119\u0142a dzia\u0142ania na rzecz likwidacji zapisu dotycz\u0105cego zagro\u017ce\u0144 \u015brodowiska w ksi\u0119dze cenzury. Od czerwca 1981 &#8211; Wiceprzewodnicz\u0105ca Komisji Ochrony \u015arodowiska przy Krajowej [&hellip;]<\/p>\n","protected":false},"featured_media":906,"template":"","meta":[],"_links":{"self":[{"href":"http:\/\/ludzie.fundacja-pih.pl\/index.php\/wp-json\/wp\/v2\/product\/1334"}],"collection":[{"href":"http:\/\/ludzie.fundacja-pih.pl\/index.php\/wp-json\/wp\/v2\/product"}],"about":[{"href":"http:\/\/ludzie.fundacja-pih.pl\/index.php\/wp-json\/wp\/v2\/types\/product"}],"wp:featuredmedia":[{"embeddable":true,"href":"http:\/\/ludzie.fundacja-pih.pl\/index.php\/wp-json\/wp\/v2\/media\/906"}],"wp:attachment":[{"href":"http:\/\/ludzie.fundacja-pih.pl\/index.php\/wp-json\/wp\/v2\/media?parent=1334"}],"curies":[{"name":"wp","href":"https:\/\/api.w.org\/{rel}","templated":true}]}}