{"id":1343,"date":"2021-01-08T09:59:26","date_gmt":"2021-01-08T09:59:26","guid":{"rendered":"http:\/\/ludzie.fundacja-pih.pl\/?post_type=product&#038;p=1343"},"modified":"2025-05-16T14:12:55","modified_gmt":"2025-05-16T14:12:55","slug":"sadowski-slawomir","status":"publish","type":"product","link":"http:\/\/ludzie.fundacja-pih.pl\/index.php\/product\/sadowski-slawomir\/","title":{"rendered":"Sadowski S\u0142awomir"},"content":{"rendered":"<p>Urodzi\u0142 si\u0119 w\u00a01962\u00a0roku w m.\u00a0Gda\u0144sk<\/p>\n<p>Jako student Uniwersytetu Gda\u0144skiego by\u0142 uczestnikiem strajku okupacyjnego, zorganizowanego w listopadzie 1981 roku przez Niezale\u017cne Zrzeszenie Student\u00f3w na rzecz samorz\u0105dno\u015bci wy\u017cszych uczelni oraz wsparcia student\u00f3w protestuj\u0105cych w Radomiu. Po wprowadzeniu stanu wojennego, w dniach 14 &#8211; 15 grudnia 1981 roku uczestniczy\u0142 w akcji protestacyjnej student\u00f3w Uniwersytetu Gda\u0144skiego przeciwko wprowadzeniu stanu wojennego i internowaniu dzia\u0142aczy \u201eSolidarno\u015bci\u201d. Po zako\u0144czonym strajku bra\u0142 udzia\u0142 w ukryciu powielacza nale\u017c\u0105cego do NZS, a nast\u0119pnie drukowa\u0142 i kolportowa\u0142 podziemne ulotki informuj\u0105ce o represjach i wzywaj\u0105ce spo\u0142ecze\u0144stwo do protest\u00f3w. 20 grudnia 1981 roku zosta\u0142 zatrzymany, a nast\u0119pnie na mocy postanowienia Prokuratury Marynarki Wojennej w Gdyni z dnia 22 grudnia 1981 roku tymczasowo aresztowany i osadzony w Areszcie \u015aledczym w Gda\u0144sku. Wyrokiem S\u0105du Marynarki Wojennej w Gdyni z dnia 3 lutego 1982 roku zosta\u0142 skazany na kar\u0119 5 lat pobawienia wolno\u015bci i utrat\u0119 praw publicznych na okres 3 lat. Kar\u0119 wi\u0119zienia odbywa\u0142 w Zak\u0142adach Karnych w Koronowie, W\u0142oc\u0142awku oraz Potulicach. W zwi\u0105zku z postanowieniem S\u0105du Pomorskiego Okr\u0119gu Wojskowego w Bydgoszczy z 28 stycznia 1983 roku o udzieleniu rocznej przerwy w odbywaniu kary, zwolniono go z zak\u0142adu karnego dnia 1 lutego 1983 roku. Wyrok zosta\u0142 uchylony przez Izb\u0119 Wojskow\u0105 S\u0105du Najwy\u017cszego 25 kwietnia 1983 roku, a spraw\u0119 skierowano do ponownego rozpatrzenia. Postanowieniem S\u0105du Marynarki Wojennej w Gdyni z dnia 28 lipca 1983 roku prowadzone wobec S\u0142awomira Sadowskiego post\u0119powanie zosta\u0142o umorzone na mocy amnestii. Podczas kontynuowania studi\u00f3w na Uniwersytecie Gda\u0144skim w latach 1983 &#8211; 1988 dzia\u0142a\u0142 w podziemnych strukturach NZS i kolportowa\u0142 niezale\u017cne wydawnictwa m.in. sygnowane przez \u201eSolidarno\u015b\u0107 Walcz\u0105c\u0105\u201d. W 2019 roku  na podstawie postanowienia Prezydenta RP \u2013 nr 319\/2019 &#8211;  nadano mu Krzy\u017c Wolno\u015bci i Solidarno\u015bci.<\/p>\n","protected":false},"excerpt":{"rendered":"<p>Urodzi\u0142 si\u0119 w\u00a01962\u00a0roku w m.\u00a0Gda\u0144sk Jako student Uniwersytetu Gda\u0144skiego by\u0142 uczestnikiem strajku okupacyjnego, zorganizowanego w listopadzie 1981 roku przez Niezale\u017cne Zrzeszenie Student\u00f3w na rzecz samorz\u0105dno\u015bci wy\u017cszych uczelni oraz wsparcia student\u00f3w protestuj\u0105cych w Radomiu. Po wprowadzeniu stanu wojennego, w dniach 14 &#8211; 15 grudnia 1981 roku uczestniczy\u0142 w akcji protestacyjnej student\u00f3w Uniwersytetu Gda\u0144skiego przeciwko wprowadzeniu stanu [&hellip;]<\/p>\n","protected":false},"featured_media":906,"template":"","meta":[],"_links":{"self":[{"href":"http:\/\/ludzie.fundacja-pih.pl\/index.php\/wp-json\/wp\/v2\/product\/1343"}],"collection":[{"href":"http:\/\/ludzie.fundacja-pih.pl\/index.php\/wp-json\/wp\/v2\/product"}],"about":[{"href":"http:\/\/ludzie.fundacja-pih.pl\/index.php\/wp-json\/wp\/v2\/types\/product"}],"wp:featuredmedia":[{"embeddable":true,"href":"http:\/\/ludzie.fundacja-pih.pl\/index.php\/wp-json\/wp\/v2\/media\/906"}],"wp:attachment":[{"href":"http:\/\/ludzie.fundacja-pih.pl\/index.php\/wp-json\/wp\/v2\/media?parent=1343"}],"curies":[{"name":"wp","href":"https:\/\/api.w.org\/{rel}","templated":true}]}}