{"id":1345,"date":"2021-01-08T10:00:34","date_gmt":"2021-01-08T10:00:34","guid":{"rendered":"http:\/\/ludzie.fundacja-pih.pl\/?post_type=product&#038;p=1345"},"modified":"2025-05-16T14:12:56","modified_gmt":"2025-05-16T14:12:56","slug":"siedlecki-boleslaw","status":"publish","type":"product","link":"http:\/\/ludzie.fundacja-pih.pl\/index.php\/product\/siedlecki-boleslaw\/","title":{"rendered":"Siedlecki Boles\u0142aw"},"content":{"rendered":"<p>Urodzi\u0142 si\u0119 2 lutego 1963 roku w m. Czelad\u017a<\/p>\n<p>We wrze\u015bniu 1980 roku rozpocz\u0105\u0142 dzia\u0142alno\u015b\u0107 w Ruchu M\u0142odej Polski. 29 kwietnia 1982 roku zosta\u0142 aresztowany pod zarzutem za\u0142o\u017cenia w Gda\u0144sku podziemnej organizacji Ruch Oporu M\u0142odych. Zwolniono go z aresztu 29 grudnia 1982 roku. W po\u0142owie lat osiemdziesi\u0105tych XX wieku wst\u0105pi\u0142 do tr\u00f3jmiejskiego oddzia\u0142u \u201eSolidarno\u015bci Walcz\u0105cej\u201d. Od 14 marca 1986 roku by\u0142 rozpracowywany przez Inspektorat 2 SB w Gda\u0144sku w ramach SOR o kryptonimie \u201eO\u015bmiornica\u201d. Kierowa\u0142 grup\u0105 o nazwie Organizacja Wojskowa \u201eSolidarno\u015bci Walcz\u0105cej\u201d i uczestniczy\u0142 w akcji dywersji ideologicznej o nazwie \u201e\u017bo\u0142nierz Solidarny\u201d, adresowanej do kadry Ludowego Wojska Polskiego. <\/p>\n","protected":false},"excerpt":{"rendered":"<p>Urodzi\u0142 si\u0119 2 lutego 1963 roku w m. Czelad\u017a We wrze\u015bniu 1980 roku rozpocz\u0105\u0142 dzia\u0142alno\u015b\u0107 w Ruchu M\u0142odej Polski. 29 kwietnia 1982 roku zosta\u0142 aresztowany pod zarzutem za\u0142o\u017cenia w Gda\u0144sku podziemnej organizacji Ruch Oporu M\u0142odych. Zwolniono go z aresztu 29 grudnia 1982 roku. W po\u0142owie lat osiemdziesi\u0105tych XX wieku wst\u0105pi\u0142 do tr\u00f3jmiejskiego oddzia\u0142u \u201eSolidarno\u015bci Walcz\u0105cej\u201d. [&hellip;]<\/p>\n","protected":false},"featured_media":1346,"template":"","meta":[],"_links":{"self":[{"href":"http:\/\/ludzie.fundacja-pih.pl\/index.php\/wp-json\/wp\/v2\/product\/1345"}],"collection":[{"href":"http:\/\/ludzie.fundacja-pih.pl\/index.php\/wp-json\/wp\/v2\/product"}],"about":[{"href":"http:\/\/ludzie.fundacja-pih.pl\/index.php\/wp-json\/wp\/v2\/types\/product"}],"wp:featuredmedia":[{"embeddable":true,"href":"http:\/\/ludzie.fundacja-pih.pl\/index.php\/wp-json\/wp\/v2\/media\/1346"}],"wp:attachment":[{"href":"http:\/\/ludzie.fundacja-pih.pl\/index.php\/wp-json\/wp\/v2\/media?parent=1345"}],"curies":[{"name":"wp","href":"https:\/\/api.w.org\/{rel}","templated":true}]}}