{"id":1357,"date":"2021-01-08T10:07:12","date_gmt":"2021-01-08T10:07:12","guid":{"rendered":"http:\/\/ludzie.fundacja-pih.pl\/?post_type=product&#038;p=1357"},"modified":"2025-05-16T14:13:01","modified_gmt":"2025-05-16T14:13:01","slug":"stoik-longin","status":"publish","type":"product","link":"http:\/\/ludzie.fundacja-pih.pl\/index.php\/product\/stoik-longin\/","title":{"rendered":"Stojek Longin"},"content":{"rendered":"<p>Urodzi\u0142 si\u0119 22 pa\u017adziernika 1943 roku w Owczarach k. Buska-Zdroju.<\/p>\n<p>W latach 1963 &#8211; 1970 by\u0142 studentem matematyki w gda\u0144skiej Wy\u017cszej Szkole Pedagogicznej (p\u00f3\u017aniej Uniwersytet Gda\u0144ski). W latach 1962 &#8211; 1963 pracowa\u0142 w Gminnej Sp\u00f3\u0142dzielni \u201eSamopomoc Ch\u0142opska\u201d w Gubinie. W 1963 roku by\u0142 pracownikiem Naftobudowy w Krakowie. W latach 1969 &#8211; 1970 pe\u0142ni\u0142 funkcj\u0119 zast\u0119pcy komendanta w Komendzie Pomorskiego Zgrupowania OHP w Szczecinie. W latach 1971 &#8211; 1981 by\u0142 zatrudniony m.in. jako starszy dyspozytor w Przedsi\u0119biorstwie Transportowo-Sprz\u0119towym Budownictwa Transbud Gda\u0144sk Oddzia\u0142 nr 3 w Gdyni-Red\u0142owie. W sierpniu 1980 roku wsp\u00f3\u0142organizowa\u0142 strajk w Transbudzie, by\u0142 przewodnicz\u0105cym KS. By\u0142 r\u00f3wnie\u017c delegatem do MKS w Stoczni Gda\u0144skiej im. Lenina. We wrze\u015bniu 1980 roku wst\u0105pi\u0142 do NSZZ \u201eSolidarno\u015b\u0107\u201d, przewodniczy\u0142 KZ (od kwietnia 1981 roku na etacie). Wchodzi\u0142 w sk\u0142ad Prezydium Komisji Koordynacyjnej Budownictwa przy KKP. W lipcu 1981 by\u0142 delegatem na I WZD Regionu Gda\u0144sk. Po wprowadzeniu stanu wojennego, od 14 do 18 grudnia 1981 roku, wsp\u00f3\u0142organizowa\u0142 strajk w Transbudzie pe\u0142ni\u0105c przy tym funkcj\u0119 przewodnicz\u0105cego KS. Po strajku pozostawa\u0142 w ukryciu, by\u0142 poszukiwany listem go\u0144czym. Zwolniono go z pracy. Od marca do sierpnia 1982 roku  by\u0142 drukarzem i kolporterem podziemnego pisma \u201eBiuletyn Informacyjny\u201d, w Oddzia\u0142ach Transbudu. W latach 1982 &#8211; 1987 wsp\u00f3\u0142pracowa\u0142 z Bogdanem Borusewiczem i RKK Gda\u0144sk. Organizowa\u0142 punkty poligraficzne, drukowa\u0142 i kolportowa\u0142 m.in. podziemne pismo Regionu Gda\u0144sk \u201eSolidarno\u015b\u0107\u201d, \u201eNasz Czas\u201d, \u201eTygodnik Mazowsze\u201d, ksi\u0105\u017cki, plakaty i inne materia\u0142y. Szkoli\u0142 w zakresie technik druku cz\u0142onk\u00f3w Federacji M\u0142odzie\u017cy Walcz\u0105cej, wydaj\u0105cych \u201eBiuletyn Informacyjny Topol\u00f3wka. Pismo m\u0142odzie\u017cy III LO\u201d. W latach 1984 &#8211; 1985 by\u0142 zatrudniony przy pracach dorywczych, m.in. w budownictwie. W latach 1985 &#8211; 2008 by\u0142 pracownikiem techniczno-administracyjnym w Instytucie Oceanologii PAN w Sopocie. W 2008 roku przeszed\u0142 na emerytur\u0119.<\/p>\n","protected":false},"excerpt":{"rendered":"<p>Urodzi\u0142 si\u0119 22 pa\u017adziernika 1943 roku w Owczarach k. Buska-Zdroju. W latach 1963 &#8211; 1970 by\u0142 studentem matematyki w gda\u0144skiej Wy\u017cszej Szkole Pedagogicznej (p\u00f3\u017aniej Uniwersytet Gda\u0144ski). W latach 1962 &#8211; 1963 pracowa\u0142 w Gminnej Sp\u00f3\u0142dzielni \u201eSamopomoc Ch\u0142opska\u201d w Gubinie. W 1963 roku by\u0142 pracownikiem Naftobudowy w Krakowie. W latach 1969 &#8211; 1970 pe\u0142ni\u0142 funkcj\u0119 zast\u0119pcy [&hellip;]<\/p>\n","protected":false},"featured_media":906,"template":"","meta":[],"_links":{"self":[{"href":"http:\/\/ludzie.fundacja-pih.pl\/index.php\/wp-json\/wp\/v2\/product\/1357"}],"collection":[{"href":"http:\/\/ludzie.fundacja-pih.pl\/index.php\/wp-json\/wp\/v2\/product"}],"about":[{"href":"http:\/\/ludzie.fundacja-pih.pl\/index.php\/wp-json\/wp\/v2\/types\/product"}],"wp:featuredmedia":[{"embeddable":true,"href":"http:\/\/ludzie.fundacja-pih.pl\/index.php\/wp-json\/wp\/v2\/media\/906"}],"wp:attachment":[{"href":"http:\/\/ludzie.fundacja-pih.pl\/index.php\/wp-json\/wp\/v2\/media?parent=1357"}],"curies":[{"name":"wp","href":"https:\/\/api.w.org\/{rel}","templated":true}]}}