{"id":1360,"date":"2021-01-08T10:08:33","date_gmt":"2021-01-08T10:08:33","guid":{"rendered":"http:\/\/ludzie.fundacja-pih.pl\/?post_type=product&#038;p=1360"},"modified":"2025-05-16T14:13:02","modified_gmt":"2025-05-16T14:13:02","slug":"szczudlowski-piotr","status":"publish","type":"product","link":"http:\/\/ludzie.fundacja-pih.pl\/index.php\/product\/szczudlowski-piotr\/","title":{"rendered":"Szczud\u0142owski Piotr"},"content":{"rendered":"<p>Urodzi\u0142 si\u0119 w 1961 roku w m. Gda\u0144sk<\/p>\n<p>Piotr Szczud\u0142owski jest absolwentem Wydzia\u0142u Teologii Katolickiego Uniwersytetu Lubelskiego oraz licencjackich studi\u00f3w podyplomowych w Instytucie Historii Ko\u015bcio\u0142a KUL. W 1992 roku obroni\u0142 doktorat z teologii w zakresie historii Ko\u015bcio\u0142a. Ju\u017c podczas nauki w III LO w Gda\u0144sku organizowa\u0142 patriotyczne wyst\u0105pienia m\u0142odzie\u017cy. Od 1977 roku by\u0142 cz\u0142onkiem Ruchu Obrony Praw Cz\u0142owieka i Obywatela, natomiast od 1979 roku dzia\u0142a\u0142 w Ruchu M\u0142odej Polski. W sierpniu 1980 roku uczestniczy\u0142 w strajku w Stoczni Gda\u0144skiej jako drukarz i kolporter materia\u0142\u00f3w MKS. Podczas manifestacji 11 listopada 1980 roku w Lublinie wyg\u0142osi\u0142 przem\u00f3wienie o charakterze antykomunistycznym, za co 14 listopada 1980 roku zosta\u0142 aresztowany. Zwolniono go pod gro\u017ab\u0105 strajku protestacyjnego wy\u017cszych uczelni w Lublinie. Po wprowadzeniu stanu wojennego, 4 stycznia 1982 roku, zosta\u0142 internowany. W trakcie internowania przebywa\u0142 w O\u015brodkach Odosobnienia w I\u0142awie, Kielcach-Piaskach, Rzeszowie-Za\u0142\u0119\u017cu i Nowym \u0141upkowie. Wyszed\u0142 na wolno\u015b\u0107 7 grudnia 1982 roku. Od 1983 roku zaanga\u017cowa\u0142 si\u0119 w dzia\u0142alno\u015b\u0107 niezale\u017cnego ruchu studenckiego oraz lubelskiej Konfederacji Polski Niepodleg\u0142ej. Ponadto kolportowa\u0142 wydawnictwa podziemne, m.in. \u201eInformator Regionu \u015arodkowo-Wschodniego NSZZ \u00abSolidarno\u015b\u0107\u00bb\u201d, ulotki i odezwy. 29 kwietnia 1985 roku Piotr Szczud\u0142owski zosta\u0142 aresztowany za kolporta\u017c ulotek podziemnej \u201eSolidarno\u015bci\u201d, nawo\u0142uj\u0105cych do bojkotu obchod\u00f3w \u015bwi\u0119ta 1 Maja i licznego uczestnictwa w obchodach \u015bwi\u0119ta 3 Maja. 14 wrze\u015bnia 1985 roku, wyrokiem S\u0105du Rejonowego w Lublinie zosta\u0142 skazany na kar\u0119 jednego roku wi\u0119zienia. W 2016 roku  na podstawie postanowienia Prezydenta RP \u2013 nr 515\/2016 &#8211; nadano mu Krzy\u017c Wolno\u015bci i Solidarno\u015bci.<\/p>\n","protected":false},"excerpt":{"rendered":"<p>Urodzi\u0142 si\u0119 w 1961 roku w m. Gda\u0144sk Piotr Szczud\u0142owski jest absolwentem Wydzia\u0142u Teologii Katolickiego Uniwersytetu Lubelskiego oraz licencjackich studi\u00f3w podyplomowych w Instytucie Historii Ko\u015bcio\u0142a KUL. W 1992 roku obroni\u0142 doktorat z teologii w zakresie historii Ko\u015bcio\u0142a. Ju\u017c podczas nauki w III LO w Gda\u0144sku organizowa\u0142 patriotyczne wyst\u0105pienia m\u0142odzie\u017cy. Od 1977 roku by\u0142 cz\u0142onkiem Ruchu [&hellip;]<\/p>\n","protected":false},"featured_media":906,"template":"","meta":[],"_links":{"self":[{"href":"http:\/\/ludzie.fundacja-pih.pl\/index.php\/wp-json\/wp\/v2\/product\/1360"}],"collection":[{"href":"http:\/\/ludzie.fundacja-pih.pl\/index.php\/wp-json\/wp\/v2\/product"}],"about":[{"href":"http:\/\/ludzie.fundacja-pih.pl\/index.php\/wp-json\/wp\/v2\/types\/product"}],"wp:featuredmedia":[{"embeddable":true,"href":"http:\/\/ludzie.fundacja-pih.pl\/index.php\/wp-json\/wp\/v2\/media\/906"}],"wp:attachment":[{"href":"http:\/\/ludzie.fundacja-pih.pl\/index.php\/wp-json\/wp\/v2\/media?parent=1360"}],"curies":[{"name":"wp","href":"https:\/\/api.w.org\/{rel}","templated":true}]}}