{"id":1374,"date":"2021-01-08T10:16:04","date_gmt":"2021-01-08T10:16:04","guid":{"rendered":"http:\/\/ludzie.fundacja-pih.pl\/?post_type=product&#038;p=1374"},"modified":"2025-05-16T14:13:10","modified_gmt":"2025-05-16T14:13:10","slug":"tyrka-andrzej","status":"publish","type":"product","link":"http:\/\/ludzie.fundacja-pih.pl\/index.php\/product\/tyrka-andrzej\/","title":{"rendered":"Tyrka Andrzej Jerzy"},"content":{"rendered":"<p>Urodzi\u0142 si\u0119 3 wrze\u015bnia 1955 roku w Gdyni.<\/p>\n<p>By\u0142 zatrudniony w Stoczni im. Komuny Paryskiej w Gdyni. W 1984 roku wst\u0105pi\u0142 do tr\u00f3jmiejskiego oddzia\u0142u  \u201eSolidarno\u015bci Walcz\u0105cej\u201d. Od 1985 roku do kwietnia 1986 roku by\u0142 zaanga\u017cowany w kolporta\u017c wydawnictw podziemnych. By\u0142 kilkukrotnie prewencyjnie zatrzymywany. Dzia\u0142a\u0142 w konspiracyjnych strukturach NSZZ \u201eSolidarno\u015b\u0107\u201d, nale\u017ca\u0142 do NSZZ \u201eSolidarno\u015b\u0107\u201d Stoczni im. Komuny Paryskiej. W 2018 roku  na podstawie postanowienia Prezydenta RP \u2013 nr 302\/2018 &#8211;  nadano jej Krzy\u017c Wolno\u015bci i Solidarno\u015bci.<\/p>\n","protected":false},"excerpt":{"rendered":"<p>Urodzi\u0142 si\u0119 3 wrze\u015bnia 1955 roku w Gdyni. By\u0142 zatrudniony w Stoczni im. Komuny Paryskiej w Gdyni. W 1984 roku wst\u0105pi\u0142 do tr\u00f3jmiejskiego oddzia\u0142u \u201eSolidarno\u015bci Walcz\u0105cej\u201d. Od 1985 roku do kwietnia 1986 roku by\u0142 zaanga\u017cowany w kolporta\u017c wydawnictw podziemnych. By\u0142 kilkukrotnie prewencyjnie zatrzymywany. Dzia\u0142a\u0142 w konspiracyjnych strukturach NSZZ \u201eSolidarno\u015b\u0107\u201d, nale\u017ca\u0142 do NSZZ \u201eSolidarno\u015b\u0107\u201d Stoczni im. [&hellip;]<\/p>\n","protected":false},"featured_media":1375,"template":"","meta":[],"_links":{"self":[{"href":"http:\/\/ludzie.fundacja-pih.pl\/index.php\/wp-json\/wp\/v2\/product\/1374"}],"collection":[{"href":"http:\/\/ludzie.fundacja-pih.pl\/index.php\/wp-json\/wp\/v2\/product"}],"about":[{"href":"http:\/\/ludzie.fundacja-pih.pl\/index.php\/wp-json\/wp\/v2\/types\/product"}],"wp:featuredmedia":[{"embeddable":true,"href":"http:\/\/ludzie.fundacja-pih.pl\/index.php\/wp-json\/wp\/v2\/media\/1375"}],"wp:attachment":[{"href":"http:\/\/ludzie.fundacja-pih.pl\/index.php\/wp-json\/wp\/v2\/media?parent=1374"}],"curies":[{"name":"wp","href":"https:\/\/api.w.org\/{rel}","templated":true}]}}