{"id":1394,"date":"2021-01-08T10:26:28","date_gmt":"2021-01-08T10:26:28","guid":{"rendered":"http:\/\/ludzie.fundacja-pih.pl\/?post_type=product&#038;p=1394"},"modified":"2025-05-16T14:13:19","modified_gmt":"2025-05-16T14:13:19","slug":"zbucki-zenon","status":"publish","type":"product","link":"http:\/\/ludzie.fundacja-pih.pl\/index.php\/product\/zbucki-zenon\/","title":{"rendered":"Zbucki Zenon"},"content":{"rendered":"<p>Urodzi\u0142 si\u0119 23 grudnia 1952 roku w Nowym Paw\u0142owie.<\/p>\n<p>Dzia\u0142a\u0142 pod ps. \u201eZenek\u201d. By\u0142 zatrudniony w Stoczni im. Komuny Paryskiej w Gdyni. Nale\u017ca\u0142 do \u201eSolidarno\u015bci Walcz\u0105cej\u201d. W ramach dzia\u0142alno\u015bci w SW organizowa\u0142 antyre\u017cimowe manifestacje, kontrdemonstracje, organizowa\u0142 pielgrzymki pracownik\u00f3w. Tworzy\u0142 r\u00f3wnie\u017c satyryczne kuk\u0142y Wojciecha Jaruzelskiego i pozostawia\u0142 je na terenie stoczni. Rozpowszechnia\u0142 materia\u0142y antykomunistyczne w gdy\u0144skiej stoczni im. Komuny Paryskiej. W grudniu 1970 roku uczestniczy\u0142 w pochodzie protestuj\u0105cych. Zosta\u0142 odznaczony Krzy\u017cem Wolno\u015bci i Solidarno\u015bci oraz odznaczeniem Bohater Sierpnia \u201880. Posiada status dzia\u0142acza opozycji antykomunistycznej.<\/p>\n","protected":false},"excerpt":{"rendered":"<p>Urodzi\u0142 si\u0119 23 grudnia 1952 roku w Nowym Paw\u0142owie. Dzia\u0142a\u0142 pod ps. \u201eZenek\u201d. By\u0142 zatrudniony w Stoczni im. Komuny Paryskiej w Gdyni. Nale\u017ca\u0142 do \u201eSolidarno\u015bci Walcz\u0105cej\u201d. W ramach dzia\u0142alno\u015bci w SW organizowa\u0142 antyre\u017cimowe manifestacje, kontrdemonstracje, organizowa\u0142 pielgrzymki pracownik\u00f3w. Tworzy\u0142 r\u00f3wnie\u017c satyryczne kuk\u0142y Wojciecha Jaruzelskiego i pozostawia\u0142 je na terenie stoczni. Rozpowszechnia\u0142 materia\u0142y antykomunistyczne w gdy\u0144skiej [&hellip;]<\/p>\n","protected":false},"featured_media":906,"template":"","meta":[],"_links":{"self":[{"href":"http:\/\/ludzie.fundacja-pih.pl\/index.php\/wp-json\/wp\/v2\/product\/1394"}],"collection":[{"href":"http:\/\/ludzie.fundacja-pih.pl\/index.php\/wp-json\/wp\/v2\/product"}],"about":[{"href":"http:\/\/ludzie.fundacja-pih.pl\/index.php\/wp-json\/wp\/v2\/types\/product"}],"wp:featuredmedia":[{"embeddable":true,"href":"http:\/\/ludzie.fundacja-pih.pl\/index.php\/wp-json\/wp\/v2\/media\/906"}],"wp:attachment":[{"href":"http:\/\/ludzie.fundacja-pih.pl\/index.php\/wp-json\/wp\/v2\/media?parent=1394"}],"curies":[{"name":"wp","href":"https:\/\/api.w.org\/{rel}","templated":true}]}}