{"id":1414,"date":"2021-01-18T11:07:13","date_gmt":"2021-01-18T11:07:13","guid":{"rendered":"http:\/\/ludzie.fundacja-pih.pl\/?post_type=product&#038;p=1414"},"modified":"2025-05-16T14:13:22","modified_gmt":"2025-05-16T14:13:22","slug":"miotke-malgorzata","status":"publish","type":"product","link":"http:\/\/ludzie.fundacja-pih.pl\/index.php\/product\/miotke-malgorzata\/","title":{"rendered":"Miotke Ma\u0142gorzata"},"content":{"rendered":"<p>W 1976 wysz\u0142a za m\u0105\u017c za Jerzego Miotke. Wychowywali dwie c\u00f3rki. Wysi\u0142ek rodziny skierowany by\u0142 w du\u017cym stopniu na opiek\u0119 nad ci\u0119\u017cko chor\u0105 na serce m\u0142odsz\u0105 c\u00f3rk\u0105. M\u0105\u017c Jerzy w 1980 r. bra\u0142 czynny udzia\u0142 w strajku stoczni im. Komuny Paryskiej w Gdyni, a w latach osiemdziesi\u0105tych dzia\u0142a\u0142 w podziemiu Solidarno\u015bci, zwi\u0105zany z Solidarno\u015bci\u0105 Walcz\u0105c\u0105. Dom pa\u0144stwa Miotke by\u0142 miejscem spotka\u0144, kolporta\u017cu i przechowywania nielegalnych wydawnictw. Ma\u0142gorzata w latach \u201980 pracowa\u0142a jako nauczyciel j\u0119zyk niemieckiego w Szkole Podstawowej nr 41 na Ob\u0142u\u017cu. P\u00f3\u017aniej w Stoczni Gdynia. W swoich dzia\u0142aniach wspiera\u0142a m\u0119\u017ca oraz Solidarno\u015b\u0107 Walcz\u0105c\u0105. Obecnie pracownik Miejskiego O\u015brodka Pomocy Spo\u0142ecznej.<\/p>\n","protected":false},"excerpt":{"rendered":"<p>W 1976 wysz\u0142a za m\u0105\u017c za Jerzego Miotke. Wychowywali dwie c\u00f3rki. Wysi\u0142ek rodziny skierowany by\u0142 w du\u017cym stopniu na opiek\u0119 nad ci\u0119\u017cko chor\u0105 na serce m\u0142odsz\u0105 c\u00f3rk\u0105. M\u0105\u017c Jerzy w 1980 r. bra\u0142 czynny udzia\u0142 w strajku stoczni im. Komuny Paryskiej w Gdyni, a w latach osiemdziesi\u0105tych dzia\u0142a\u0142 w podziemiu Solidarno\u015bci, zwi\u0105zany z Solidarno\u015bci\u0105 Walcz\u0105c\u0105. [&hellip;]<\/p>\n","protected":false},"featured_media":906,"template":"","meta":[],"_links":{"self":[{"href":"http:\/\/ludzie.fundacja-pih.pl\/index.php\/wp-json\/wp\/v2\/product\/1414"}],"collection":[{"href":"http:\/\/ludzie.fundacja-pih.pl\/index.php\/wp-json\/wp\/v2\/product"}],"about":[{"href":"http:\/\/ludzie.fundacja-pih.pl\/index.php\/wp-json\/wp\/v2\/types\/product"}],"wp:featuredmedia":[{"embeddable":true,"href":"http:\/\/ludzie.fundacja-pih.pl\/index.php\/wp-json\/wp\/v2\/media\/906"}],"wp:attachment":[{"href":"http:\/\/ludzie.fundacja-pih.pl\/index.php\/wp-json\/wp\/v2\/media?parent=1414"}],"curies":[{"name":"wp","href":"https:\/\/api.w.org\/{rel}","templated":true}]}}