{"id":1430,"date":"2021-01-25T11:02:23","date_gmt":"2021-01-25T11:02:23","guid":{"rendered":"http:\/\/ludzie.fundacja-pih.pl\/?post_type=product&#038;p=1430"},"modified":"2025-05-16T14:13:24","modified_gmt":"2025-05-16T14:13:24","slug":"borowski-adam","status":"publish","type":"product","link":"http:\/\/ludzie.fundacja-pih.pl\/index.php\/product\/borowski-adam\/","title":{"rendered":"Borowski Adam"},"content":{"rendered":"<p>Urodzi\u0142 si\u0119 21 VII 1955 w Warszawie. <\/p>\n<p>W 1975 roku uko\u0144czy\u0142 Technikum Mechaniczne nr 1 w Warszawie. Od 1979 roku studiowa\u0142 w trybie zaocznym histori\u0119 na Uniwersytecie Warszawskim. Po wprowadzeniu stanu wojennego zosta\u0142 relegowany z uczelni. W latach 1975 \u2013 1976 by\u0142 zatrudniony w Miejskim Przedsi\u0119biorstwie Materia\u0142\u00f3w Budowlanych w Warszawie. W latach 1976 \u2013 1979 pracowa\u0142 w warszawskim Przedsi\u0119biorstwie Budowy Sieci Cieplnych. W latach 1979 \u2013 1986 w Miejskim Przedsi\u0119biorstwie Rob\u00f3t Elektrycznych (MPRE) w Warszawie. Od stycznia 1980 roku kolportowa\u0142 niezale\u017cne czasopism w tym m.in. \u201eBiuletyn Informacyjny KSS KOR\u201d, \u201eRobotnika\u201d, a tak\u017ce wydawnictwa NOWa. We wrze\u015bniu 1980 roku wst\u0105pi\u0142 do NSZZ \u201eSolidarno\u015b\u0107\u201d. Pe\u0142ni\u0142 funkcj\u0119 przewodnicz\u0105cego Komitetu Za\u0142o\u017cycielskiego, a nast\u0119pnie KZ w MPRE. By\u0142 pracownikiem spo\u0142ecznym Komisji Interwencji i Mediacji \u201eS\u201d Regionu Mazowsze. Po wprowadzeniu stanu wojennego w dniach 14 \u2013 15 grudnia 1981 roku, zorganizowa\u0142 strajk w swoim zak\u0142adzie pracy. Po rozwi\u0105zaniu strajku pozostawa\u0142 w ukryciu. By\u0142 organizatorem struktury podziemnej CDN, p\u00f3\u017aniej MRKS. By\u0142 r\u00f3wnie\u017c organizatorem i koordynatorem tzw. s\u0142u\u017cb specjalnych MRKS. W 1982 roku by\u0142 pomys\u0142odawc\u0105 i wsp\u00f3\u0142organizatorem niezale\u017cnego pochodu pierwszomajowego. 31 maja 1982 roku  wsp\u00f3\u0142organizowa\u0142 po\u0142o\u017cenie p\u0142yty marmurowej na Placu Zwyci\u0119stwa ku czci poleg\u0142ych g\u00f3rnik\u00f3w w kopalni \u201eWujek\u201d. Wraz z Jerzym Bogumi\u0142em, Miros\u0142awem Radzikowskim i Kazimierzem Hintzem bra\u0142 udzia\u0142 w akcji uwolnienia postrzelonego przez MO Jana Naro\u017cniaka ze szpitala przy ul. Banacha w Warszawie. 10 lipca 1982 roku zosta\u0142 aresztowany i osadzony w Areszcie \u015aledczym Warszawa-Mokot\u00f3w. 19 maja 1983 roku zosta\u0142 skazany przez S\u0105d Warszawskiego Okr\u0119gu Wojskowego na kar\u0119 3,5 roku pozbawienia wolno\u015bci. W wyniku apelacji prokuratorskiej wyrok podwy\u017cszono do 6 lat wi\u0119zienia. W lipcu 1983 roku, na mocy amnestii, kar\u0119 t\u0119 zmniejszono o po\u0142ow\u0119. 19 lipca 1984 roku Adam Borowski zosta\u0142 warunkowo zwolniony. W 1985 roku wsp\u00f3\u0142zak\u0142ada\u0142 Niezale\u017cne Wydawnictwo Ksi\u0105\u017ckowe \u201eWers\u201d. W tym samym roku zosta\u0142 zaprzysi\u0119\u017conym cz\u0142onkiem \u201eSolidarno\u015bci Walcz\u0105cej\u201d, organizowa\u0142 te\u017c jej warszawskie struktury. W 1987 roku zosta\u0142 za\u0142o\u017cycielem wydawnictwa \u201eSolidarno\u015bci Walcz\u0105cej\u201d \u201ePrawy Margines\u201d. W latach 1987 \u2013 1989 by\u0142 wydawc\u0105 podziemnego pisma Solidarno\u015bci Walcz\u0105cej \u201eHoryzont\u201d. W lipcu 1989 roku, razem z \u017con\u0105 Miros\u0142aw\u0105 \u0141\u0105tkowsk\u0105, za\u0142o\u017cy\u0142 Oficyn\u0119 Wydawnicz\u0105 \u201eVolumen\u201d. W 1993 roku zosta\u0142 odznaczony medalem Rady Ochrony Pami\u0119ci Walk i M\u0119cze\u0144stwa, w 1997 roku otrzyma\u0142 br\u0105zowy medal \u201eZa zas\u0142ugi dla obronno\u015bci kraju\u201d, w 2006 roku Krzy\u017ce Komandorski Orderu Odrodzenia Polski. W 2000 roku zosta\u0142 wyr\u00f3\u017cniony odznak\u0105 Zas\u0142u\u017cony Dzia\u0142acz Kultury. Od 21 czerwca 1982 roku by\u0142 rozpracowywany przez Wydzia\u0142 XIII\/VI Dep. II MSW\/Wydz. III-2 SUSW w ramach SOR o kryptonimie \u201eKomandor\u201d. Zdj\u0119to z ewidencji 11 stycznia 1990 roku. <\/p>\n","protected":false},"excerpt":{"rendered":"<p>Urodzi\u0142 si\u0119 21 VII 1955 w Warszawie. W 1975 roku uko\u0144czy\u0142 Technikum Mechaniczne nr 1 w Warszawie. Od 1979 roku studiowa\u0142 w trybie zaocznym histori\u0119 na Uniwersytecie Warszawskim. Po wprowadzeniu stanu wojennego zosta\u0142 relegowany z uczelni. W latach 1975 \u2013 1976 by\u0142 zatrudniony w Miejskim Przedsi\u0119biorstwie Materia\u0142\u00f3w Budowlanych w Warszawie. W latach 1976 \u2013 1979 [&hellip;]<\/p>\n","protected":false},"featured_media":1431,"template":"","meta":[],"_links":{"self":[{"href":"http:\/\/ludzie.fundacja-pih.pl\/index.php\/wp-json\/wp\/v2\/product\/1430"}],"collection":[{"href":"http:\/\/ludzie.fundacja-pih.pl\/index.php\/wp-json\/wp\/v2\/product"}],"about":[{"href":"http:\/\/ludzie.fundacja-pih.pl\/index.php\/wp-json\/wp\/v2\/types\/product"}],"wp:featuredmedia":[{"embeddable":true,"href":"http:\/\/ludzie.fundacja-pih.pl\/index.php\/wp-json\/wp\/v2\/media\/1431"}],"wp:attachment":[{"href":"http:\/\/ludzie.fundacja-pih.pl\/index.php\/wp-json\/wp\/v2\/media?parent=1430"}],"curies":[{"name":"wp","href":"https:\/\/api.w.org\/{rel}","templated":true}]}}