{"id":1434,"date":"2021-01-25T11:06:56","date_gmt":"2021-01-25T11:06:56","guid":{"rendered":"http:\/\/ludzie.fundacja-pih.pl\/?post_type=product&#038;p=1434"},"modified":"2025-05-16T14:13:26","modified_gmt":"2025-05-16T14:13:26","slug":"bugajski-slawomir","status":"publish","type":"product","link":"http:\/\/ludzie.fundacja-pih.pl\/index.php\/product\/bugajski-slawomir\/","title":{"rendered":"Bugajski S\u0142awomir"},"content":{"rendered":"<p>Urodzi\u0142 si\u0119 15 listopada 1941 roku w B\u0119dzinie, zm. 6 marca 2003 roku w Katowicach.<\/p>\n<p>W 1965 roku uko\u0144czy\u0142 studia na Wydziale Matematyczno-Fizyczno-Chemicznym Uniwersytetu Jagiello\u0144skiego. W 1970 roku uzyska\u0142 tytu\u0142 doktora. W 2002 roku habilitacj\u0119. W latach 1965 \u2013 1982 by\u0142 pracownikiem naukowo-dydaktycznym w Zak\u0142adzie Fizyki Teoretycznej Instytutu Fizyki Uniwersytetu \u015al\u0105skiego (do 1968 Filia UJ). W latatch 1960\u20131980 nale\u017ca\u0142 do PZPR, pe\u0142ni\u0142 funkcj\u0119 sekretarza POP w Filii UJ w Katowicach (do 1968). Po wprowadzeniu stanu wojennego, w grudniu 1981 roku wsp\u00f3\u0142tworzy\u0142 Konspiracyjny Komitet Oporu Uniwersytetu \u015al\u0105skiego zrzeszaj\u0105cego pracownik\u00f3w naukowych Wydzia\u0142u Matematyki, Fizyki i Chemii. By\u0142 tak\u017ce pomys\u0142odawc\u0105, autorem i redaktorem naczelnym podziemnego \u201eBiuletynu KKO Uniwersytetu \u015al\u0105skiego\u201d. Pisa\u0142 do niego pod pseudonimami:  Gen. Gruba, Albin S. 13 maja 1982 roku po demonstracji przed rektoratem, zosta\u0142 zatrzymany. Natomiast 15 maja tego samego roku, internowany w o\u015brodku odosobnienia w Zabrzu \u2013 Zaborzu. Z internowania zwolniono go 24 czerwca 1982 roku, po czym zosta\u0142 zwolniony z pracy. Do 1986 roku by\u0142 obj\u0119ty zakazem zatrudnienia w szko\u0142ach wy\u017cszych. W latach 1983 \u2013 1986 pracowa\u0142 jako rzemie\u015blnik. W pa\u017adzierniku 1982 roku za\u0142o\u017cy\u0142 katowicki oddzia\u0142 \u201eSolidarno\u015bci Walcz\u0105cej\u201d, by\u0142 jej zaprzysi\u0119\u017conym cz\u0142onkiem i przewodnicz\u0105cym do 1985 roku. W latach 1982 \u2013 1991 pe\u0142ni\u0142 funkcj\u0119 redaktora naczelnego pisma \u201eWolni i Solidarni\u201d, kt\u00f3rego by\u0142 r\u00f3wnie\u017c pomys\u0142odawc\u0105 i jednym z g\u0142\u00f3wnych autor\u00f3w (pseudonimy: Alfred B., Gruba). W latach 1983\u20131985 by\u0142 redaktorem naczelnym pisma \u201eSolidarno\u015bci Walcz\u0105cej\u201d pt. \u201ePodziemny Informator Katowicki\u201d, a od 1988 roku autorem (ps. Norbert Liszka, Jan Wysocki). 2 wrze\u015bnia 1983 roku zosta\u0142 skazany przez kolegium ds. wykrocze\u0144 w Katowicach na grzywn\u0119 za udzia\u0142 w akcji bojkotu \u015brodk\u00f3w masowego transportu, kt\u00f3ry mia\u0142 miejsce 31 sierpnia 1983 roku. W pa\u017adzierniku 1985 roku zosta\u0142 pobity podczas akcji liczenia frekwencji w wyborach do Sejmu PRL. Kilkana\u015bcie razy zatrzymywano go na 48 godzin. W latach 1986 \u2013 1989 by\u0142 pracownikiem naukowo \u2013 dydaktycznym na Politechnice Krakowskiej, natomiast w latach 1990 \u2013 2003, na Uniwersytecie \u015al\u0105skim. By\u0142 autorem wielu publikacji z dziedziny fizyki teoretycznej w krajowych i zagranicznych czasopismach naukowych. W 2007 roku zosta\u0142 odznaczony po\u015bmiertnie Krzy\u017cem Oficerskim Orderu Odrodzenia Polski. W latach 1987 \u2013 1990 by\u0142 rozpracowywany przez Wydz. III\/WSiA WUSW w Katowicach w ramach SOR o kryptonimie \u201eO\u015bmiornica\u201d.<\/p>\n","protected":false},"excerpt":{"rendered":"<p>Urodzi\u0142 si\u0119 15 listopada 1941 roku w B\u0119dzinie, zm. 6 marca 2003 roku w Katowicach. W 1965 roku uko\u0144czy\u0142 studia na Wydziale Matematyczno-Fizyczno-Chemicznym Uniwersytetu Jagiello\u0144skiego. W 1970 roku uzyska\u0142 tytu\u0142 doktora. W 2002 roku habilitacj\u0119. W latach 1965 \u2013 1982 by\u0142 pracownikiem naukowo-dydaktycznym w Zak\u0142adzie Fizyki Teoretycznej Instytutu Fizyki Uniwersytetu \u015al\u0105skiego (do 1968 Filia UJ). [&hellip;]<\/p>\n","protected":false},"featured_media":1435,"template":"","meta":[],"_links":{"self":[{"href":"http:\/\/ludzie.fundacja-pih.pl\/index.php\/wp-json\/wp\/v2\/product\/1434"}],"collection":[{"href":"http:\/\/ludzie.fundacja-pih.pl\/index.php\/wp-json\/wp\/v2\/product"}],"about":[{"href":"http:\/\/ludzie.fundacja-pih.pl\/index.php\/wp-json\/wp\/v2\/types\/product"}],"wp:featuredmedia":[{"embeddable":true,"href":"http:\/\/ludzie.fundacja-pih.pl\/index.php\/wp-json\/wp\/v2\/media\/1435"}],"wp:attachment":[{"href":"http:\/\/ludzie.fundacja-pih.pl\/index.php\/wp-json\/wp\/v2\/media?parent=1434"}],"curies":[{"name":"wp","href":"https:\/\/api.w.org\/{rel}","templated":true}]}}