{"id":1438,"date":"2021-01-25T11:20:17","date_gmt":"2021-01-25T11:20:17","guid":{"rendered":"http:\/\/ludzie.fundacja-pih.pl\/?post_type=product&#038;p=1438"},"modified":"2025-05-16T14:13:27","modified_gmt":"2025-05-16T14:13:27","slug":"falicki-pawel-barnaba","status":"publish","type":"product","link":"http:\/\/ludzie.fundacja-pih.pl\/index.php\/product\/falicki-pawel-barnaba\/","title":{"rendered":"Falicki Pawe\u0142 Barnaba"},"content":{"rendered":"<p>Urodzi\u0142 si\u0119 11 czerwca 1954 roku w Lublinie.<\/p>\n<p>W 1979 roku uko\u0144czy\u0142 Wydzia\u0142 Matematyki i Informatyki na Uniwersytecie Wroc\u0142awskim. W latach 1979 \u2013 1982 by\u0142 programist\u0105 systemowego Centrum Obliczeniowego Uniwersytetu Wroc\u0142awskiego. W latach 1982 \u2013 1984 pracowa\u0142 jako programista w Pracowni Modeli Matematycznych w Instytucie Meteorologii i Gospodarki Wodnej we Wroc\u0142awiu. W latach 1984 \u2013 1986 pe\u0142ni\u0142 funkcj\u0119 kierownika pracowni informatycznej Instytutu Chemii Uniwersytetu Wroc\u0142awskiego. W latatch 1986 \u2013 1988 by\u0142 wsp\u00f3\u0142za\u0142o\u017cycielem i prezesem Zarz\u0105du Sp\u00f3\u0142dzielni Elektroniczno-Informatycznej Inel we Wroc\u0142awiu. W czasie studi\u00f3w by\u0142 nak\u0142aniany przez SB do wsp\u00f3\u0142pracy. W latach 1979 \u2013 1988 kolportowa\u0142 niezale\u017cne, a nast\u0119pnie podziemne wydawnictwa na terenie Wroc\u0142awia, w tym m.in. \u201eG\u0142os\u201d, \u201eBiuletyn Informacyjny\u201d KSS KOR, \u201eNiepodleg\u0142o\u015b\u0107\u201d, \u201eBiuletyn Dolno\u015bl\u0105ski\u201d. Od wrze\u015bnia 1980 roku nale\u017ca\u0142 do NSZZ \u201eSolidarno\u015b\u0107\u201d. Na prze\u0142omie 1980 i 1981 roku by\u0142 wsp\u00f3\u0142organizatorem k\u00f3\u0142 \u201eSolidarno\u015bci Wiejskiej\u201d na Dolnym \u015al\u0105sku. Po wprowadzeniu stanu wojennego zosta\u0142 dzia\u0142aczem wroc\u0142awskiego RKS. Drukowa\u0142 i kolportowa\u0142 niezale\u017cne pismo \u201eZ Dnia na Dzie\u0144\u201d. W czerwcu 1982 roku sta\u0142 si\u0119 wsp\u00f3\u0142za\u0142o\u017cycielem \u201eSolidarno\u015bci Walcz\u0105cej\u201d i wsp\u00f3\u0142autorem jej dokument\u00f3w programowych. Zosta\u0142 cz\u0142onkiem Rady SW odpowiedzialnym g\u0142\u00f3wnie za sie\u0107 kolporta\u017cu na terenie Dolnego \u015al\u0105ska. Wsp\u00f3\u0142pracowa\u0142 z Radiem \u201eSolidarno\u015b\u0107 Walcz\u0105ca\u201d (emisja, wsparcie techniczne), by\u0142 \u0142\u0105cznikiem podziemnych kontakt\u00f3w zagranicznych, przygotowywa\u0142 materia\u0142y SW i po\u015bredniczy\u0142 w ich przekazywaniu kurierom m.in. do RFN, Holandii i Francji, odbieraj\u0105c od nich zarazem sprz\u0119t i materia\u0142y poligraficzne. Po\u015bredniczy\u0142 w nawi\u0105zaniu kontaktu z Kornelem Morawieckim i zaprzysi\u0119\u017ceniu za\u0142o\u017cycieli SW w Lublinie. By\u0142 autorem wielu tekst\u00f3w w prasie podziemnej. W latach 1982\u20131985 by\u0142 za\u0142o\u017cycielem i wydawc\u0105 podziemnego miesi\u0119cznika polityczno-gospodarczego \u201eReplika\u201d, w 1983 roku czeskoj\u0119zycznego dwumiesi\u0119cznika \u201eNazory\u201d (\u201eOpinie\u201d). 28 lutego 1984 roku zosta\u0142 aresztowany pod zarzutem pe\u0142nienia funkcji kierowniczej w \u201eSolidarno\u015bci Walcz\u0105cej\u201d. W okresie od 28 lutego do 2 lipca 1984 roku by\u0142 przetrzymywany w Areszcie \u015aledczym we Wroc\u0142awiu, nast\u0119pnie z nakazu prokuratora zosta\u0142 skierowany na przymusow\u0105 obserwacj\u0119 psychiatryczn\u0105 w szpitalu. 26 wrze\u015bnia 1984 roku \u015bledztwo w jego sprawie umorzono na mocy amnestii. W latach 1984 \u2013 1988 by\u0142 wielokrotnie zatrzymywany na 48 godzin, skazywany na kary grzywny, a w jego domu przed \u015bwi\u0119tami pa\u0144stwowymi i rocznicami patriotycznymi przeprowadzano rewizje. W 1986 roku by\u0142 animatorem i wsp\u00f3\u0142za\u0142o\u017cycielem Dolno\u015bl\u0105skiego Towarzystwa Gospodarczego. Od kwietnia 1988 roku przebywa\u0142 na emigracji w Holandii. W latach 1989\u20132005 pe\u0142ni\u0142 funkcj\u0119 dyrektora holenderskiej firmy Link Europe. Od 1990 by\u0142 publicyst\u0105 tygodnika \u201eNajwy\u017cszy Czas\u201d, nast\u0119pnie miesi\u0119cznika \u201eOpcja na Prawo\u201d i portali internetowych (ekonomia, reporta\u017ce, chrze\u015bcija\u0144stwo, polityka). W 1975 rozpracowywany przez Wydzia\u0142 III KW MO w Lublinie w ramach SOR o kryptonimie \u201eStudent\u201d. W 1976 roku zosta\u0142 zarejestrowany przez Wydzia\u0142 IV KW MO we Wroc\u0142awiu jako TW \u201eBarnaba\u201d, wyrejestrowany po aresztowaniu w 1984 roku, ze wzgl\u0119du na dwulicowo\u015b\u0107. Z relacji Paw\u0142a Falickiego wynika, \u017ce nie podj\u0105\u0142 realnej wsp\u00f3\u0142pracy, a jego spotkania z oficerami SB zako\u0144czy\u0142y si\u0119 przed rokiem 1980.<\/p>\n","protected":false},"excerpt":{"rendered":"<p>Urodzi\u0142 si\u0119 11 czerwca 1954 roku w Lublinie. W 1979 roku uko\u0144czy\u0142 Wydzia\u0142 Matematyki i Informatyki na Uniwersytecie Wroc\u0142awskim. W latach 1979 \u2013 1982 by\u0142 programist\u0105 systemowego Centrum Obliczeniowego Uniwersytetu Wroc\u0142awskiego. W latach 1982 \u2013 1984 pracowa\u0142 jako programista w Pracowni Modeli Matematycznych w Instytucie Meteorologii i Gospodarki Wodnej we Wroc\u0142awiu. W latach 1984 \u2013 [&hellip;]<\/p>\n","protected":false},"featured_media":2705,"template":"","meta":[],"_links":{"self":[{"href":"http:\/\/ludzie.fundacja-pih.pl\/index.php\/wp-json\/wp\/v2\/product\/1438"}],"collection":[{"href":"http:\/\/ludzie.fundacja-pih.pl\/index.php\/wp-json\/wp\/v2\/product"}],"about":[{"href":"http:\/\/ludzie.fundacja-pih.pl\/index.php\/wp-json\/wp\/v2\/types\/product"}],"wp:featuredmedia":[{"embeddable":true,"href":"http:\/\/ludzie.fundacja-pih.pl\/index.php\/wp-json\/wp\/v2\/media\/2705"}],"wp:attachment":[{"href":"http:\/\/ludzie.fundacja-pih.pl\/index.php\/wp-json\/wp\/v2\/media?parent=1438"}],"curies":[{"name":"wp","href":"https:\/\/api.w.org\/{rel}","templated":true}]}}