{"id":1439,"date":"2021-01-25T11:21:11","date_gmt":"2021-01-25T11:21:11","guid":{"rendered":"http:\/\/ludzie.fundacja-pih.pl\/?post_type=product&#038;p=1439"},"modified":"2025-05-16T14:13:27","modified_gmt":"2025-05-16T14:13:27","slug":"ferenc-antoni","status":"publish","type":"product","link":"http:\/\/ludzie.fundacja-pih.pl\/index.php\/product\/ferenc-antoni\/","title":{"rendered":"Ferenc Antoni"},"content":{"rendered":"<p>Urodzi\u0142 si\u0119 15 lipca 1946 roku w Bytomiu, zm. 22 kwietnia 2008 roku we Wroc\u0142awiu.<\/p>\n<p>W 1964 roku uko\u0144czy\u0142 Zasadnicz\u0105 Szko\u0142\u0119 Zawodow\u0105 w I\u0142awie uzyskuj\u0105c profesj\u0119 elektryka. W latach 1964 \u2013 1966 by\u0142 uczniem Technikum Gastronomicznego we Wroc\u0142awiu. W latach 1966 \u2013 1972 pracowa\u0142 jako barman, kelner i kucharz we wroc\u0142awskich lokalach gastronomicznych. W latatch 1972 \u2013 1974 by\u0142 zatrudniony jako elektryk w Zak\u0142adach Hutniczych Metali Nie\u017celaznych \u201eHutmen\u201d we Wroc\u0142awiu. W latatch 1974 \u2013 1976 by\u0142 pracownikiem bazy PKS we Wroc\u0142awiu. W latach 1976 \u2013 1978 pracowa\u0142 w Fabryce Dywan\u00f3w w Kowarach. W latach 1978 \u2013 1981 by\u0142 zatrudniony w Przedsi\u0119biorstwie Budopol we Wroc\u0142awiu. W 1979 roku zosta\u0142 kolporterem wydawnictw niezale\u017cnych w zak\u0142adzie pracy, m.in. \u201eRobotnika\u201d, \u201ePodaj Dalej\u201d i \u201eBiuletynu Dolno\u015bl\u0105skiego\u201d. W 1980 roku Antoni Ferenc pracowa\u0142 w Czechos\u0142owacji na budowie zagranicznej, jednak w zwi\u0105zku z zarzutami g\u0142oszenia antykomunistycznych pogl\u0105d\u00f3w zerwano z nim kontrakt eksportowy.  Od grudnia 1981 roku nie mia\u0142 sta\u0142ego zatrudnienia, utrzymywa\u0142 si\u0119 z prac dorywczych, g\u0142\u00f3wnie remont\u00f3w. W sierpniu 1980 roku by\u0142 wsp\u00f3\u0142organizatorem strajk\u00f3w we Wroc\u0142awiu. We wrze\u015bniu tego samego roku zosta\u0142 wsp\u00f3\u0142organizatorem struktur zwi\u0105zkowych NSZZ \u201eSolidarno\u015b\u0107\u201d w Budopolu i ich cz\u0142onkiem. 14 grudnia 1981 roku zorganizowa\u0142 w akcie protestu przeciwko wprowadzeniu stanu wojennego zorganizowa\u0142 strajk w swoim zak\u0142adzie pracy, z kt\u00f3rego wkr\u00f3tce zosta\u0142 za to zwolniony. Od 17 do 23 grudnia 1981 roku bra\u0142 udzia\u0142 w akcji malowania antyre\u017cimowych napis\u00f3w na murach, a tak\u017ce w akcjach ulotkowych. Na pocz\u0105tku 1982 roku sta\u0142 si\u0119 wsp\u00f3\u0142tw\u00f3rc\u0105 Narodowej Organizacji Wyzwole\u0144czej Lechia. Uczestniczy\u0142 w wi\u0119kszo\u015bci demonstracji organizowanych przez wroc\u0142awsk\u0105 opozycj\u0119. W roku 1982 zwi\u0105za\u0142 si\u0119 z Duszpasterstwem Ludzi Pracy przy parafii \u015bw. Klemensa Dworzaka we Wroc\u0142awiu, a nast\u0119pnie tak\u017ce przy wroc\u0142awskiej parafii Chrystusa Kr\u00f3la. Od  kwietnia 1982 roku nale\u017ca\u0142 do redakcji podziemnego pisma \u201eGoniec Polski\u201d, zajmowa\u0142 si\u0119 tak\u017ce jego drukowaniem. Jesieni\u0105 1982 roku doprowadzi\u0142 do przy\u0142\u0105czenia NOW Lechia do struktur \u201eSolidarno\u015bci Walcz\u0105cej\u201d, kt\u00f3rej zosta\u0142 cz\u0142onkiem. Antoni Ferenc w ramach SW stworzy\u0142 kilka autonomicznych siatek drukarsko-kolporta\u017cowych i przeprowadzi\u0142 wiele szkole\u0144 z zasad konspiracji. W czerwcu 1984 roku zosta\u0142 zatrzymany i osadzony w Areszcie \u015aledczym WUSW we Wroc\u0142awiu, zwolniono go 27 lipca tego samego roku na mocy amnestii. W 1989 roku zosta\u0142 cz\u0142onkiem Klubu My\u015bli Politycznej \u201eWolni i Solidarni\u201d. By\u0142 rozpracowywany przez Insp. II WUSW we Wroc\u0142awiu w ramach SOR o kryptonimie \u201eKangur\u201d.<\/p>\n","protected":false},"excerpt":{"rendered":"<p>Urodzi\u0142 si\u0119 15 lipca 1946 roku w Bytomiu, zm. 22 kwietnia 2008 roku we Wroc\u0142awiu. W 1964 roku uko\u0144czy\u0142 Zasadnicz\u0105 Szko\u0142\u0119 Zawodow\u0105 w I\u0142awie uzyskuj\u0105c profesj\u0119 elektryka. W latach 1964 \u2013 1966 by\u0142 uczniem Technikum Gastronomicznego we Wroc\u0142awiu. W latach 1966 \u2013 1972 pracowa\u0142 jako barman, kelner i kucharz we wroc\u0142awskich lokalach gastronomicznych. W latatch [&hellip;]<\/p>\n","protected":false},"featured_media":2706,"template":"","meta":[],"_links":{"self":[{"href":"http:\/\/ludzie.fundacja-pih.pl\/index.php\/wp-json\/wp\/v2\/product\/1439"}],"collection":[{"href":"http:\/\/ludzie.fundacja-pih.pl\/index.php\/wp-json\/wp\/v2\/product"}],"about":[{"href":"http:\/\/ludzie.fundacja-pih.pl\/index.php\/wp-json\/wp\/v2\/types\/product"}],"wp:featuredmedia":[{"embeddable":true,"href":"http:\/\/ludzie.fundacja-pih.pl\/index.php\/wp-json\/wp\/v2\/media\/2706"}],"wp:attachment":[{"href":"http:\/\/ludzie.fundacja-pih.pl\/index.php\/wp-json\/wp\/v2\/media?parent=1439"}],"curies":[{"name":"wp","href":"https:\/\/api.w.org\/{rel}","templated":true}]}}