{"id":1444,"date":"2021-01-25T11:32:40","date_gmt":"2021-01-25T11:32:40","guid":{"rendered":"http:\/\/ludzie.fundacja-pih.pl\/?post_type=product&#038;p=1444"},"modified":"2025-05-16T14:13:29","modified_gmt":"2025-05-16T14:13:29","slug":"gulbinowicz-krzysztof","status":"publish","type":"product","link":"http:\/\/ludzie.fundacja-pih.pl\/index.php\/product\/gulbinowicz-krzysztof\/","title":{"rendered":"Gulbinowicz Krzysztof"},"content":{"rendered":"<p>Urodzi\u0142 si\u0119 6 grudnia 1956 roku we Wroc\u0142awiu, zm. 20 listopada 2009 roku tam\u017ce.<\/p>\n<p>W 1974 roku uko\u0144czy\u0142 ZSZ Przemys\u0142u Poligraficznego we Wroc\u0142awiu i ropocz\u0105\u0142 prac\u0119 we Wroc\u0142awskich Zak\u0142ad\u00f3w Drukarskich. W 1975 roku zosta\u0142 stra\u017cakiem we wroc\u0142awskiej Zawodowej Stra\u017cy Po\u017carnej. W czerwcu 1976 roku porzuci\u0142 s\u0142u\u017cb\u0119 po informacji, \u017ce jego jednostka mo\u017ce zosta\u0107 skierowana do t\u0142umienia protest\u00f3w spo\u0142ecznych (za pomoc\u0105 armatek wodnych). Zosta\u0142 zatrzymany, a zwolniono go dzi\u0119ki za\u015bwiadczeniu z poradni zdrowia psychicznego. By\u0142 zwi\u0105zany z ruchem hippisowskim, gdzie zajmowa\u0142 si\u0119 m.in. wydawaniem pism ulotnych. Od 1976 roku by\u0142 zatrudniony jako pracownik prywatnych punkt\u00f3w ma\u0142ej poligrafii. Wsp\u00f3\u0142organiozwa\u0142  kolporta\u017c i kolportowa\u0142 na Dolnym \u015al\u0105sku takie wydawnictwa niezale\u017cne jak: \u201eBiuletyn Informacyjny\u201d, \u201eRobotnik Wybrze\u017ca\u201d, \u201eBratniak\u201d czy ksi\u0105\u017cki NOWej. W 1979 zaanga\u017cowa\u0142 si\u0119 w druk czasopism niezale\u017cnych wroc\u0142awskiego Studenckiego Ko\u0142a Solidarno\u015bci, Klubu Samoobrony Spo\u0142ecznej Ziemi Dolno\u015bl\u0105skiej, NOWej oraz \u201eBiuletynu Dolno\u015bl\u0105skiego\u201d, kt\u00f3rego w latach osiemdziesi\u0105tych by\u0142 tak\u017ce wsp\u00f3\u0142pracownikiem, redaktorem i publicyst\u0105 (ps. A.B., Anonim, K.G., P.T.-Z., Pytia, M\u0142ody Robotnik). W 1980 roku ropzpocz\u0105\u0142 prac\u0119 w MKZ Wroc\u0142aw, a nast\u0119pnie w ZR Dolny \u015al\u0105sk: drukarz i instruktor poligrafii prowadz\u0105cy szkolenia dla dzia\u0142aczy \u201eS\u201d w zak\u0142adach pracy. W 1981 roku zosta\u0142 wsp\u00f3\u0142za\u0142o\u017cycielem, redaktorem (z Gra\u017cyn\u0105 Malinowsk\u0105) i autorem pisma \u201eDok\u0105d Idziesz?\u201d wychodz\u0105cego przy Spo\u0142ecznym Komitecie Przeciwdzia\u0142ania Narkomanii we Wroc\u0142awiu. Po wprowadzeniu stanu wojennego, zorganizowa\u0142 jedn\u0105 z pierwszych podziemnych drukar\u0144 i poligrafii RKS \u201eSolidarno\u015b\u0107\u201d Dolny \u015al\u0105sk. W 1982 roku zosta\u0142 redaktor podziemnego pisma \u201ePytania\u201d. W lipcu i w sierpniu tego samego roku prowadzi\u0142 szkolenie dla drukarzy wroc\u0142awskich TKZ \u201eSolidarno\u015b\u0107\u201d ze zgrupowania zak\u0142ad\u00f3w pracy Tarnina. W latach 1982 \u2013 1990 nale\u017ca\u0142 do \u201eSolidarno\u015bci Walcz\u0105cej\u201d. W sierpniu 1982 roku by\u0142 wsp\u00f3\u0142za\u0142o\u017cycielem Niezale\u017cn\u0105 Agencj\u0105 Fotograficzn\u0105 Dementi we Wroc\u0142awiu. By\u0142 z ni\u0105 zwi\u0105zany do 1983 roku. Od 1983 roku by\u0142 publicyst\u0105 (ps. J\u00f3zef Ziuk) i wsp\u00f3\u0142pracownikiem wroc\u0142awskiego podziemnego pisma \u201eOgniwo\u201d, oraz autorem (ps. J\u00f3zef Ziuk) broszury \u201eWidziane z podziemia\u201d (wyd. Agencja Informacyjna Solidarno\u015bci Walcz\u0105cej, 1984). W latach 1985 \u2013 1986 razem z Leszkiem Budrewiczem za\u0142o\u017cy\u0142 podziemne czasopismo \u201eZero. Niezale\u017cne Pismo M\u0142odych\u201d, kt\u00f3rego by\u0142 redaktorem i autorem (ps. Wac\u0142aw Szczeg\u00f3lny). W latach 1985 \u2013 1989 by\u0142 redaktorem i autorem w niezale\u017cnym katolickim pi\u015bmie studenckim \u201eSumienie\u201d. Do 1989 roku opublikowa\u0142 wiele artyku\u0142\u00f3w w prasie podziemnej, m.in. w \u201eSolidarno\u015bci Walcz\u0105cej\u201d, \u201eSolidarno\u015bci Dolno\u015bl\u0105skiej\u201d, \u201eZ Dnia na Dzie\u0144\u201d i \u201eWiadomo\u015bciach Bie\u017c\u0105cych\u201d. W po\u0142owie lat osiemdziesi\u0105tych drukowa\u0142 r\u00f3\u017cnorakie wydawnictwa dla organizacji podziemnych takich jak: RKS Dolny \u015al\u0105sk, Ruchu WiP, \u201eSolidarno\u015bci Walcz\u0105cej\u201d, NZS. W 2007 roku zosta\u0142 odznaczony Krzy\u017cem Kawalerskim Orderu Odrodzenia Polski.<\/p>\n","protected":false},"excerpt":{"rendered":"<p>Urodzi\u0142 si\u0119 6 grudnia 1956 roku we Wroc\u0142awiu, zm. 20 listopada 2009 roku tam\u017ce. W 1974 roku uko\u0144czy\u0142 ZSZ Przemys\u0142u Poligraficznego we Wroc\u0142awiu i ropocz\u0105\u0142 prac\u0119 we Wroc\u0142awskich Zak\u0142ad\u00f3w Drukarskich. W 1975 roku zosta\u0142 stra\u017cakiem we wroc\u0142awskiej Zawodowej Stra\u017cy Po\u017carnej. W czerwcu 1976 roku porzuci\u0142 s\u0142u\u017cb\u0119 po informacji, \u017ce jego jednostka mo\u017ce zosta\u0107 skierowana do [&hellip;]<\/p>\n","protected":false},"featured_media":2724,"template":"","meta":[],"_links":{"self":[{"href":"http:\/\/ludzie.fundacja-pih.pl\/index.php\/wp-json\/wp\/v2\/product\/1444"}],"collection":[{"href":"http:\/\/ludzie.fundacja-pih.pl\/index.php\/wp-json\/wp\/v2\/product"}],"about":[{"href":"http:\/\/ludzie.fundacja-pih.pl\/index.php\/wp-json\/wp\/v2\/types\/product"}],"wp:featuredmedia":[{"embeddable":true,"href":"http:\/\/ludzie.fundacja-pih.pl\/index.php\/wp-json\/wp\/v2\/media\/2724"}],"wp:attachment":[{"href":"http:\/\/ludzie.fundacja-pih.pl\/index.php\/wp-json\/wp\/v2\/media?parent=1444"}],"curies":[{"name":"wp","href":"https:\/\/api.w.org\/{rel}","templated":true}]}}