{"id":1446,"date":"2021-01-25T11:38:30","date_gmt":"2021-01-25T11:38:30","guid":{"rendered":"http:\/\/ludzie.fundacja-pih.pl\/?post_type=product&#038;p=1446"},"modified":"2025-05-16T14:13:30","modified_gmt":"2025-05-16T14:13:30","slug":"hyk-jaroslaw","status":"publish","type":"product","link":"http:\/\/ludzie.fundacja-pih.pl\/index.php\/product\/hyk-jaroslaw\/","title":{"rendered":"Hyk Jaros\u0142aw"},"content":{"rendered":"<p>Urodzi\u0142 si\u0119 20 marca 1962 we Wroc\u0142awiu, zm. 18 kwietnia 2022 roku w Warszawie. <\/p>\n<p>W 2010 roku uko\u0144czy\u0142 studia na Wydziale Ekonomii Uczelni Warszawskiej im. Marii Sk\u0142odowskiej-Curie w Warszawie. W latach 1980 \u2013 1984 studiowa\u0142 na Wydziale Melioracji Wodnych \u2013 Oddzia\u0142 Geodezji Urz\u0105dze\u0144 Rolnych &#8211; na Akademii Rolniczej we Wroc\u0142awiu. Od pa\u017adziernika 1981 roku nale\u017ca\u0142 do Niezale\u017cnego Zrzeszenia Student\u00f3w. Od 16 listopada do 12 grudnia tego samego roku bra\u0142 udzia\u0142 w strajku solidarno\u015bciowym ze studentami WSI na Akademii Rolniczej. By\u0142 redaktorem wydawanych w czasie strajku niezale\u017cnych pism \u201eSerwisu Informacyjnego Uczelnianego Komitetu Strajkowego Akademii Rolniczej we Wroc\u0142awiu\u201d oraz \u201eNiebieskiej Alternatywy\u201d i \u201eCzarnej Alternatywy\u201d (ukaza\u0142y si\u0119 12 grudnia 1981 roku). Po wprowadzeniu stanu wojennego, od 13 do 15 grudnia 1981 roku, uczestniczy\u0142 w strajku na AR, a nast\u0119pnie, do 17 grudnia, we Wroc\u0142awskim Przedsi\u0119biorstwie Konstrukcji Stalowych i Urz\u0105dze\u0144 Ch\u0142odniczych i Przemys\u0142owych Mostostal. W grudniu 1981 roku by\u0142 redaktorem podziemnych pism \u201eWRON-ki\u201d, \u201eMonitorek Dolno\u015bl\u0105ski\u201d\/\u201eBiuletynu \u2013 Podaj Dalej\u201d. Od grudnia 1981 roku do 1983 roku wsp\u00f3\u0142organizowa\u0142 podziemne struktur NZS na AR. Od lutego 1982 roku do 1983 roku by\u0142 wsp\u00f3\u0142organizatorem Akademickiego Ruchu Oporu we Wroc\u0142awiu. W latach 1982 \u2013 1990 nale\u017ca\u0142 do \u201eSolidarno\u015bci Walcz\u0105cej\u201d. W latach 1982 \u2013 1989 drukowa\u0142 podziemne czasopisma w tym m.in. \u201eZ Dnia na Dzie\u0144\u201d, \u201eSolidarno\u015b\u0107 Walcz\u0105ca\u201d, \u201eMy\u015bli\u201d, \u201eKOS\u201d, \u201eRezystor\u201d, \u201eCDN\u201d, \u201eWiadomo\u015bci Bie\u017c\u0105ce\u201d, \u201eWalka\u201d, \u201eBiuletyn Wroc\u0142awski ARO\u201d oraz wydawnictwa zwarte. Wsp\u00f3\u0142pracowa\u0142 m.in. z Polsk\u0105 Parti\u0105 Niepodleg\u0142o\u015bciow\u0105, LDPN, Federacj\u0105 M\u0142odzie\u017cy Walcz\u0105cej, kilkoma wroc\u0142awskimi TKZ. 31 sierpnia 1982 roku, w drug\u0105 rocznic\u0119 Porozumie\u0144 Sierpniowych, bra\u0142 udzia\u0142 w demonstracji we Wroc\u0142awiu gdzie zosta\u0142 przejechany przez ci\u0119\u017car\u00f3wk\u0119 ZOMO (zdj\u0119cia z tego zdarzenia obieg\u0142y \u015bwiatowe media). Prze\u017cy\u0142 dzi\u0119ki pomocy demonstrant\u00f3w i skutecznej interwencji chirurgicznej. W latach 1983 \u2013 1987 by\u0142 wielokrotnie zatrzymywany. W 1987 \u2013 1989 uczestniczy\u0142 w happeningach Pomara\u0144czowej Alternatywy we Wroc\u0142awiu. W latach 1984 \u2013 1985 pracowa\u0142 jako technik geodeta we wroc\u0142awskim Instytucie Meteorologii i Gospodarki Wodnej. W latach 1986 \u2013 1987 by\u0142 specjalist\u0105 w zakresie pomiar\u00f3w geodezyjnych w Okr\u0119gowym Przedsi\u0119biorstwie Geodezyjno-Kartograficznym we Wroc\u0142awiu. Od 2011 roku prowadzi w\u0142asne biuro konsultingowe w Warszawie. W 2011 roku zosta\u0142 odznaczony Krzy\u017cem Kawalerskim Orderu Odrodzenia Polski.<\/p>\n","protected":false},"excerpt":{"rendered":"<p>Urodzi\u0142 si\u0119 20 marca 1962 we Wroc\u0142awiu, zm. 18 kwietnia 2022 roku w Warszawie. W 2010 roku uko\u0144czy\u0142 studia na Wydziale Ekonomii Uczelni Warszawskiej im. Marii Sk\u0142odowskiej-Curie w Warszawie. W latach 1980 \u2013 1984 studiowa\u0142 na Wydziale Melioracji Wodnych \u2013 Oddzia\u0142 Geodezji Urz\u0105dze\u0144 Rolnych &#8211; na Akademii Rolniczej we Wroc\u0142awiu. Od pa\u017adziernika 1981 roku nale\u017ca\u0142 [&hellip;]<\/p>\n","protected":false},"featured_media":1447,"template":"","meta":[],"_links":{"self":[{"href":"http:\/\/ludzie.fundacja-pih.pl\/index.php\/wp-json\/wp\/v2\/product\/1446"}],"collection":[{"href":"http:\/\/ludzie.fundacja-pih.pl\/index.php\/wp-json\/wp\/v2\/product"}],"about":[{"href":"http:\/\/ludzie.fundacja-pih.pl\/index.php\/wp-json\/wp\/v2\/types\/product"}],"wp:featuredmedia":[{"embeddable":true,"href":"http:\/\/ludzie.fundacja-pih.pl\/index.php\/wp-json\/wp\/v2\/media\/1447"}],"wp:attachment":[{"href":"http:\/\/ludzie.fundacja-pih.pl\/index.php\/wp-json\/wp\/v2\/media?parent=1446"}],"curies":[{"name":"wp","href":"https:\/\/api.w.org\/{rel}","templated":true}]}}