{"id":1450,"date":"2021-01-25T11:42:08","date_gmt":"2021-01-25T11:42:08","guid":{"rendered":"http:\/\/ludzie.fundacja-pih.pl\/?post_type=product&#038;p=1450"},"modified":"2025-05-16T14:13:32","modified_gmt":"2025-05-16T14:13:32","slug":"jankowski-wojciech","status":"publish","type":"product","link":"http:\/\/ludzie.fundacja-pih.pl\/index.php\/product\/jankowski-wojciech\/","title":{"rendered":"Jankowski Wojciech"},"content":{"rendered":"<p>Urodzi\u0142 si\u0119 27 listopada 1948 roku w Gda\u0144sku.<\/p>\n<p>W 1973 roku uko\u0144czy\u0142 studia na Uniwersytecie Wroc\u0142awskim. W latach 1973 \u2013 1976 pracowa\u0142 jako nauczyciel akademicki na Uniwersytecie Wroc\u0142awskim. W latach 1976 \u2013 1977 by\u0142 pracownikiem Krajowej Agencji Wydawniczej. W latach 1977 \u2013 1979 pracowa\u0142 jako nauczyciel w I LO w Jeleniej G\u00f3rze. W latach 1980 \u2013 1986 by\u0142 wyk\u0142adowc\u0105 na Politechnice Wroc\u0142awskiej. W marcu 1968 roku uczestniczy\u0142 w strajkach i demonstracjach studenckich we Wroc\u0142awiu. W listopadzie 1980 roku wst\u0105pi\u0142 do NSZZ \u201eSolidarno\u015b\u0107\u201d,  przewodniczy\u0142 Komisji Oddzia\u0142owej na Politechnice Wroc\u0142awskiej. W 1981 roku zosta\u0142 autorem publikacji w niezale\u017cnej \u201eSolidarno\u015bci Jeleniog\u00f3rskiej\u201d oraz w \u201eOdrodzeniu. Tygodniku publicystycznym NSZZ \u00abS\u00bb\u201d, do kt\u00f3rego pisa\u0142  artyku\u0142y (ps. \u201eWuj\u201d). Po wprowadzeniu stanu wojennego, w dniach 14 \u2013 15 grudnia 1981 roku, bra\u0142 udzia\u0142 w strajku na Politechnice Wroc\u0142awskiej, szefowa\u0142 redakcji i organizowa\u0142 druk biuletynu strajkowego. W latach 1982 \u2013 1983 prowadzi\u0142 seminaria w ramach dzia\u0142alno\u015bci samokszta\u0142ceniowej wroc\u0142awskich student\u00f3w. Od maja 1982 roku do marca 1983 roku &#8211; z Jackiem Jakubcem i W\u0142adys\u0142awem Kumikiem \u2013 redagowa\u0142 podziemne czasopismo \u201eOdroczenie\u201d, pisa\u0142 do niego artyku\u0142y, by\u0142 r\u00f3wnie\u017c wsp\u00f3\u0142tw\u00f3rc\u0105 redakcji. W latach 1982 \u2013 1987 pe\u0142ni\u0142 funkcj\u0119 redaktora naczelnego miesi\u0119cznika \u201eReplika\u201d wydawanego przez Solidarno\u015b\u0107 Walcz\u0105c\u0105, pisa\u0142 r\u00f3wnie\u017c artyku\u0142y (ps. Wuj i Ernest). W latach 1982 \u2013 1986 dzia\u0142a\u0142 w strukturach podziemnych na Politechnice Wroc\u0142awskiej, zbiera\u0142 sk\u0142adki, kolporter pism podziemnych, m.in.: \u201eZ Dnia na Dzie\u0144\u201d, \u201eBiuletynu Dolno\u015bl\u0105skiego\u201d, \u201eRepliki\u201d, \u201eOdroczenia\u201d. W latach 1982 \u2013 1987 wsp\u00f3\u0142pracowa\u0142 z \u201eSolidarno\u015bci\u0105 Walcz\u0105c\u0105\u201d. W latach 1987 \u2013 1989 wsp\u00f3\u0142pracowa\u0142 z Ruchem Polityki Realnej. W latach 1986 \u2013 1987 pracowa\u0142 jako pomocnik malarza w Sp\u00f3\u0142dzielni Pracy Jutrzenka w Jeleniej G\u00f3rze. W 1987 roku rozpocz\u0105\u0142 prowadzenie dzia\u0142alno\u015bci gospodarczej. W 1989 roku by\u0142 zaanga\u017cowany w kampani\u0119 wyborcz\u0105 KO \u201eS\u201d we Wroc\u0142awiu, w ramach dzia\u0142alno\u015bci w kt\u00f3rej drukowa\u0142 i kolportowa\u0142 plakaty i ulotki. Od po\u0142owy lat dziewi\u0119\u0107dziesi\u0105tych zawodowo zwi\u0105zany z mediami.<\/p>\n","protected":false},"excerpt":{"rendered":"<p>Urodzi\u0142 si\u0119 27 listopada 1948 roku w Gda\u0144sku. W 1973 roku uko\u0144czy\u0142 studia na Uniwersytecie Wroc\u0142awskim. W latach 1973 \u2013 1976 pracowa\u0142 jako nauczyciel akademicki na Uniwersytecie Wroc\u0142awskim. W latach 1976 \u2013 1977 by\u0142 pracownikiem Krajowej Agencji Wydawniczej. W latach 1977 \u2013 1979 pracowa\u0142 jako nauczyciel w I LO w Jeleniej G\u00f3rze. W latach 1980 [&hellip;]<\/p>\n","protected":false},"featured_media":1451,"template":"","meta":[],"_links":{"self":[{"href":"http:\/\/ludzie.fundacja-pih.pl\/index.php\/wp-json\/wp\/v2\/product\/1450"}],"collection":[{"href":"http:\/\/ludzie.fundacja-pih.pl\/index.php\/wp-json\/wp\/v2\/product"}],"about":[{"href":"http:\/\/ludzie.fundacja-pih.pl\/index.php\/wp-json\/wp\/v2\/types\/product"}],"wp:featuredmedia":[{"embeddable":true,"href":"http:\/\/ludzie.fundacja-pih.pl\/index.php\/wp-json\/wp\/v2\/media\/1451"}],"wp:attachment":[{"href":"http:\/\/ludzie.fundacja-pih.pl\/index.php\/wp-json\/wp\/v2\/media?parent=1450"}],"curies":[{"name":"wp","href":"https:\/\/api.w.org\/{rel}","templated":true}]}}