{"id":1465,"date":"2021-01-25T12:00:25","date_gmt":"2021-01-25T12:00:25","guid":{"rendered":"http:\/\/ludzie.fundacja-pih.pl\/?post_type=product&#038;p=1465"},"modified":"2025-05-16T14:13:37","modified_gmt":"2025-05-16T14:13:37","slug":"lazarowicz-helena","status":"publish","type":"product","link":"http:\/\/ludzie.fundacja-pih.pl\/index.php\/product\/lazarowicz-helena\/","title":{"rendered":"Lazarowicz Helena"},"content":{"rendered":"<p>Urodzi\u0142a si\u0119 24 maja 1956 w Raciborzu.<\/p>\n<p>W 1975 roku uko\u0144czy\u0142a nauk\u0119 w Liceum Og\u00f3lnokszta\u0142c\u0105cym Carolinum w Nysie. W latach 1976 \u2013 1978 studiowa\u0142a bibliotekoznawstwo na Uniwersytecie Wroc\u0142awskim. W latach 1978 \u2013 1980 wykonywa\u0142a prace dorywcze, pracowa\u0142a m.in. jako nauczycielka w SP nr 9 we Wroc\u0142awiu. W latach 1979 \u2013 1990 wsp\u00f3\u0142pracowa\u0142a z niezale\u017cnym pismem \u201eBiuletyn Dolno\u015bl\u0105ski\u201d. W ramach tej wsp\u00f3\u0142pracy udost\u0119pnia\u0142a mieszkanie na druk, pracowa\u0142a jako maszynistka i sk\u0142adacz. Od lutego do marca 1980 roku nale\u017ca\u0142a do Obywatelskiego Komitetu Wyborc\u00f3w we Wroc\u0142awiu organizuj\u0105cego bojkot wybor\u00f3w do Sejmu PRL i rad narodowych. Od wrze\u015bnia 1980 roku do grudnia 1981 roku pracowa\u0142a jako drukarz ma\u0142ej poligrafii MKZ we Wroc\u0142awiu\/ZR Dolny \u015al\u0105sk. Kolportowa\u0142a r\u00f3wnie\u017c  wydawnictwa niezale\u017cne, g\u0142\u00f3wnie ksi\u0105\u017cki NOW-ej. Po wprowadzeniu stanu wojennego, od 13 grudnia 1981 roku do maja 1982 roku, wsp\u00f3\u0142pracowa\u0142a z RKS Dolny \u015al\u0105sk. R\u00f3wnolegle, w tym samym okresie, by\u0142a redaktorem, maszynistk\u0105 i sk\u0142adaczem podziemnego pisma \u201eZ Dnia na Dzie\u0144\u201d. Od czerwca 1982 roku do roku 1990 by\u0142a cz\u0142onkiem \u201eSolidarno\u015bci Walcz\u0105cej\u201d. Od kwietnia do wrze\u015bnia 1982 roku wsp\u00f3\u0142pracowa\u0142a z Radiem SW. Do prze\u0142omu listopada i grudnia 1982 roku pozostawa\u0142a w ukryciu. Od lutego do czerwca 1983 roku pracowa\u0142a jako wychowawczyni w internacie przy Technikum \u017beglugi \u015ar\u00f3dl\u0105dowej we Wroc\u0142awiu. Od wrze\u015bnia 1983 roku do stycznia 1986 roku, by\u0142a zatrudniona jako maszynistka we wroc\u0142awskim Przedsi\u0119biorstwie Remontowo-Budowlanym Przemys\u0142u Ceramiki Budowlanej Cerbudowa. Od czerwca 1986 roku do 1987 roku, pracowa\u0142a jako ksi\u0119garz w Pa\u0144stwowym Przedsi\u0119biorstwie Dom Ksi\u0105\u017cki we Wroc\u0142awiu. Od 1987 roku do czerwca 1993 by\u0142a instruktork\u0105 terapii zaj\u0119ciowej we wroc\u0142awskim Wojew\u00f3dzkim Specjalistycznym Zespole Gru\u017alicy i Chor\u00f3b P\u0142uc. Od 1995 roku, Helena Lazarowicz jest w\u0142a\u015bcicielk\u0105 Wydawnictwa Lena we Wroc\u0142awiu oraz wsp\u00f3\u0142pracownikiem Wydawnictwa Wektory. Od 2010 roku nale\u017cy do Stowarzyszenia \u201eSolidarno\u015b\u0107 Walcz\u0105ca\u201d. W 2007 roku zosta\u0142a odznaczona Krzy\u017cem Kawalerskim Orderu Odrodzenia Polski, w 2016 roku Krzy\u017cem Wolno\u015bci i Solidarno\u015bci.<\/p>\n","protected":false},"excerpt":{"rendered":"<p>Urodzi\u0142a si\u0119 24 maja 1956 w Raciborzu. W 1975 roku uko\u0144czy\u0142a nauk\u0119 w Liceum Og\u00f3lnokszta\u0142c\u0105cym Carolinum w Nysie. W latach 1976 \u2013 1978 studiowa\u0142a bibliotekoznawstwo na Uniwersytecie Wroc\u0142awskim. W latach 1978 \u2013 1980 wykonywa\u0142a prace dorywcze, pracowa\u0142a m.in. jako nauczycielka w SP nr 9 we Wroc\u0142awiu. W latach 1979 \u2013 1990 wsp\u00f3\u0142pracowa\u0142a z niezale\u017cnym pismem [&hellip;]<\/p>\n","protected":false},"featured_media":1466,"template":"","meta":[],"_links":{"self":[{"href":"http:\/\/ludzie.fundacja-pih.pl\/index.php\/wp-json\/wp\/v2\/product\/1465"}],"collection":[{"href":"http:\/\/ludzie.fundacja-pih.pl\/index.php\/wp-json\/wp\/v2\/product"}],"about":[{"href":"http:\/\/ludzie.fundacja-pih.pl\/index.php\/wp-json\/wp\/v2\/types\/product"}],"wp:featuredmedia":[{"embeddable":true,"href":"http:\/\/ludzie.fundacja-pih.pl\/index.php\/wp-json\/wp\/v2\/media\/1466"}],"wp:attachment":[{"href":"http:\/\/ludzie.fundacja-pih.pl\/index.php\/wp-json\/wp\/v2\/media?parent=1465"}],"curies":[{"name":"wp","href":"https:\/\/api.w.org\/{rel}","templated":true}]}}